{"id":17983,"date":"2025-02-25T21:56:11","date_gmt":"2025-02-25T21:56:11","guid":{"rendered":"https:\/\/berlinlawfirm.com\/abogados-de-florida-especializados-en-lesiones-laborales\/lesiones-de-hombro-y-compensacion-laboral-en-florida\/"},"modified":"2025-05-14T20:12:10","modified_gmt":"2025-05-14T20:12:10","slug":"lesiones-de-hombro-y-compensacion-laboral-en-florida","status":"publish","type":"page","link":"https:\/\/berlinlawfirm.com\/es\/abogados-de-florida-especializados-en-lesiones-laborales\/lesiones-de-hombro-y-compensacion-laboral-en-florida\/","title":{"rendered":"Lesiones de hombro y compensaci\u00f3n laboral en Florida"},"content":{"rendered":"\n<p>Las lesiones de hombro son una lesi\u00f3n laboral frecuente, pero no insignificante, cubierta por las leyes de indemnizaci\u00f3n de los trabajadores de Florida, y suelen ser consecuencia de movimientos repetitivos, levantar objetos pesados o accidentes como ca\u00eddas. Estas lesiones pueden limitar la movilidad e impedir que los trabajadores realicen su trabajo con eficacia. Las prestaciones de compensaci\u00f3n de los trabajadores de Florida pueden ayudar a cubrir el tratamiento m\u00e9dico, la fisioterapia y los salarios perdidos mientras el empleado se recupera. Si se impugna o deniega una reclamaci\u00f3n, un abogado experto en indemnizaci\u00f3n por accidente laboral puede ayudarte.     <\/p>\n\n<p>En el bufete de abogados Berl\u00edn tratamos con seriedad todas las lesiones laborales y dedicamos nuestra pr\u00e1ctica a superar la oposici\u00f3n del seguro de accidentes de trabajo. Cuando las compa\u00f1\u00edas de seguros quieren minimizar tu situaci\u00f3n, nosotros estamos aqu\u00ed para tratarte con el m\u00e1ximo respeto, cuidado y atenci\u00f3n.Nos aseguraremos de que obtengas la indemnizaci\u00f3n por accidente laboral y el tratamiento que necesitas y al que tienes derecho. Llama hoy mismo para hablar con un <a href=\"https:\/\/berlinlawfirm.com\/es\/abogados-de-compensacion-laboral-de-florida\/\" target=\"_blank\" rel=\"noreferrer noopener\">abogado de indemnizaci\u00f3n laboral de Florida<\/a>.  <\/p>\n\n<figure class=\"wp-block-image size-full\"><img fetchpriority=\"high\" decoding=\"async\" width=\"1000\" height=\"364\" src=\"https:\/\/berlinlawfirm.com\/wp-content\/uploads\/2023\/10\/iStock-1187793943-shoulder-injury-doctor.jpg\" alt=\"Un m&#xE9;dico ayuda a ajustar el hombro y el brazo de un paciente lesionado\" class=\"wp-image-13192\" srcset=\"https:\/\/berlinlawfirm.com\/wp-content\/uploads\/2023\/10\/iStock-1187793943-shoulder-injury-doctor.jpg 1000w, https:\/\/berlinlawfirm.com\/wp-content\/uploads\/2023\/10\/iStock-1187793943-shoulder-injury-doctor-300x109.jpg 300w, https:\/\/berlinlawfirm.com\/wp-content\/uploads\/2023\/10\/iStock-1187793943-shoulder-injury-doctor-768x280.jpg 768w\" sizes=\"(max-width: 1000px) 100vw, 1000px\" \/><\/figure>\n\n<h2 class=\"wp-block-heading\">Tipos comunes de lesiones de hombro relacionadas con el trabajo  <\/h2>\n\n<p>Una lesi\u00f3n de hombro relacionada con el trabajo se refiere a cualquier da\u00f1o o deterioro del hombro sufrido al realizar tareas relacionadas con el trabajo.  <\/p>\n\n<p>Entre las lesiones habituales del hombro relacionadas con el trabajo est\u00e1n las roturas del manguito de los rotadores, el pinzamiento del hombro, las luxaciones, la bursitis y las distensiones o esguinces.  <\/p>\n\n<p>Estas afecciones pueden causar dolor, movilidad limitada e incapacidad para realizar tareas laborales rutinarias, y a menudo requieren tratamiento m\u00e9dico, fisioterapia o incluso cirug\u00eda. La indemnizaci\u00f3n por accidente laboral suele cubrir estas lesiones si est\u00e1n directamente relacionadas con actividades laborales.   <\/p>\n\n<h2 class=\"wp-block-heading\">Causas de las lesiones de hombro en el trabajo  <\/h2>\n\n<p>Las causas de las lesiones de hombro en el trabajo incluyen las siguientes:  <\/p>\n\n<ul class=\"wp-block-list\">\n<li><strong>Movimiento repetitivo.  <\/strong>Realizar repetidamente el mismo movimiento, como levantar o alcanzar objetos, puede forzar el hombro con el tiempo y provocar lesiones como tendinitis o bursitis.  <\/li>\n\n\n\n<li><strong>Sobreesfuerzo.  <\/strong>Levantar, tirar o empujar objetos demasiado pesados puede causar distensiones musculares, desgarros o lesiones articulares en el hombro.  <\/li>\n\n\n\n<li><strong>Ca\u00eddas.  <\/strong>Los resbalones, tropiezos o ca\u00eddas pueden provocar lesiones traum\u00e1ticas del hombro, como fracturas, luxaciones o desgarros del manguito rotador.  <\/li>\n\n\n\n<li><strong>T\u00e9cnicas de elevaci\u00f3n inadecuadas.  <\/strong>Una mala postura o mec\u00e1nica corporal al levantar peso puede ejercer una tensi\u00f3n excesiva sobre el hombro, provocando lesiones.  <\/li>\n\n\n\n<li><strong>Impacto o colisi\u00f3n.  <\/strong>Ser golpeado por objetos que caen o chocar con maquinaria u otros trabajadores puede causar lesiones agudas de hombro.  <\/li>\n\n\n\n<li><strong>Trabajo prolongado por encima de la cabeza.  <\/strong>Los trabajos que requieren estirarse por encima de la cabeza durante periodos prolongados, como la pintura o los trabajos el\u00e9ctricos, aumentan el riesgo de lesiones del manguito rotador y de s\u00edndrome de pinzamiento.  <\/li>\n\n\n\n<li><strong>Cuestiones ergon\u00f3micas.  <\/strong>Una mala configuraci\u00f3n del puesto de trabajo o la falta de herramientas adecuadas pueden forzar movimientos o posturas inc\u00f3modos, contribuyendo con el tiempo a la sobrecarga de los hombros.  <\/li>\n<\/ul>\n\n<p>Si sufres una lesi\u00f3n de hombro en el trabajo, navegar por el proceso de indemnizaci\u00f3n laboral puede ser todo un reto. Consultar a un <a href=\"https:\/\/berlinlawfirm.com\/es\/abogados-de-compensacion-laboral-de-florida\/\" target=\"_blank\" rel=\"noreferrer noopener\">abogado con experiencia en compensaci\u00f3n de los trabajadores de Florida<\/a> puede ayudarte a garantizar que la compa\u00f1\u00eda de seguros tramita correctamente tu reclamaci\u00f3n y que recibes las prestaciones que mereces por tu recuperaci\u00f3n.   <\/p>\n\n<h2 class=\"wp-block-heading\">Indemnizaci\u00f3n por accidente laboral Acuerdo sobre lesiones de hombro  <\/h2>\n\n<p>De 2021 a 2022, los trabajadores lesionados en el trabajo recibieron<a href=\"https:\/\/injuryfacts.nsc.org\/work\/costs\/workers-compensation-costs\/\" target=\"_blank\" rel=\"noreferrer noopener\"> una media de 51.750 $<\/a> por lesiones relacionadas con el hombro. Sin embargo, <strong>la cantidad que recibas puede depender de<\/strong>:   <\/p>\n\n<ul class=\"wp-block-list\">\n<li>La gravedad de tu lesi\u00f3n  <\/li>\n\n\n\n<li>La atenci\u00f3n m\u00e9dica que necesitas para curarte adecuadamente  <\/li>\n\n\n\n<li>Tus ingresos semanales medios antes de la lesi\u00f3n  <\/li>\n\n\n\n<li>Tu pron\u00f3stico a largo plazo  <\/li>\n<\/ul>\n\n<p>Generalmente, los pagos de la indemnizaci\u00f3n por accidente laboral cubren los gastos m\u00e9dicos y los salarios perdidos o la reducci\u00f3n de la capacidad de ganancia. Tambi\u00e9n puede cubrir la rehabilitaci\u00f3n profesional en los casos en que la lesi\u00f3n te impida volver a tu puesto anterior. Si tu lesi\u00f3n de hombro provoca da\u00f1os permanentes o una incapacidad que te impide volver al trabajo, puedes tener derecho a una indemnizaci\u00f3n adicional.    <\/p>\n\n<h2 class=\"wp-block-heading\">Por qu\u00e9 elegir el bufete Berl\u00edn  <\/h2>\n\n<p>Trabajamos estrechamente con cada individuo para determinar el mejor curso de acci\u00f3n.Nos aseguraremos de que se te proporcione todo el tratamiento m\u00e9dico disponible y de que recibas todos y cada uno de los salarios perdidos a los que tengas derecho seg\u00fan la ley de Florida.  <\/p>\n\n<p>Nuestro equipo tambi\u00e9n se asegurar\u00e1 de que la compa\u00f1\u00eda de seguros te pague un acuerdo justo y razonable que te compense adecuadamente por el valor total de tu reclamaci\u00f3n por lesi\u00f3n de hombro. Nuestro bufete se ocupa exclusivamente de las reclamaciones de indemnizaci\u00f3n de los trabajadores de Florida, lo que garantiza que tengas a tu lado a un equipo dedicado y especializado.   <\/p>\n\n<p>Hemos llevado miles de casos para la compa\u00f1\u00eda de seguros y sabemos exactamente lo que hacen.En el bufete Berl\u00edn, tu reclamaci\u00f3n se tramitar\u00e1 con el m\u00e1ximo cuidado y diligencia para que te indemnicen justamente y con la menor preocupaci\u00f3n.  <\/p>\n\n<h2 class=\"wp-block-heading\">Contacta con el bufete Berl\u00edn para una consulta gratuita  <\/h2>\n\n<p>El bufete Berl\u00edn ofrece un servicio inigualable a nuestros clientes que se enfrentan a la oposici\u00f3n de las compa\u00f1\u00edas de seguros. Trabajamos incansablemente en tu nombre para orientarte sobre tu lesi\u00f3n y tu indemnizaci\u00f3n. <a href=\"https:\/\/berlinlawfirm.com\/es\/ponte-en-contacto-con\/\" target=\"_blank\" rel=\"noreferrer noopener\">Programa hoy mismo una consulta gratuita y sin compromiso<\/a>.  <\/p>\n\t\t<div data-elementor-type=\"container\" data-elementor-id=\"16321\" class=\"elementor elementor-16321 elementor-14631\" data-elementor-post-type=\"elementor_library\">\n\t\t\t\t<div class=\"elementor-element elementor-element-2b8e40a e-con-full e-flex e-con e-child\" data-id=\"2b8e40a\" data-element_type=\"container\" data-e-type=\"container\" data-settings=\"{&quot;background_background&quot;:&quot;classic&quot;}\">\n\t\t<div class=\"elementor-element elementor-element-7534b971 e-con-full e-flex e-con e-child\" data-id=\"7534b971\" data-element_type=\"container\" data-e-type=\"container\">\n\t\t<div class=\"elementor-element elementor-element-6d9b117e e-con-full e-flex e-con e-child\" data-id=\"6d9b117e\" data-element_type=\"container\" data-e-type=\"container\" data-settings=\"{&quot;background_background&quot;:&quot;classic&quot;}\">\n\t\t\t\t<div class=\"elementor-element elementor-element-21fb8c08 elementor-widget elementor-widget-image\" data-id=\"21fb8c08\" data-element_type=\"widget\" data-e-type=\"widget\" data-widget_type=\"image.default\">\n\t\t\t\t\t\t\t\t\t\t\t\t\t\t\t<img decoding=\"async\" width=\"165\" height=\"232\" src=\"https:\/\/berlinlawfirm.com\/wp-content\/uploads\/2024\/03\/berlinlawfirm-vertical-logo.png\" class=\"attachment-large size-large wp-image-15897\" alt=\"Bufete Berl\u00edn\" \/>\t\t\t\t\t\t\t\t\t\t\t\t\t\t\t<\/div>\n\t\t\t\t<\/div>\n\t\t<div class=\"elementor-element elementor-element-45ffa703 e-con-full e-flex e-con e-child\" data-id=\"45ffa703\" data-element_type=\"container\" data-e-type=\"container\">\n\t\t\t\t<div class=\"elementor-element elementor-element-3b2926ca elementor-widget elementor-widget-heading\" data-id=\"3b2926ca\" data-element_type=\"widget\" data-e-type=\"widget\" data-widget_type=\"heading.default\">\n\t\t\t\t\t<h2 class=\"elementor-heading-title elementor-size-default\">Comenta gratis tu demanda por accidente laboral<\/h2>\t\t\t\t<\/div>\n\t\t\t\t<div class=\"elementor-element elementor-element-b58588c elementor-widget elementor-widget-text-editor\" data-id=\"b58588c\" data-element_type=\"widget\" data-e-type=\"widget\" data-widget_type=\"text-editor.default\">\n\t\t\t\t\t\t\t\t\t<p>Inf\u00f3rmate sobre los tipos de indemnizaci\u00f3n a los que puedes optar y obt\u00e9n respuesta a tus preguntas. Llama hoy mismo.<\/p>\n\t\t\t\t\t\t\t\t<\/div>\n\t\t\t\t<\/div>\n\t\t\t\t<\/div>\n\t\t<div class=\"elementor-element elementor-element-2f87cb0a e-con-full e-flex e-con e-child\" data-id=\"2f87cb0a\" data-element_type=\"container\" data-e-type=\"container\">\n\t\t\t\t<div class=\"elementor-element elementor-element-29a3b651 elementor-tablet-align-center elementor-mobile-align-center elementor-widget elementor-widget-button\" data-id=\"29a3b651\" data-element_type=\"widget\" data-e-type=\"widget\" data-widget_type=\"button.default\">\n\t\t\t\t\t\t\t\t\t\t<a class=\"elementor-button elementor-button-link elementor-size-xl elementor-animation-grow\" href=\"tel:9417777000\">\n\t\t\t\t\t\t<span class=\"elementor-button-content-wrapper\">\n\t\t\t\t\t\t\t\t\t<span class=\"elementor-button-text\">941.777.7000<\/span>\n\t\t\t\t\t<\/span>\n\t\t\t\t\t<\/a>\n\t\t\t\t\t\t\t\t<\/div>\n\t\t\t\t<div class=\"elementor-element elementor-element-355548df elementor-widget-tablet__width-auto elementor-align-center elementor-widget__width-initial elementor-widget elementor-widget-button\" data-id=\"355548df\" data-element_type=\"widget\" data-e-type=\"widget\" data-widget_type=\"button.default\">\n\t\t\t\t\t\t\t\t\t\t<a class=\"elementor-button elementor-button-link elementor-size-sm elementor-animation-grow\" href=\"https:\/\/berlinlawfirm.com\/es\/ponte-en-contacto-con\/\">\n\t\t\t\t\t\t<span class=\"elementor-button-content-wrapper\">\n\t\t\t\t\t\t\t\t\t<span class=\"elementor-button-text\">Consulta gratuita<\/span>\n\t\t\t\t\t<\/span>\n\t\t\t\t\t<\/a>\n\t\t\t\t\t\t\t\t<\/div>\n\t\t\t\t<\/div>\n\t\t\t\t<\/div>\n\t\t\t\t<\/div>\n\t\t\n","protected":false},"excerpt":{"rendered":"<p>Las lesiones de hombro son una lesi\u00f3n laboral frecuente, pero no insignificante, cubierta por las leyes de indemnizaci\u00f3n de los trabajadores de Florida, y suelen ser consecuencia de movimientos repetitivos, levantar objetos pesados o accidentes como ca\u00eddas. Estas lesiones pueden limitar la movilidad e impedir que los trabajadores realicen su trabajo con eficacia. Las prestaciones [&hellip;]<\/p>\n","protected":false},"author":28,"featured_media":0,"parent":16123,"menu_order":0,"comment_status":"closed","ping_status":"closed","template":"","meta":{"_acf_changed":false,"footnotes":""},"class_list":["post-17983","page","type-page","status-publish","hentry"],"acf":[],"yoast_head":"<!-- This site is optimized with the Yoast SEO plugin v27.2 - https:\/\/yoast.com\/product\/yoast-seo-wordpress\/ -->\n<title>Lesiones de Hombro y Compensaci\u00f3n Laboral en Florida | Berlin Law Firm<\/title>\n<meta name=\"description\" content=\"\u00bfNecesitas ayuda con tu reclamaci\u00f3n de indemnizaci\u00f3n laboral por lesiones en el hombro? Nuestros abogados del bufete Berlin est\u00e1n preparados para ayudarte. Consultas gratuitas.\" \/>\n<meta name=\"robots\" content=\"index, follow, max-snippet:-1, max-image-preview:large, max-video-preview:-1\" \/>\n<link rel=\"canonical\" href=\"https:\/\/berlinlawfirm.com\/es\/abogados-de-florida-especializados-en-lesiones-laborales\/lesiones-de-hombro-y-compensacion-laboral-en-florida\/\" \/>\n<meta property=\"og:locale\" content=\"es_ES\" \/>\n<meta property=\"og:type\" content=\"article\" \/>\n<meta property=\"og:title\" content=\"Lesiones de Hombro y Compensaci\u00f3n Laboral en Florida | Berlin Law Firm\" \/>\n<meta property=\"og:description\" content=\"\u00bfNecesitas ayuda con tu reclamaci\u00f3n de indemnizaci\u00f3n laboral por lesiones en el hombro? Nuestros abogados del bufete Berlin est\u00e1n preparados para ayudarte. Consultas gratuitas.\" \/>\n<meta property=\"og:url\" content=\"https:\/\/berlinlawfirm.com\/es\/abogados-de-florida-especializados-en-lesiones-laborales\/lesiones-de-hombro-y-compensacion-laboral-en-florida\/\" \/>\n<meta property=\"og:site_name\" content=\"Berlin Law Firm\" \/>\n<meta property=\"article:publisher\" content=\"https:\/\/www.facebook.com\/berlinlawfirm\" \/>\n<meta property=\"article:modified_time\" content=\"2025-05-14T20:12:10+00:00\" \/>\n<meta property=\"og:image\" content=\"https:\/\/berlinlawfirm.com\/wp-content\/uploads\/2023\/10\/iStock-1187793943-shoulder-injury-doctor.jpg\" \/>\n\t<meta property=\"og:image:width\" content=\"1000\" \/>\n\t<meta property=\"og:image:height\" content=\"364\" \/>\n\t<meta property=\"og:image:type\" content=\"image\/jpeg\" \/>\n<meta name=\"twitter:card\" content=\"summary_large_image\" \/>\n<script type=\"application\/ld+json\" class=\"yoast-schema-graph\">{\"@context\":\"https:\/\/schema.org\",\"@graph\":[{\"@type\":\"WebPage\",\"@id\":\"https:\/\/berlinlawfirm.com\/es\/abogados-de-florida-especializados-en-lesiones-laborales\/lesiones-de-hombro-y-compensacion-laboral-en-florida\/\",\"url\":\"https:\/\/berlinlawfirm.com\/es\/abogados-de-florida-especializados-en-lesiones-laborales\/lesiones-de-hombro-y-compensacion-laboral-en-florida\/\",\"name\":\"Lesiones de Hombro y Compensaci\u00f3n Laboral en Florida | Berlin Law Firm\",\"isPartOf\":{\"@id\":\"https:\/\/berlinlawfirm.com\/es\/#website\"},\"primaryImageOfPage\":{\"@id\":\"https:\/\/berlinlawfirm.com\/es\/abogados-de-florida-especializados-en-lesiones-laborales\/lesiones-de-hombro-y-compensacion-laboral-en-florida\/#primaryimage\"},\"image\":{\"@id\":\"https:\/\/berlinlawfirm.com\/es\/abogados-de-florida-especializados-en-lesiones-laborales\/lesiones-de-hombro-y-compensacion-laboral-en-florida\/#primaryimage\"},\"thumbnailUrl\":\"https:\/\/berlinlawfirm.com\/wp-content\/uploads\/2023\/10\/iStock-1187793943-shoulder-injury-doctor.jpg\",\"datePublished\":\"2025-02-25T21:56:11+00:00\",\"dateModified\":\"2025-05-14T20:12:10+00:00\",\"description\":\"\u00bfNecesitas ayuda con tu reclamaci\u00f3n de indemnizaci\u00f3n laboral por lesiones en el hombro? Nuestros abogados del bufete Berlin est\u00e1n preparados para ayudarte. Consultas gratuitas.\",\"breadcrumb\":{\"@id\":\"https:\/\/berlinlawfirm.com\/es\/abogados-de-florida-especializados-en-lesiones-laborales\/lesiones-de-hombro-y-compensacion-laboral-en-florida\/#breadcrumb\"},\"inLanguage\":\"es\",\"potentialAction\":[{\"@type\":\"ReadAction\",\"target\":[\"https:\/\/berlinlawfirm.com\/es\/abogados-de-florida-especializados-en-lesiones-laborales\/lesiones-de-hombro-y-compensacion-laboral-en-florida\/\"]}]},{\"@type\":\"ImageObject\",\"inLanguage\":\"es\",\"@id\":\"https:\/\/berlinlawfirm.com\/es\/abogados-de-florida-especializados-en-lesiones-laborales\/lesiones-de-hombro-y-compensacion-laboral-en-florida\/#primaryimage\",\"url\":\"https:\/\/berlinlawfirm.com\/wp-content\/uploads\/2023\/10\/iStock-1187793943-shoulder-injury-doctor.jpg\",\"contentUrl\":\"https:\/\/berlinlawfirm.com\/wp-content\/uploads\/2023\/10\/iStock-1187793943-shoulder-injury-doctor.jpg\"},{\"@type\":\"BreadcrumbList\",\"@id\":\"https:\/\/berlinlawfirm.com\/es\/abogados-de-florida-especializados-en-lesiones-laborales\/lesiones-de-hombro-y-compensacion-laboral-en-florida\/#breadcrumb\",\"itemListElement\":[{\"@type\":\"ListItem\",\"position\":1,\"name\":\"Home\",\"item\":\"https:\/\/berlinlawfirm.com\/es\/\"},{\"@type\":\"ListItem\",\"position\":2,\"name\":\"Abogados de Florida especializados en lesiones laborales\",\"item\":\"https:\/\/berlinlawfirm.com\/es\/abogados-de-florida-especializados-en-lesiones-laborales\/\"},{\"@type\":\"ListItem\",\"position\":3,\"name\":\"Lesiones de hombro y compensaci\u00f3n laboral en Florida\"}]},{\"@type\":\"WebSite\",\"@id\":\"https:\/\/berlinlawfirm.com\/es\/#website\",\"url\":\"https:\/\/berlinlawfirm.com\/es\/\",\"name\":\"Berlin Law Firm\",\"description\":\"Workers&#039; Compensation Lawyers\",\"publisher\":{\"@id\":\"https:\/\/berlinlawfirm.com\/es\/#organization\"},\"potentialAction\":[{\"@type\":\"SearchAction\",\"target\":{\"@type\":\"EntryPoint\",\"urlTemplate\":\"https:\/\/berlinlawfirm.com\/es\/?s={search_term_string}\"},\"query-input\":{\"@type\":\"PropertyValueSpecification\",\"valueRequired\":true,\"valueName\":\"search_term_string\"}}],\"inLanguage\":\"es\"},{\"@type\":\"Organization\",\"@id\":\"https:\/\/berlinlawfirm.com\/es\/#organization\",\"name\":\"Berlin Law Firm\",\"url\":\"https:\/\/berlinlawfirm.com\/es\/\",\"logo\":{\"@type\":\"ImageObject\",\"inLanguage\":\"es\",\"@id\":\"https:\/\/berlinlawfirm.com\/es\/#\/schema\/logo\/image\/\",\"url\":\"https:\/\/berlinlawfirm.com\/wp-content\/uploads\/2022\/10\/berlin-law-icon.png\",\"contentUrl\":\"https:\/\/berlinlawfirm.com\/wp-content\/uploads\/2022\/10\/berlin-law-icon.png\",\"width\":136,\"height\":150,\"caption\":\"Berlin Law Firm\"},\"image\":{\"@id\":\"https:\/\/berlinlawfirm.com\/es\/#\/schema\/logo\/image\/\"},\"sameAs\":[\"https:\/\/www.facebook.com\/berlinlawfirm\",\"https:\/\/www.instagram.com\/berlinlawfirm\/\",\"https:\/\/www.linkedin.com\/in\/berlin-law-firm-364702128\"]}]}<\/script>\n<!-- \/ Yoast SEO plugin. -->","yoast_head_json":{"title":"Lesiones de Hombro y Compensaci\u00f3n Laboral en Florida | Berlin Law Firm","description":"\u00bfNecesitas ayuda con tu reclamaci\u00f3n de indemnizaci\u00f3n laboral por lesiones en el hombro? Nuestros abogados del bufete Berlin est\u00e1n preparados para ayudarte. Consultas gratuitas.","robots":{"index":"index","follow":"follow","max-snippet":"max-snippet:-1","max-image-preview":"max-image-preview:large","max-video-preview":"max-video-preview:-1"},"canonical":"https:\/\/berlinlawfirm.com\/es\/abogados-de-florida-especializados-en-lesiones-laborales\/lesiones-de-hombro-y-compensacion-laboral-en-florida\/","og_locale":"es_ES","og_type":"article","og_title":"Lesiones de Hombro y Compensaci\u00f3n Laboral en Florida | Berlin Law Firm","og_description":"\u00bfNecesitas ayuda con tu reclamaci\u00f3n de indemnizaci\u00f3n laboral por lesiones en el hombro? Nuestros abogados del bufete Berlin est\u00e1n preparados para ayudarte. Consultas gratuitas.","og_url":"https:\/\/berlinlawfirm.com\/es\/abogados-de-florida-especializados-en-lesiones-laborales\/lesiones-de-hombro-y-compensacion-laboral-en-florida\/","og_site_name":"Berlin Law Firm","article_publisher":"https:\/\/www.facebook.com\/berlinlawfirm","article_modified_time":"2025-05-14T20:12:10+00:00","og_image":[{"width":1000,"height":364,"url":"https:\/\/berlinlawfirm.com\/wp-content\/uploads\/2023\/10\/iStock-1187793943-shoulder-injury-doctor.jpg","type":"image\/jpeg"}],"twitter_card":"summary_large_image","schema":{"@context":"https:\/\/schema.org","@graph":[{"@type":"WebPage","@id":"https:\/\/berlinlawfirm.com\/es\/abogados-de-florida-especializados-en-lesiones-laborales\/lesiones-de-hombro-y-compensacion-laboral-en-florida\/","url":"https:\/\/berlinlawfirm.com\/es\/abogados-de-florida-especializados-en-lesiones-laborales\/lesiones-de-hombro-y-compensacion-laboral-en-florida\/","name":"Lesiones de Hombro y Compensaci\u00f3n Laboral en Florida | Berlin Law Firm","isPartOf":{"@id":"https:\/\/berlinlawfirm.com\/es\/#website"},"primaryImageOfPage":{"@id":"https:\/\/berlinlawfirm.com\/es\/abogados-de-florida-especializados-en-lesiones-laborales\/lesiones-de-hombro-y-compensacion-laboral-en-florida\/#primaryimage"},"image":{"@id":"https:\/\/berlinlawfirm.com\/es\/abogados-de-florida-especializados-en-lesiones-laborales\/lesiones-de-hombro-y-compensacion-laboral-en-florida\/#primaryimage"},"thumbnailUrl":"https:\/\/berlinlawfirm.com\/wp-content\/uploads\/2023\/10\/iStock-1187793943-shoulder-injury-doctor.jpg","datePublished":"2025-02-25T21:56:11+00:00","dateModified":"2025-05-14T20:12:10+00:00","description":"\u00bfNecesitas ayuda con tu reclamaci\u00f3n de indemnizaci\u00f3n laboral por lesiones en el hombro? Nuestros abogados del bufete Berlin est\u00e1n preparados para ayudarte. Consultas gratuitas.","breadcrumb":{"@id":"https:\/\/berlinlawfirm.com\/es\/abogados-de-florida-especializados-en-lesiones-laborales\/lesiones-de-hombro-y-compensacion-laboral-en-florida\/#breadcrumb"},"inLanguage":"es","potentialAction":[{"@type":"ReadAction","target":["https:\/\/berlinlawfirm.com\/es\/abogados-de-florida-especializados-en-lesiones-laborales\/lesiones-de-hombro-y-compensacion-laboral-en-florida\/"]}]},{"@type":"ImageObject","inLanguage":"es","@id":"https:\/\/berlinlawfirm.com\/es\/abogados-de-florida-especializados-en-lesiones-laborales\/lesiones-de-hombro-y-compensacion-laboral-en-florida\/#primaryimage","url":"https:\/\/berlinlawfirm.com\/wp-content\/uploads\/2023\/10\/iStock-1187793943-shoulder-injury-doctor.jpg","contentUrl":"https:\/\/berlinlawfirm.com\/wp-content\/uploads\/2023\/10\/iStock-1187793943-shoulder-injury-doctor.jpg"},{"@type":"BreadcrumbList","@id":"https:\/\/berlinlawfirm.com\/es\/abogados-de-florida-especializados-en-lesiones-laborales\/lesiones-de-hombro-y-compensacion-laboral-en-florida\/#breadcrumb","itemListElement":[{"@type":"ListItem","position":1,"name":"Home","item":"https:\/\/berlinlawfirm.com\/es\/"},{"@type":"ListItem","position":2,"name":"Abogados de Florida especializados en lesiones laborales","item":"https:\/\/berlinlawfirm.com\/es\/abogados-de-florida-especializados-en-lesiones-laborales\/"},{"@type":"ListItem","position":3,"name":"Lesiones de hombro y compensaci\u00f3n laboral en Florida"}]},{"@type":"WebSite","@id":"https:\/\/berlinlawfirm.com\/es\/#website","url":"https:\/\/berlinlawfirm.com\/es\/","name":"Berlin Law Firm","description":"Workers&#039; Compensation Lawyers","publisher":{"@id":"https:\/\/berlinlawfirm.com\/es\/#organization"},"potentialAction":[{"@type":"SearchAction","target":{"@type":"EntryPoint","urlTemplate":"https:\/\/berlinlawfirm.com\/es\/?s={search_term_string}"},"query-input":{"@type":"PropertyValueSpecification","valueRequired":true,"valueName":"search_term_string"}}],"inLanguage":"es"},{"@type":"Organization","@id":"https:\/\/berlinlawfirm.com\/es\/#organization","name":"Berlin Law Firm","url":"https:\/\/berlinlawfirm.com\/es\/","logo":{"@type":"ImageObject","inLanguage":"es","@id":"https:\/\/berlinlawfirm.com\/es\/#\/schema\/logo\/image\/","url":"https:\/\/berlinlawfirm.com\/wp-content\/uploads\/2022\/10\/berlin-law-icon.png","contentUrl":"https:\/\/berlinlawfirm.com\/wp-content\/uploads\/2022\/10\/berlin-law-icon.png","width":136,"height":150,"caption":"Berlin Law Firm"},"image":{"@id":"https:\/\/berlinlawfirm.com\/es\/#\/schema\/logo\/image\/"},"sameAs":["https:\/\/www.facebook.com\/berlinlawfirm","https:\/\/www.instagram.com\/berlinlawfirm\/","https:\/\/www.linkedin.com\/in\/berlin-law-firm-364702128"]}]}},"_links":{"self":[{"href":"https:\/\/berlinlawfirm.com\/es\/wp-json\/wp\/v2\/pages\/17983","targetHints":{"allow":["GET"]}}],"collection":[{"href":"https:\/\/berlinlawfirm.com\/es\/wp-json\/wp\/v2\/pages"}],"about":[{"href":"https:\/\/berlinlawfirm.com\/es\/wp-json\/wp\/v2\/types\/page"}],"author":[{"embeddable":true,"href":"https:\/\/berlinlawfirm.com\/es\/wp-json\/wp\/v2\/users\/28"}],"replies":[{"embeddable":true,"href":"https:\/\/berlinlawfirm.com\/es\/wp-json\/wp\/v2\/comments?post=17983"}],"version-history":[{"count":1,"href":"https:\/\/berlinlawfirm.com\/es\/wp-json\/wp\/v2\/pages\/17983\/revisions"}],"predecessor-version":[{"id":17986,"href":"https:\/\/berlinlawfirm.com\/es\/wp-json\/wp\/v2\/pages\/17983\/revisions\/17986"}],"up":[{"embeddable":true,"href":"https:\/\/berlinlawfirm.com\/es\/wp-json\/wp\/v2\/pages\/16123"}],"wp:attachment":[{"href":"https:\/\/berlinlawfirm.com\/es\/wp-json\/wp\/v2\/media?parent=17983"}],"curies":[{"name":"wp","href":"https:\/\/api.w.org\/{rel}","templated":true}]}}