{"id":17160,"date":"2024-05-22T14:18:53","date_gmt":"2024-05-22T14:18:53","guid":{"rendered":"https:\/\/berlinlawfirm.com\/abogados-de-compensacion-laboral-de-florida\/por-que-ha-dejado-de-responder-mi-perito\/"},"modified":"2026-03-31T22:34:59","modified_gmt":"2026-03-31T22:34:59","slug":"por-que-ha-dejado-de-responder-mi-perito","status":"publish","type":"page","link":"https:\/\/berlinlawfirm.com\/es\/abogados-de-compensacion-laboral-de-florida\/por-que-ha-dejado-de-responder-mi-perito\/","title":{"rendered":"\u00bfPor qu\u00e9 ha dejado de responder mi perito?"},"content":{"rendered":"\t\t<div data-elementor-type=\"wp-page\" data-elementor-id=\"17160\" class=\"elementor elementor-17160 elementor-17156\" data-elementor-post-type=\"page\">\n\t\t\t\t<div class=\"elementor-element elementor-element-3fe43ca2 e-flex e-con-boxed e-con e-parent\" data-id=\"3fe43ca2\" data-element_type=\"container\" data-e-type=\"container\">\n\t\t\t\t\t<div class=\"e-con-inner\">\n\t\t\t\t<div class=\"elementor-element elementor-element-2f5fc372 elementor-widget elementor-widget-text-editor\" data-id=\"2f5fc372\" data-element_type=\"widget\" data-e-type=\"widget\" data-widget_type=\"text-editor.default\">\n\t\t\t\t\t\t\t\t\t\n<p>En Florida, <strong>no existe responsabilidad<\/strong> para una compa\u00f1\u00eda de seguros por no responder a las solicitudes de tratamiento m\u00e9dico, autorizaci\u00f3n de pruebas diagn\u00f3sticas o pago inoportuno de prestaciones por p\u00e9rdida de salario de un trabajador lesionado. De hecho, la \u00fanica responsabilidad de una compa\u00f1\u00eda de seguros o de un perito por no responder o negarse a responder a las peticiones de un trabajador lesionado son los honorarios del abogado si el trabajador lesionado est\u00e1 representado.<\/p>\n\n<p>Seg\u00fan el estatuto 440.34 de Florida, si la compa\u00f1\u00eda de seguros no responde a tiempo a una solicitud realizada mediante la presentaci\u00f3n de una petici\u00f3n de prestaciones (a trav\u00e9s de los esfuerzos de un abogado), la compa\u00f1\u00eda de seguros es <strong>responsable<\/strong> de los honorarios del abogado y de las costas de dicho abogado. Por ello, un abogado de compensaci\u00f3n de los trabajadores de Florida tendr\u00e1 mucho m\u00e1s \u00e9xito a la hora de conseguir que se proporcionen puntualmente las prestaciones a los trabajadores lesionados que el trabajador lesionado intentando obtener dichas prestaciones por su cuenta.  <\/p>\n\n<div class=\"wp-block-media-text is-stacked-on-mobile has-border-color has-black-color has-text-color has-background has-link-color has-medium-font-size\" style=\"border-color: #2d2d73; border-width: 5px; border-radius: 0px; background: linear-gradient(135deg,#b9a159 0%,#ffffff 93%); grid-template-columns: 24% auto;\">\n<figure class=\"wp-block-media-text__media\"><img fetchpriority=\"high\" decoding=\"async\" width=\"400\" height=\"400\" class=\"wp-image-16764 size-full\" src=\"https:\/\/berlinlawfirm.com\/wp-content\/uploads\/2024\/05\/stephen-berlin-author-profile.webp\" alt=\"Stephen Berlin, Abogado\" srcset=\"https:\/\/berlinlawfirm.com\/wp-content\/uploads\/2024\/05\/stephen-berlin-author-profile.webp 400w, https:\/\/berlinlawfirm.com\/wp-content\/uploads\/2024\/05\/stephen-berlin-author-profile-300x300.webp 300w, https:\/\/berlinlawfirm.com\/wp-content\/uploads\/2024\/05\/stephen-berlin-author-profile-150x150.webp 150w\" sizes=\"(max-width: 400px) 100vw, 400px\" \/><\/figure>\n<div class=\"wp-block-media-text__content\">\n<h4 class=\"wp-block-heading\"><a href=\"https:\/\/berlinlawfirm.com\/es\/abogados\/stephen-berlin-abogado\/\">Consejo de confianza del socio fundador, Stephen Berlin<\/a><\/h4>\n\n<p>\u00abTu perito ha dejado de responder porque est\u00e1 intentando cerrar tu caso, en resumidas cuentas. Una de las formas que utilizan los peritos para intentar cerrar los expedientes se basa en que los trabajadores lesionados se frustran demasiado con el sistema y abandonan sus reclamaciones.\u00bb<\/p>\n<\/div>\n<\/div>\n\n<div class=\"wp-block-spacer\" style=\"height: 20px;\" aria-hidden=\"true\"> <\/div>\n\n<h2 class=\"wp-block-heading\">No respuesta intencionada<\/h2>\n\n<p>En vista de lo anterior, las compa\u00f1\u00edas de seguros a veces <strong>dejan de <\/strong>responder <strong>intencionadamente <\/strong>a las solicitudes no s\u00f3lo del trabajador lesionado para recibir tratamiento m\u00e9dico o salarios perdidos, sino tambi\u00e9n del proveedor m\u00e9dico. La raz\u00f3n por la que lo hacen es que intentan intencionadamente disuadir al trabajador lesionado de seguir solicitando prestaciones de indemnizaci\u00f3n por accidente laboral. Muchas veces, los trabajadores lesionados tienen cobertura sanitaria. Al no responder a tiempo al tratamiento m\u00e9dico, ya sea a petici\u00f3n del trabajador lesionado o del propio centro m\u00e9dico, las compa\u00f1\u00edas de seguros saben que muchas veces el trabajador lesionado se limitar\u00e1 a contratar esa atenci\u00f3n y ese tratamiento a trav\u00e9s del seguro m\u00e9dico con la esperanza de que el tratamiento m\u00e9dico se preste con mayor puntualidad.<\/p>\n\n<figure class=\"wp-block-image size-full is-resized\"><img decoding=\"async\" width=\"1024\" height=\"473\" class=\"wp-image-15018\" style=\"width: 801px; height: auto;\" src=\"https:\/\/berlinlawfirm.com\/wp-content\/uploads\/2024\/04\/image-40.png\" alt=\"\" srcset=\"https:\/\/berlinlawfirm.com\/wp-content\/uploads\/2024\/04\/image-40.png 1024w, https:\/\/berlinlawfirm.com\/wp-content\/uploads\/2024\/04\/image-40-300x139.png 300w, https:\/\/berlinlawfirm.com\/wp-content\/uploads\/2024\/04\/image-40-768x355.png 768w\" sizes=\"(max-width: 1024px) 100vw, 1024px\" \/><\/figure>\n\n<h2 class=\"wp-block-heading\">Lagunas legales y retrasos<\/h2>\n\n<p>Por desgracia, eso crea una <strong>situaci\u00f3n muy dif\u00edcil para el trabajador lesion<\/strong>ado, ya que \u00e9ste, al situar el tratamiento m\u00e9dico fuera de la indemnizaci\u00f3n por accidente de trabajo, permitir\u00e1 involuntariamente que prescriba su caso (2 a\u00f1os a partir de la fecha del accidente o 1 a\u00f1o a partir de la fecha del \u00faltimo tratamiento m\u00e9dico). Adem\u00e1s, si el seguro m\u00e9dico descubre que el tratamiento m\u00e9dico que est\u00e1 proporcionando se debe a un incidente relacionado con el trabajo, no s\u00f3lo puede denegar la atenci\u00f3n y el tratamiento futuros, sino que tambi\u00e9n puede solicitar directamente el reembolso al trabajador lesionado.  <\/p>\n\n<h2 class=\"wp-block-heading\">La importancia de recurrir a la indemnizaci\u00f3n por accidente laboral<\/h2>\n\n<p>Es imprescindible que las lesiones laborales sean tratadas por m\u00e9dicos de la mutua laboral y a cargo de la mutua laboral. Si ves que tu perito de seguros ya no responde a tus peticiones, en casi todos los casos es intencionado. Si esto ocurre, tienes que <strong>buscar<\/strong> inmediatamente <strong>asistencia jur\u00eddica<\/strong> para que se pueda presentar una petici\u00f3n de prestaciones, con lo que la compa\u00f1\u00eda de seguros se ver\u00e1 obligada a proporcionar las prestaciones solicitadas. S\u00f3lo la presentaci\u00f3n de dicha petici\u00f3n obligar\u00e1 a la compa\u00f1\u00eda de seguros a responder puntualmente a las solicitudes m\u00e9dicas, a la petici\u00f3n de tratamiento diagn\u00f3stico y a la provisi\u00f3n puntual de las prestaciones por p\u00e9rdida de salario.  <\/p>\n\n<p>\t\t<div data-elementor-type=\"container\" data-elementor-id=\"16321\" class=\"elementor elementor-16321 elementor-14631 elementor-14631\" data-elementor-post-type=\"elementor_library\">\n\t\t\t\t<div class=\"elementor-element elementor-element-2b8e40a e-con-full e-flex e-con e-child\" data-id=\"2b8e40a\" data-element_type=\"container\" data-e-type=\"container\" data-settings=\"{&quot;background_background&quot;:&quot;classic&quot;}\">\n\t\t<div class=\"elementor-element elementor-element-7534b971 e-con-full e-flex e-con e-child\" data-id=\"7534b971\" data-element_type=\"container\" data-e-type=\"container\">\n\t\t<div class=\"elementor-element elementor-element-6d9b117e e-con-full e-flex e-con e-child\" data-id=\"6d9b117e\" data-element_type=\"container\" data-e-type=\"container\" data-settings=\"{&quot;background_background&quot;:&quot;classic&quot;}\">\n\t\t\t\t<div class=\"elementor-element elementor-element-21fb8c08 elementor-widget elementor-widget-image\" data-id=\"21fb8c08\" data-element_type=\"widget\" data-e-type=\"widget\" data-widget_type=\"image.default\">\n\t\t\t\t\t\t\t\t\t\t\t\t\t\t\t<img decoding=\"async\" width=\"165\" height=\"232\" src=\"https:\/\/berlinlawfirm.com\/wp-content\/uploads\/2024\/03\/berlinlawfirm-vertical-logo.png\" class=\"attachment-large size-large wp-image-15897\" alt=\"Bufete Berl\u00edn\" \/>\t\t\t\t\t\t\t\t\t\t\t\t\t\t\t<\/div>\n\t\t\t\t<\/div>\n\t\t<div class=\"elementor-element elementor-element-45ffa703 e-con-full e-flex e-con e-child\" data-id=\"45ffa703\" data-element_type=\"container\" data-e-type=\"container\">\n\t\t\t\t<div class=\"elementor-element elementor-element-3b2926ca elementor-widget elementor-widget-heading\" data-id=\"3b2926ca\" data-element_type=\"widget\" data-e-type=\"widget\" data-widget_type=\"heading.default\">\n\t\t\t\t\t<h2 class=\"elementor-heading-title elementor-size-default\">Comenta gratis tu demanda por accidente laboral<\/h2>\t\t\t\t<\/div>\n\t\t\t\t<div class=\"elementor-element elementor-element-b58588c elementor-widget elementor-widget-text-editor\" data-id=\"b58588c\" data-element_type=\"widget\" data-e-type=\"widget\" data-widget_type=\"text-editor.default\">\n\t\t\t\t\t\t\t\t\t<p>Inf\u00f3rmate sobre los tipos de indemnizaci\u00f3n a los que puedes optar y obt\u00e9n respuesta a tus preguntas. Llama hoy mismo.<\/p>\n\t\t\t\t\t\t\t\t<\/div>\n\t\t\t\t<\/div>\n\t\t\t\t<\/div>\n\t\t<div class=\"elementor-element elementor-element-2f87cb0a e-con-full e-flex e-con e-child\" data-id=\"2f87cb0a\" data-element_type=\"container\" data-e-type=\"container\">\n\t\t\t\t<div class=\"elementor-element elementor-element-29a3b651 elementor-tablet-align-center elementor-mobile-align-center elementor-widget elementor-widget-button\" data-id=\"29a3b651\" data-element_type=\"widget\" data-e-type=\"widget\" data-widget_type=\"button.default\">\n\t\t\t\t\t\t\t\t\t\t<a class=\"elementor-button elementor-button-link elementor-size-xl elementor-animation-grow\" href=\"tel:9417777000\">\n\t\t\t\t\t\t<span class=\"elementor-button-content-wrapper\">\n\t\t\t\t\t\t\t\t\t<span class=\"elementor-button-text\">941.777.7000<\/span>\n\t\t\t\t\t<\/span>\n\t\t\t\t\t<\/a>\n\t\t\t\t\t\t\t\t<\/div>\n\t\t\t\t<div class=\"elementor-element elementor-element-355548df elementor-widget-tablet__width-auto elementor-align-center elementor-widget__width-initial elementor-widget elementor-widget-button\" data-id=\"355548df\" data-element_type=\"widget\" data-e-type=\"widget\" data-widget_type=\"button.default\">\n\t\t\t\t\t\t\t\t\t\t<a class=\"elementor-button elementor-button-link elementor-size-sm elementor-animation-grow\" href=\"https:\/\/berlinlawfirm.com\/es\/ponte-en-contacto-con\/\">\n\t\t\t\t\t\t<span class=\"elementor-button-content-wrapper\">\n\t\t\t\t\t\t\t\t\t<span class=\"elementor-button-text\">Consulta gratuita<\/span>\n\t\t\t\t\t<\/span>\n\t\t\t\t\t<\/a>\n\t\t\t\t\t\t\t\t<\/div>\n\t\t\t\t<\/div>\n\t\t\t\t<\/div>\n\t\t\t\t<\/div>\n\t\t<\/p>\n\t\t\t\t\t\t\t\t<\/div>\n\t\t\t\t\t<\/div>\n\t\t\t\t<\/div>\n\t\t<div class=\"elementor-element elementor-element-1cd8829 e-flex e-con-boxed e-con e-parent\" data-id=\"1cd8829\" data-element_type=\"container\" data-e-type=\"container\">\n\t\t\t\t\t<div class=\"e-con-inner\">\n\t\t\t\t<div class=\"elementor-element elementor-element-c411dd0 elementor-widget elementor-widget-html\" data-id=\"c411dd0\" data-element_type=\"widget\" data-e-type=\"widget\" data-widget_type=\"html.default\">\n\t\t\t\t\t<script type=\"application\/ld+json\">{\r\n  \"@context\": \"https:\/\/schema.org\",\r\n  \"@type\": \"FAQPage\",\r\n  \"mainEntity\": [\r\n    {\r\n      \"@type\": \"Question\",\r\n      \"name\": \"Why Has My Adjuster Stopped Responding?\",\r\n      \"acceptedAnswer\": {\r\n        \"@type\": \"Answer\",\r\n        \"text\": \"In Florida, there is no liability to an insurance company for failing to respond to an injured workers requests for medical treatment, authorization of diagnostic testing, or untimely payment of lost wage benefits. In fact, the only liability to an insurance company or adjuster for failing or refusing to respond to an injured workers requests are attorney\u2019s fees if the injured worker is represented. According to Florida statute 440.34, if the insurance company fails to timely respond to a request made by the filing of a petition for benefits through the efforts of an attorney, the insurance company is responsible for attorney\u2019s fees and costs to that attorney. As such, a Florida workers compensation attorney will have far greater success in getting benefits timely provided to injured workers versus the injured worker attempting to obtain such benefits on his or her own.\"\r\n      }\r\n    }\r\n  ]\r\n}\r\n<\/script>\t\t\t\t<\/div>\n\t\t\t\t\t<\/div>\n\t\t\t\t<\/div>\n\t\t\t\t<\/div>\n\t\t","protected":false},"excerpt":{"rendered":"<p>En Florida, no existe responsabilidad para una compa\u00f1\u00eda de seguros por no responder a las solicitudes de tratamiento m\u00e9dico, autorizaci\u00f3n de pruebas diagn\u00f3sticas o pago inoportuno de prestaciones por p\u00e9rdida de salario de un trabajador lesionado. De hecho, la \u00fanica responsabilidad de una compa\u00f1\u00eda de seguros o de un perito por no responder o negarse [&hellip;]<\/p>\n","protected":false},"author":1,"featured_media":0,"parent":16259,"menu_order":0,"comment_status":"closed","ping_status":"closed","template":"elementor_theme","meta":{"_acf_changed":false,"footnotes":""},"class_list":["post-17160","page","type-page","status-publish","hentry"],"acf":[],"yoast_head":"<!-- This site is optimized with the Yoast SEO plugin v27.4 - https:\/\/yoast.com\/product\/yoast-seo-wordpress\/ -->\n<title>\u00bfPor qu\u00e9 ha dejado de responder mi perito? | Berlin Law Firm<\/title>\n<meta name=\"description\" content=\"Conoce las razones por las que tu perito de seguros puede haber dejado de responder y c\u00f3mo Berlin Law puede conseguirte las respuestas que buscas.\" \/>\n<meta name=\"robots\" content=\"index, follow, max-snippet:-1, max-image-preview:large, max-video-preview:-1\" \/>\n<link rel=\"canonical\" href=\"https:\/\/berlinlawfirm.com\/es\/abogados-de-compensacion-laboral-de-florida\/por-que-ha-dejado-de-responder-mi-perito\/\" \/>\n<meta property=\"og:locale\" content=\"es_ES\" \/>\n<meta property=\"og:type\" content=\"article\" \/>\n<meta property=\"og:title\" content=\"\u00bfPor qu\u00e9 ha dejado de responder mi perito? | Berlin Law Firm\" \/>\n<meta property=\"og:description\" content=\"Conoce las razones por las que tu perito de seguros puede haber dejado de responder y c\u00f3mo Berlin Law puede conseguirte las respuestas que buscas.\" \/>\n<meta property=\"og:url\" content=\"https:\/\/berlinlawfirm.com\/es\/abogados-de-compensacion-laboral-de-florida\/por-que-ha-dejado-de-responder-mi-perito\/\" \/>\n<meta property=\"og:site_name\" content=\"Berlin Law Firm\" \/>\n<meta property=\"article:publisher\" content=\"https:\/\/www.facebook.com\/berlinlawfirm\" \/>\n<meta property=\"article:modified_time\" content=\"2026-03-31T22:34:59+00:00\" \/>\n<meta property=\"og:image\" content=\"https:\/\/berlinlawfirm.com\/wp-content\/uploads\/2024\/05\/stephen-berlin-author-profile.webp\" \/>\n\t<meta property=\"og:image:width\" content=\"400\" \/>\n\t<meta property=\"og:image:height\" content=\"400\" \/>\n\t<meta property=\"og:image:type\" content=\"image\/webp\" \/>\n<meta name=\"twitter:card\" content=\"summary_large_image\" \/>\n<script type=\"application\/ld+json\" class=\"yoast-schema-graph\">{\"@context\":\"https:\\\/\\\/schema.org\",\"@graph\":[{\"@type\":\"WebPage\",\"@id\":\"https:\\\/\\\/berlinlawfirm.com\\\/es\\\/abogados-de-compensacion-laboral-de-florida\\\/por-que-ha-dejado-de-responder-mi-perito\\\/\",\"url\":\"https:\\\/\\\/berlinlawfirm.com\\\/es\\\/abogados-de-compensacion-laboral-de-florida\\\/por-que-ha-dejado-de-responder-mi-perito\\\/\",\"name\":\"\u00bfPor qu\u00e9 ha dejado de responder mi perito? | Berlin Law Firm\",\"isPartOf\":{\"@id\":\"https:\\\/\\\/berlinlawfirm.com\\\/es\\\/#website\"},\"primaryImageOfPage\":{\"@id\":\"https:\\\/\\\/berlinlawfirm.com\\\/es\\\/abogados-de-compensacion-laboral-de-florida\\\/por-que-ha-dejado-de-responder-mi-perito\\\/#primaryimage\"},\"image\":{\"@id\":\"https:\\\/\\\/berlinlawfirm.com\\\/es\\\/abogados-de-compensacion-laboral-de-florida\\\/por-que-ha-dejado-de-responder-mi-perito\\\/#primaryimage\"},\"thumbnailUrl\":\"https:\\\/\\\/berlinlawfirm.com\\\/wp-content\\\/uploads\\\/2024\\\/05\\\/stephen-berlin-author-profile.webp\",\"datePublished\":\"2024-05-22T14:18:53+00:00\",\"dateModified\":\"2026-03-31T22:34:59+00:00\",\"description\":\"Conoce las razones por las que tu perito de seguros puede haber dejado de responder y c\u00f3mo Berlin Law puede conseguirte las respuestas que buscas.\",\"breadcrumb\":{\"@id\":\"https:\\\/\\\/berlinlawfirm.com\\\/es\\\/abogados-de-compensacion-laboral-de-florida\\\/por-que-ha-dejado-de-responder-mi-perito\\\/#breadcrumb\"},\"inLanguage\":\"es\",\"potentialAction\":[{\"@type\":\"ReadAction\",\"target\":[\"https:\\\/\\\/berlinlawfirm.com\\\/es\\\/abogados-de-compensacion-laboral-de-florida\\\/por-que-ha-dejado-de-responder-mi-perito\\\/\"]}]},{\"@type\":\"ImageObject\",\"inLanguage\":\"es\",\"@id\":\"https:\\\/\\\/berlinlawfirm.com\\\/es\\\/abogados-de-compensacion-laboral-de-florida\\\/por-que-ha-dejado-de-responder-mi-perito\\\/#primaryimage\",\"url\":\"https:\\\/\\\/berlinlawfirm.com\\\/wp-content\\\/uploads\\\/2024\\\/05\\\/stephen-berlin-author-profile.webp\",\"contentUrl\":\"https:\\\/\\\/berlinlawfirm.com\\\/wp-content\\\/uploads\\\/2024\\\/05\\\/stephen-berlin-author-profile.webp\"},{\"@type\":\"BreadcrumbList\",\"@id\":\"https:\\\/\\\/berlinlawfirm.com\\\/es\\\/abogados-de-compensacion-laboral-de-florida\\\/por-que-ha-dejado-de-responder-mi-perito\\\/#breadcrumb\",\"itemListElement\":[{\"@type\":\"ListItem\",\"position\":1,\"name\":\"Home\",\"item\":\"https:\\\/\\\/berlinlawfirm.com\\\/es\\\/\"},{\"@type\":\"ListItem\",\"position\":2,\"name\":\"Abogados de Compensaci\u00f3n Laboral de Florida\",\"item\":\"https:\\\/\\\/berlinlawfirm.com\\\/es\\\/abogados-de-compensacion-laboral-de-florida\\\/\"},{\"@type\":\"ListItem\",\"position\":3,\"name\":\"\u00bfPor qu\u00e9 ha dejado de responder mi perito?\"}]},{\"@type\":\"WebSite\",\"@id\":\"https:\\\/\\\/berlinlawfirm.com\\\/es\\\/#website\",\"url\":\"https:\\\/\\\/berlinlawfirm.com\\\/es\\\/\",\"name\":\"Berlin Law Firm\",\"description\":\"Workers&#039; Compensation Lawyers\",\"publisher\":{\"@id\":\"https:\\\/\\\/berlinlawfirm.com\\\/es\\\/#organization\"},\"potentialAction\":[{\"@type\":\"SearchAction\",\"target\":{\"@type\":\"EntryPoint\",\"urlTemplate\":\"https:\\\/\\\/berlinlawfirm.com\\\/es\\\/?s={search_term_string}\"},\"query-input\":{\"@type\":\"PropertyValueSpecification\",\"valueRequired\":true,\"valueName\":\"search_term_string\"}}],\"inLanguage\":\"es\"},{\"@type\":\"Organization\",\"@id\":\"https:\\\/\\\/berlinlawfirm.com\\\/es\\\/#organization\",\"name\":\"Berlin Law Firm\",\"url\":\"https:\\\/\\\/berlinlawfirm.com\\\/es\\\/\",\"logo\":{\"@type\":\"ImageObject\",\"inLanguage\":\"es\",\"@id\":\"https:\\\/\\\/berlinlawfirm.com\\\/es\\\/#\\\/schema\\\/logo\\\/image\\\/\",\"url\":\"https:\\\/\\\/berlinlawfirm.com\\\/wp-content\\\/uploads\\\/2022\\\/10\\\/berlin-law-icon.png\",\"contentUrl\":\"https:\\\/\\\/berlinlawfirm.com\\\/wp-content\\\/uploads\\\/2022\\\/10\\\/berlin-law-icon.png\",\"width\":136,\"height\":150,\"caption\":\"Berlin Law Firm\"},\"image\":{\"@id\":\"https:\\\/\\\/berlinlawfirm.com\\\/es\\\/#\\\/schema\\\/logo\\\/image\\\/\"},\"sameAs\":[\"https:\\\/\\\/www.facebook.com\\\/berlinlawfirm\",\"https:\\\/\\\/www.instagram.com\\\/berlinlawfirm\\\/\",\"https:\\\/\\\/www.linkedin.com\\\/in\\\/berlin-law-firm-364702128\"]}]}<\/script>\n<!-- \/ Yoast SEO plugin. -->","yoast_head_json":{"title":"\u00bfPor qu\u00e9 ha dejado de responder mi perito? | Berlin Law Firm","description":"Conoce las razones por las que tu perito de seguros puede haber dejado de responder y c\u00f3mo Berlin Law puede conseguirte las respuestas que buscas.","robots":{"index":"index","follow":"follow","max-snippet":"max-snippet:-1","max-image-preview":"max-image-preview:large","max-video-preview":"max-video-preview:-1"},"canonical":"https:\/\/berlinlawfirm.com\/es\/abogados-de-compensacion-laboral-de-florida\/por-que-ha-dejado-de-responder-mi-perito\/","og_locale":"es_ES","og_type":"article","og_title":"\u00bfPor qu\u00e9 ha dejado de responder mi perito? | Berlin Law Firm","og_description":"Conoce las razones por las que tu perito de seguros puede haber dejado de responder y c\u00f3mo Berlin Law puede conseguirte las respuestas que buscas.","og_url":"https:\/\/berlinlawfirm.com\/es\/abogados-de-compensacion-laboral-de-florida\/por-que-ha-dejado-de-responder-mi-perito\/","og_site_name":"Berlin Law Firm","article_publisher":"https:\/\/www.facebook.com\/berlinlawfirm","article_modified_time":"2026-03-31T22:34:59+00:00","og_image":[{"width":400,"height":400,"url":"https:\/\/berlinlawfirm.com\/wp-content\/uploads\/2024\/05\/stephen-berlin-author-profile.webp","type":"image\/webp"}],"twitter_card":"summary_large_image","schema":{"@context":"https:\/\/schema.org","@graph":[{"@type":"WebPage","@id":"https:\/\/berlinlawfirm.com\/es\/abogados-de-compensacion-laboral-de-florida\/por-que-ha-dejado-de-responder-mi-perito\/","url":"https:\/\/berlinlawfirm.com\/es\/abogados-de-compensacion-laboral-de-florida\/por-que-ha-dejado-de-responder-mi-perito\/","name":"\u00bfPor qu\u00e9 ha dejado de responder mi perito? | Berlin Law Firm","isPartOf":{"@id":"https:\/\/berlinlawfirm.com\/es\/#website"},"primaryImageOfPage":{"@id":"https:\/\/berlinlawfirm.com\/es\/abogados-de-compensacion-laboral-de-florida\/por-que-ha-dejado-de-responder-mi-perito\/#primaryimage"},"image":{"@id":"https:\/\/berlinlawfirm.com\/es\/abogados-de-compensacion-laboral-de-florida\/por-que-ha-dejado-de-responder-mi-perito\/#primaryimage"},"thumbnailUrl":"https:\/\/berlinlawfirm.com\/wp-content\/uploads\/2024\/05\/stephen-berlin-author-profile.webp","datePublished":"2024-05-22T14:18:53+00:00","dateModified":"2026-03-31T22:34:59+00:00","description":"Conoce las razones por las que tu perito de seguros puede haber dejado de responder y c\u00f3mo Berlin Law puede conseguirte las respuestas que buscas.","breadcrumb":{"@id":"https:\/\/berlinlawfirm.com\/es\/abogados-de-compensacion-laboral-de-florida\/por-que-ha-dejado-de-responder-mi-perito\/#breadcrumb"},"inLanguage":"es","potentialAction":[{"@type":"ReadAction","target":["https:\/\/berlinlawfirm.com\/es\/abogados-de-compensacion-laboral-de-florida\/por-que-ha-dejado-de-responder-mi-perito\/"]}]},{"@type":"ImageObject","inLanguage":"es","@id":"https:\/\/berlinlawfirm.com\/es\/abogados-de-compensacion-laboral-de-florida\/por-que-ha-dejado-de-responder-mi-perito\/#primaryimage","url":"https:\/\/berlinlawfirm.com\/wp-content\/uploads\/2024\/05\/stephen-berlin-author-profile.webp","contentUrl":"https:\/\/berlinlawfirm.com\/wp-content\/uploads\/2024\/05\/stephen-berlin-author-profile.webp"},{"@type":"BreadcrumbList","@id":"https:\/\/berlinlawfirm.com\/es\/abogados-de-compensacion-laboral-de-florida\/por-que-ha-dejado-de-responder-mi-perito\/#breadcrumb","itemListElement":[{"@type":"ListItem","position":1,"name":"Home","item":"https:\/\/berlinlawfirm.com\/es\/"},{"@type":"ListItem","position":2,"name":"Abogados de Compensaci\u00f3n Laboral de Florida","item":"https:\/\/berlinlawfirm.com\/es\/abogados-de-compensacion-laboral-de-florida\/"},{"@type":"ListItem","position":3,"name":"\u00bfPor qu\u00e9 ha dejado de responder mi perito?"}]},{"@type":"WebSite","@id":"https:\/\/berlinlawfirm.com\/es\/#website","url":"https:\/\/berlinlawfirm.com\/es\/","name":"Berlin Law Firm","description":"Workers&#039; Compensation Lawyers","publisher":{"@id":"https:\/\/berlinlawfirm.com\/es\/#organization"},"potentialAction":[{"@type":"SearchAction","target":{"@type":"EntryPoint","urlTemplate":"https:\/\/berlinlawfirm.com\/es\/?s={search_term_string}"},"query-input":{"@type":"PropertyValueSpecification","valueRequired":true,"valueName":"search_term_string"}}],"inLanguage":"es"},{"@type":"Organization","@id":"https:\/\/berlinlawfirm.com\/es\/#organization","name":"Berlin Law Firm","url":"https:\/\/berlinlawfirm.com\/es\/","logo":{"@type":"ImageObject","inLanguage":"es","@id":"https:\/\/berlinlawfirm.com\/es\/#\/schema\/logo\/image\/","url":"https:\/\/berlinlawfirm.com\/wp-content\/uploads\/2022\/10\/berlin-law-icon.png","contentUrl":"https:\/\/berlinlawfirm.com\/wp-content\/uploads\/2022\/10\/berlin-law-icon.png","width":136,"height":150,"caption":"Berlin Law Firm"},"image":{"@id":"https:\/\/berlinlawfirm.com\/es\/#\/schema\/logo\/image\/"},"sameAs":["https:\/\/www.facebook.com\/berlinlawfirm","https:\/\/www.instagram.com\/berlinlawfirm\/","https:\/\/www.linkedin.com\/in\/berlin-law-firm-364702128"]}]}},"_links":{"self":[{"href":"https:\/\/berlinlawfirm.com\/es\/wp-json\/wp\/v2\/pages\/17160","targetHints":{"allow":["GET"]}}],"collection":[{"href":"https:\/\/berlinlawfirm.com\/es\/wp-json\/wp\/v2\/pages"}],"about":[{"href":"https:\/\/berlinlawfirm.com\/es\/wp-json\/wp\/v2\/types\/page"}],"author":[{"embeddable":true,"href":"https:\/\/berlinlawfirm.com\/es\/wp-json\/wp\/v2\/users\/1"}],"replies":[{"embeddable":true,"href":"https:\/\/berlinlawfirm.com\/es\/wp-json\/wp\/v2\/comments?post=17160"}],"version-history":[{"count":6,"href":"https:\/\/berlinlawfirm.com\/es\/wp-json\/wp\/v2\/pages\/17160\/revisions"}],"predecessor-version":[{"id":18856,"href":"https:\/\/berlinlawfirm.com\/es\/wp-json\/wp\/v2\/pages\/17160\/revisions\/18856"}],"up":[{"embeddable":true,"href":"https:\/\/berlinlawfirm.com\/es\/wp-json\/wp\/v2\/pages\/16259"}],"wp:attachment":[{"href":"https:\/\/berlinlawfirm.com\/es\/wp-json\/wp\/v2\/media?parent=17160"}],"curies":[{"name":"wp","href":"https:\/\/api.w.org\/{rel}","templated":true}]}}