{"id":17099,"date":"2024-05-14T18:30:02","date_gmt":"2024-05-14T18:30:02","guid":{"rendered":"https:\/\/berlinlawfirm.com\/confirmacion-de-la-solicitud\/"},"modified":"2024-05-14T18:30:25","modified_gmt":"2024-05-14T18:30:25","slug":"confirmacion-de-la-solicitud","status":"publish","type":"page","link":"https:\/\/berlinlawfirm.com\/es\/confirmacion-de-la-solicitud\/","title":{"rendered":"Confirmaci\u00f3n de la solicitud"},"content":{"rendered":"\n<h1 class=\"wp-block-heading\">Gracias.<\/h1>\n\n<h4 class=\"wp-block-heading\">\u00a1Has dado el primer paso correcto!<\/h4>\n\n<h5 class=\"wp-block-heading\">Nuestro equipo ha recibido tu informaci\u00f3n y se pondr\u00e1 en contacto contigo en breve.<\/h5>\n\n<blockquote class=\"wp-block-quote is-layout-flow wp-block-quote-is-layout-flow\">\n<p>\u00abEmpec\u00e9 este bufete con la intenci\u00f3n de contar la verdad, tu verdad. Toda persona tiene una historia si alguien se toma la molestia de escucharla. Hay muchos abogados a los que s\u00f3lo les preocupa la cuenta de resultados y no les importan las luchas de tu vida como consecuencia de tu lesi\u00f3n laboral. Mi objetivo es ayudar a la gente como se merece, mediante una representaci\u00f3n justa, un trabajo honesto y una b\u00fasqueda incesante de la mejora de esta comunidad.\u00bb<\/p>\n<\/blockquote>\n\n<p>Las compa\u00f1\u00edas de seguros emplean diversos m\u00e9todos para denegar tu reclamaci\u00f3n o minimizar las prestaciones indemnizatorias a las que tienes derecho. Conozco todas estas t\u00e1cticas y no dejar\u00e9 que sus m\u00e9todos funcionen para negarte la indemnizaci\u00f3n que te corresponde y mereces.<\/p>\n\n<p>En nuestro bufete, trabajamos caso por caso. Revisamos personal y meticulosamente cada expediente y mantenemos informado al cliente en cada paso del proceso. El Bufete Berl\u00edn se dise\u00f1\u00f3 con la intenci\u00f3n de escuchar tus preocupaciones y preguntas, y estamos deseosos de ayudar a todas y cada una de las personas a obtener la atenci\u00f3n y ayuda que merecen. Como resultado, nos encontramos entre los abogados de indemnizaci\u00f3n por accidente laboral mejor considerados de Florida.<\/p>\n\n<p>Si te has lesionado a causa de un incidente laboral, queremos ayudarte sinceramente. Queremos educarte e informarte de todas las opciones que normalmente se te ocultan. El objetivo de nuestro equipo es resolver tus preocupaciones y temores. Estas pruebas son estresantes de por s\u00ed y tener que lidiar con las compa\u00f1\u00edas de seguros y las p\u00e9rdidas debidas a la lesi\u00f3n no deber\u00eda serlo.<\/p>\n","protected":false},"excerpt":{"rendered":"<p>Gracias. \u00a1Has dado el primer paso correcto! Nuestro equipo ha recibido tu informaci\u00f3n y se pondr\u00e1 en contacto contigo en breve. \u00abEmpec\u00e9 este bufete con la intenci\u00f3n de contar la verdad, tu verdad. Toda persona tiene una historia si alguien se toma la molestia de escucharla. Hay muchos abogados a los que s\u00f3lo les preocupa [&hellip;]<\/p>\n","protected":false},"author":18,"featured_media":0,"parent":0,"menu_order":0,"comment_status":"closed","ping_status":"closed","template":"","meta":{"_acf_changed":false,"footnotes":""},"class_list":["post-17099","page","type-page","status-publish","hentry"],"acf":[],"yoast_head":"<!-- This site is optimized with the Yoast SEO plugin v27.4 - https:\/\/yoast.com\/product\/yoast-seo-wordpress\/ -->\n<title>Confirmaci\u00f3n de la solicitud | Berlin Law Firm<\/title>\n<meta name=\"robots\" content=\"index, follow, max-snippet:-1, max-image-preview:large, max-video-preview:-1\" \/>\n<link rel=\"canonical\" href=\"https:\/\/berlinlawfirm.com\/es\/confirmacion-de-la-solicitud\/\" \/>\n<meta property=\"og:locale\" content=\"es_ES\" \/>\n<meta property=\"og:type\" content=\"article\" \/>\n<meta property=\"og:title\" content=\"Confirmaci\u00f3n de la solicitud | Berlin Law Firm\" \/>\n<meta property=\"og:description\" content=\"Gracias. \u00a1Has dado el primer paso correcto! Nuestro equipo ha recibido tu informaci\u00f3n y se pondr\u00e1 en contacto contigo en breve. \u00abEmpec\u00e9 este bufete con la intenci\u00f3n de contar la verdad, tu verdad. Toda persona tiene una historia si alguien se toma la molestia de escucharla. Hay muchos abogados a los que s\u00f3lo les preocupa [&hellip;]\" \/>\n<meta property=\"og:url\" content=\"https:\/\/berlinlawfirm.com\/es\/confirmacion-de-la-solicitud\/\" \/>\n<meta property=\"og:site_name\" content=\"Berlin Law Firm\" \/>\n<meta property=\"article:publisher\" content=\"https:\/\/www.facebook.com\/berlinlawfirm\" \/>\n<meta property=\"article:modified_time\" content=\"2024-05-14T18:30:25+00:00\" \/>\n<meta property=\"og:image\" content=\"https:\/\/berlinlawfirm.com\/wp-content\/uploads\/2024\/04\/berlin.png\" \/>\n\t<meta property=\"og:image:width\" content=\"960\" \/>\n\t<meta property=\"og:image:height\" content=\"960\" \/>\n\t<meta property=\"og:image:type\" content=\"image\/png\" \/>\n<meta name=\"twitter:card\" content=\"summary_large_image\" \/>\n<script type=\"application\/ld+json\" class=\"yoast-schema-graph\">{\"@context\":\"https:\\\/\\\/schema.org\",\"@graph\":[{\"@type\":\"WebPage\",\"@id\":\"https:\\\/\\\/berlinlawfirm.com\\\/es\\\/confirmacion-de-la-solicitud\\\/\",\"url\":\"https:\\\/\\\/berlinlawfirm.com\\\/es\\\/confirmacion-de-la-solicitud\\\/\",\"name\":\"Confirmaci\u00f3n de la solicitud | Berlin Law Firm\",\"isPartOf\":{\"@id\":\"https:\\\/\\\/berlinlawfirm.com\\\/es\\\/#website\"},\"datePublished\":\"2024-05-14T18:30:02+00:00\",\"dateModified\":\"2024-05-14T18:30:25+00:00\",\"breadcrumb\":{\"@id\":\"https:\\\/\\\/berlinlawfirm.com\\\/es\\\/confirmacion-de-la-solicitud\\\/#breadcrumb\"},\"inLanguage\":\"es\",\"potentialAction\":[{\"@type\":\"ReadAction\",\"target\":[\"https:\\\/\\\/berlinlawfirm.com\\\/es\\\/confirmacion-de-la-solicitud\\\/\"]}]},{\"@type\":\"BreadcrumbList\",\"@id\":\"https:\\\/\\\/berlinlawfirm.com\\\/es\\\/confirmacion-de-la-solicitud\\\/#breadcrumb\",\"itemListElement\":[{\"@type\":\"ListItem\",\"position\":1,\"name\":\"Home\",\"item\":\"https:\\\/\\\/berlinlawfirm.com\\\/es\\\/\"},{\"@type\":\"ListItem\",\"position\":2,\"name\":\"Confirmaci\u00f3n de la solicitud\"}]},{\"@type\":\"WebSite\",\"@id\":\"https:\\\/\\\/berlinlawfirm.com\\\/es\\\/#website\",\"url\":\"https:\\\/\\\/berlinlawfirm.com\\\/es\\\/\",\"name\":\"Berlin Law Firm\",\"description\":\"Workers&#039; Compensation Lawyers\",\"publisher\":{\"@id\":\"https:\\\/\\\/berlinlawfirm.com\\\/es\\\/#organization\"},\"potentialAction\":[{\"@type\":\"SearchAction\",\"target\":{\"@type\":\"EntryPoint\",\"urlTemplate\":\"https:\\\/\\\/berlinlawfirm.com\\\/es\\\/?s={search_term_string}\"},\"query-input\":{\"@type\":\"PropertyValueSpecification\",\"valueRequired\":true,\"valueName\":\"search_term_string\"}}],\"inLanguage\":\"es\"},{\"@type\":\"Organization\",\"@id\":\"https:\\\/\\\/berlinlawfirm.com\\\/es\\\/#organization\",\"name\":\"Berlin Law Firm\",\"url\":\"https:\\\/\\\/berlinlawfirm.com\\\/es\\\/\",\"logo\":{\"@type\":\"ImageObject\",\"inLanguage\":\"es\",\"@id\":\"https:\\\/\\\/berlinlawfirm.com\\\/es\\\/#\\\/schema\\\/logo\\\/image\\\/\",\"url\":\"https:\\\/\\\/berlinlawfirm.com\\\/wp-content\\\/uploads\\\/2022\\\/10\\\/berlin-law-icon.png\",\"contentUrl\":\"https:\\\/\\\/berlinlawfirm.com\\\/wp-content\\\/uploads\\\/2022\\\/10\\\/berlin-law-icon.png\",\"width\":136,\"height\":150,\"caption\":\"Berlin Law Firm\"},\"image\":{\"@id\":\"https:\\\/\\\/berlinlawfirm.com\\\/es\\\/#\\\/schema\\\/logo\\\/image\\\/\"},\"sameAs\":[\"https:\\\/\\\/www.facebook.com\\\/berlinlawfirm\",\"https:\\\/\\\/www.instagram.com\\\/berlinlawfirm\\\/\",\"https:\\\/\\\/www.linkedin.com\\\/in\\\/berlin-law-firm-364702128\"]}]}<\/script>\n<!-- \/ Yoast SEO plugin. -->","yoast_head_json":{"title":"Confirmaci\u00f3n de la solicitud | Berlin Law Firm","robots":{"index":"index","follow":"follow","max-snippet":"max-snippet:-1","max-image-preview":"max-image-preview:large","max-video-preview":"max-video-preview:-1"},"canonical":"https:\/\/berlinlawfirm.com\/es\/confirmacion-de-la-solicitud\/","og_locale":"es_ES","og_type":"article","og_title":"Confirmaci\u00f3n de la solicitud | Berlin Law Firm","og_description":"Gracias. \u00a1Has dado el primer paso correcto! Nuestro equipo ha recibido tu informaci\u00f3n y se pondr\u00e1 en contacto contigo en breve. \u00abEmpec\u00e9 este bufete con la intenci\u00f3n de contar la verdad, tu verdad. Toda persona tiene una historia si alguien se toma la molestia de escucharla. Hay muchos abogados a los que s\u00f3lo les preocupa [&hellip;]","og_url":"https:\/\/berlinlawfirm.com\/es\/confirmacion-de-la-solicitud\/","og_site_name":"Berlin Law Firm","article_publisher":"https:\/\/www.facebook.com\/berlinlawfirm","article_modified_time":"2024-05-14T18:30:25+00:00","og_image":[{"width":960,"height":960,"url":"https:\/\/berlinlawfirm.com\/wp-content\/uploads\/2024\/04\/berlin.png","type":"image\/png"}],"twitter_card":"summary_large_image","schema":{"@context":"https:\/\/schema.org","@graph":[{"@type":"WebPage","@id":"https:\/\/berlinlawfirm.com\/es\/confirmacion-de-la-solicitud\/","url":"https:\/\/berlinlawfirm.com\/es\/confirmacion-de-la-solicitud\/","name":"Confirmaci\u00f3n de la solicitud | Berlin Law Firm","isPartOf":{"@id":"https:\/\/berlinlawfirm.com\/es\/#website"},"datePublished":"2024-05-14T18:30:02+00:00","dateModified":"2024-05-14T18:30:25+00:00","breadcrumb":{"@id":"https:\/\/berlinlawfirm.com\/es\/confirmacion-de-la-solicitud\/#breadcrumb"},"inLanguage":"es","potentialAction":[{"@type":"ReadAction","target":["https:\/\/berlinlawfirm.com\/es\/confirmacion-de-la-solicitud\/"]}]},{"@type":"BreadcrumbList","@id":"https:\/\/berlinlawfirm.com\/es\/confirmacion-de-la-solicitud\/#breadcrumb","itemListElement":[{"@type":"ListItem","position":1,"name":"Home","item":"https:\/\/berlinlawfirm.com\/es\/"},{"@type":"ListItem","position":2,"name":"Confirmaci\u00f3n de la solicitud"}]},{"@type":"WebSite","@id":"https:\/\/berlinlawfirm.com\/es\/#website","url":"https:\/\/berlinlawfirm.com\/es\/","name":"Berlin Law Firm","description":"Workers&#039; Compensation Lawyers","publisher":{"@id":"https:\/\/berlinlawfirm.com\/es\/#organization"},"potentialAction":[{"@type":"SearchAction","target":{"@type":"EntryPoint","urlTemplate":"https:\/\/berlinlawfirm.com\/es\/?s={search_term_string}"},"query-input":{"@type":"PropertyValueSpecification","valueRequired":true,"valueName":"search_term_string"}}],"inLanguage":"es"},{"@type":"Organization","@id":"https:\/\/berlinlawfirm.com\/es\/#organization","name":"Berlin Law Firm","url":"https:\/\/berlinlawfirm.com\/es\/","logo":{"@type":"ImageObject","inLanguage":"es","@id":"https:\/\/berlinlawfirm.com\/es\/#\/schema\/logo\/image\/","url":"https:\/\/berlinlawfirm.com\/wp-content\/uploads\/2022\/10\/berlin-law-icon.png","contentUrl":"https:\/\/berlinlawfirm.com\/wp-content\/uploads\/2022\/10\/berlin-law-icon.png","width":136,"height":150,"caption":"Berlin Law Firm"},"image":{"@id":"https:\/\/berlinlawfirm.com\/es\/#\/schema\/logo\/image\/"},"sameAs":["https:\/\/www.facebook.com\/berlinlawfirm","https:\/\/www.instagram.com\/berlinlawfirm\/","https:\/\/www.linkedin.com\/in\/berlin-law-firm-364702128"]}]}},"_links":{"self":[{"href":"https:\/\/berlinlawfirm.com\/es\/wp-json\/wp\/v2\/pages\/17099","targetHints":{"allow":["GET"]}}],"collection":[{"href":"https:\/\/berlinlawfirm.com\/es\/wp-json\/wp\/v2\/pages"}],"about":[{"href":"https:\/\/berlinlawfirm.com\/es\/wp-json\/wp\/v2\/types\/page"}],"author":[{"embeddable":true,"href":"https:\/\/berlinlawfirm.com\/es\/wp-json\/wp\/v2\/users\/18"}],"replies":[{"embeddable":true,"href":"https:\/\/berlinlawfirm.com\/es\/wp-json\/wp\/v2\/comments?post=17099"}],"version-history":[{"count":1,"href":"https:\/\/berlinlawfirm.com\/es\/wp-json\/wp\/v2\/pages\/17099\/revisions"}],"predecessor-version":[{"id":17100,"href":"https:\/\/berlinlawfirm.com\/es\/wp-json\/wp\/v2\/pages\/17099\/revisions\/17100"}],"wp:attachment":[{"href":"https:\/\/berlinlawfirm.com\/es\/wp-json\/wp\/v2\/media?parent=17099"}],"curies":[{"name":"wp","href":"https:\/\/api.w.org\/{rel}","templated":true}]}}