{"id":16248,"date":"2024-04-15T15:26:45","date_gmt":"2024-04-15T15:26:45","guid":{"rendered":"https:\/\/berlinlawfirm.com\/te-ha-denegado-tus-recetas-el-seguro-de-accidentes-de-trabajo\/"},"modified":"2026-04-01T15:30:21","modified_gmt":"2026-04-01T15:30:21","slug":"te-ha-denegado-tus-recetas-el-seguro-de-accidentes-de-trabajo","status":"publish","type":"page","link":"https:\/\/berlinlawfirm.com\/es\/abogados-de-compensacion-laboral-de-florida\/te-ha-denegado-tus-recetas-el-seguro-de-accidentes-de-trabajo\/","title":{"rendered":"\u00bfTe ha denegado tus recetas el seguro de accidentes de trabajo?"},"content":{"rendered":"\t\t<div data-elementor-type=\"wp-page\" data-elementor-id=\"16248\" class=\"elementor elementor-16248 elementor-15072\" data-elementor-post-type=\"page\">\n\t\t\t\t<div class=\"elementor-element elementor-element-70dd6d3b e-flex e-con-boxed e-con e-parent\" data-id=\"70dd6d3b\" data-element_type=\"container\" data-e-type=\"container\">\n\t\t\t\t\t<div class=\"e-con-inner\">\n\t\t\t\t<div class=\"elementor-element elementor-element-32892dd9 elementor-widget elementor-widget-text-editor\" data-id=\"32892dd9\" data-element_type=\"widget\" data-e-type=\"widget\" data-widget_type=\"text-editor.default\">\n\t\t\t\t\t\t\t\t\t<figure class=\"wp-block-image size-full is-resized\"><img fetchpriority=\"high\" decoding=\"async\" width=\"1024\" height=\"416\" class=\"wp-image-15073\" style=\"width: 840px; height: auto;\" src=\"https:\/\/berlinlawfirm.com\/wp-content\/uploads\/2024\/04\/image-54.png\" alt=\"\" srcset=\"https:\/\/berlinlawfirm.com\/wp-content\/uploads\/2024\/04\/image-54.png 1024w, https:\/\/berlinlawfirm.com\/wp-content\/uploads\/2024\/04\/image-54-300x122.png 300w, https:\/\/berlinlawfirm.com\/wp-content\/uploads\/2024\/04\/image-54-768x312.png 768w\" sizes=\"(max-width: 1024px) 100vw, 1024px\" \/><\/figure><p>En Florida, con una excepci\u00f3n (la provisi\u00f3n extempor\u00e1nea de un cambio \u00fanico tras una solicitud por escrito), la compa\u00f1\u00eda de seguros tiene derecho a elegir a tus proveedores m\u00e9dicos. Sin embargo, <strong>los trabajadores lesionados tienen derecho absoluto a elegir su farmacia<\/strong> y\/o los medios para obtener o recibir sus medicamentos prescritos. <\/p><p>Las compa\u00f1\u00edas de seguros de Indemnizaci\u00f3n por Accidentes de Trabajo de Florida contratan habitualmente con farmacias e incluso con proveedores m\u00e9dicos para obtener descuentos en los medicamentos prescritos. Adem\u00e1s, no es infrecuente que las compa\u00f1\u00edas de seguros auditen y restrinjan los medicamentos que permitir\u00e1n recetar a los m\u00e9dicos elegidos. Por ello, \u00a1el derecho del trabajador lesionado a elegir la farmacia que desee es extremadamente importante!  <\/p><figure class=\"wp-block-image size-full\"><img decoding=\"async\" width=\"1024\" height=\"446\" class=\"wp-image-15074\" src=\"https:\/\/berlinlawfirm.com\/wp-content\/uploads\/2024\/04\/image-55.png\" alt=\"\" srcset=\"https:\/\/berlinlawfirm.com\/wp-content\/uploads\/2024\/04\/image-55.png 1024w, https:\/\/berlinlawfirm.com\/wp-content\/uploads\/2024\/04\/image-55-300x131.png 300w, https:\/\/berlinlawfirm.com\/wp-content\/uploads\/2024\/04\/image-55-768x335.png 768w\" sizes=\"(max-width: 1024px) 100vw, 1024px\" \/><\/figure><p>Nuestros <a href=\"https:\/\/berlinlawfirm.com\/es\/abogados-de-compensacion-laboral-de-florida\/\">abogados expertos en indemnizaci\u00f3n por accidente de trabajo de Florida<\/a> del bufete de abogados Berlin pueden ayudarte a obtener las recetas reales recomendadas por tus m\u00e9dicos, ayud\u00e1ndote a dirigirte a una farmacia que no exija autorizaci\u00f3n previa para los medicamentos, que env\u00ede los medicamentos de un d\u00eda para otro SIN LA APROBACI\u00d3N PREVIA DE LA COMPA\u00d1\u00cdA DE TRANSPORTE, y que se niegue a permitir que las compa\u00f1\u00edas de transporte negocien previamente y, por tanto, controlen qu\u00e9 medicamentos est\u00e1n dispuestas a proporcionar.<\/p><p>En Berlin Law Firm, inmediatamente despu\u00e9s de firmar como cliente, te daremos de alta en <a href=\"https:\/\/www.iwpharmacy.com\/\">la Farmacia del Trabajador Lesionado<\/a> para que puedas recuperar el control de tus recetas. Es esencial que las compa\u00f1\u00edas de seguros no controlen qu\u00e9 medicamentos se recetan ni qu\u00e9 medicamentos te proporcionar\u00e1n. Tu recuperaci\u00f3n es demasiado importante para permitir que compa\u00f1\u00edas de seguros de Accidentes de Trabajo sin escr\u00fapulos controlen tu medicaci\u00f3n bas\u00e1ndose en el coste de la medicaci\u00f3n frente a su eficacia.  <\/p><div class=\"wp-block-media-text is-stacked-on-mobile has-border-color has-black-color has-text-color has-background has-link-color has-medium-font-size\" style=\"border-color: #2d2d73; border-width: 5px; border-radius: 0px; background: linear-gradient(135deg,#b9a159 0%,#ffffff 93%); grid-template-columns: 24% auto;\"><figure class=\"wp-block-media-text__media\"><img decoding=\"async\" width=\"400\" height=\"400\" class=\"wp-image-16764 size-full\" src=\"https:\/\/berlinlawfirm.com\/wp-content\/uploads\/2024\/05\/stephen-berlin-author-profile.webp\" alt=\"Stephen Berlin, Abogado\" srcset=\"https:\/\/berlinlawfirm.com\/wp-content\/uploads\/2024\/05\/stephen-berlin-author-profile.webp 400w, https:\/\/berlinlawfirm.com\/wp-content\/uploads\/2024\/05\/stephen-berlin-author-profile-300x300.webp 300w, https:\/\/berlinlawfirm.com\/wp-content\/uploads\/2024\/05\/stephen-berlin-author-profile-150x150.webp 150w\" sizes=\"(max-width: 400px) 100vw, 400px\" \/><\/figure><div class=\"wp-block-media-text__content\"><h4 class=\"wp-block-heading\"><a href=\"https:\/\/berlinlawfirm.com\/es\/abogados\/stephen-berlin-abogado\/\">Consejo de confianza del socio fundador, Stephen Berlin<\/a><\/h4><p>\u00abUna de las \u00fanicas \u00e1reas que puedes controlar en un caso de indemnizaci\u00f3n laboral es la selecci\u00f3n de tu farmacia. Si firmas como cliente del bufete Berl\u00edn, te daremos de alta en una compa\u00f1\u00eda farmac\u00e9utica con la que trabajamos y que aprobar\u00e1 todas las recetas con\/sin la aprobaci\u00f3n de la compa\u00f1\u00eda de seguros.\u00bb<\/p><\/div><\/div><div class=\"wp-block-spacer\" style=\"height: 20px;\" aria-hidden=\"true\"> <\/div><h2 class=\"wp-block-heading\">Llama al bufete Berl\u00edn para una consulta gratuita<\/h2><p>Nuestro equipo ha ayudado a miles de floridanos lesionados a recuperar el control de sus recetas.  <strong>Tenemos oficinas en Sarasota y Tampa y ofrecemos consultas gratuitas y sin compromiso a todos los trabajadores lesionados de Florida.<\/strong><\/p><p><a href=\"https:\/\/berlinlawfirm.com\/es\/ponte-en-contacto-con\/\">Ll\u00e1manos<\/a> despu\u00e9s de haber sufrido una lesi\u00f3n laboral para que te dirijamos a <a href=\"https:\/\/www.iwpharmacy.com\/\">la Farmacia del Trabajador Lesionado<\/a>, a fin de que te proporcionen las recetas REALES recomendadas por tus m\u00e9dicos y que lo hagan de forma expeditiva. Si nos contratas para que te ayudemos, lucharemos por tu derecho a obtener todas las prestaciones por prescripci\u00f3n recomendadas por tus m\u00e9dicos tratantes. <\/p><p>\t\t<div data-elementor-type=\"container\" data-elementor-id=\"16321\" class=\"elementor elementor-16321 elementor-14631 elementor-14631\" data-elementor-post-type=\"elementor_library\">\n\t\t\t\t<div class=\"elementor-element elementor-element-2b8e40a e-con-full e-flex e-con e-child\" data-id=\"2b8e40a\" data-element_type=\"container\" data-e-type=\"container\" data-settings=\"{&quot;background_background&quot;:&quot;classic&quot;}\">\n\t\t<div class=\"elementor-element elementor-element-7534b971 e-con-full e-flex e-con e-child\" data-id=\"7534b971\" data-element_type=\"container\" data-e-type=\"container\">\n\t\t<div class=\"elementor-element elementor-element-6d9b117e e-con-full e-flex e-con e-child\" data-id=\"6d9b117e\" data-element_type=\"container\" data-e-type=\"container\" data-settings=\"{&quot;background_background&quot;:&quot;classic&quot;}\">\n\t\t\t\t<div class=\"elementor-element elementor-element-21fb8c08 elementor-widget elementor-widget-image\" data-id=\"21fb8c08\" data-element_type=\"widget\" data-e-type=\"widget\" data-widget_type=\"image.default\">\n\t\t\t\t\t\t\t\t\t\t\t\t\t\t\t<img loading=\"lazy\" decoding=\"async\" width=\"165\" height=\"232\" src=\"https:\/\/berlinlawfirm.com\/wp-content\/uploads\/2024\/03\/berlinlawfirm-vertical-logo.png\" class=\"attachment-large size-large wp-image-15897\" alt=\"Bufete Berl\u00edn\" \/>\t\t\t\t\t\t\t\t\t\t\t\t\t\t\t<\/div>\n\t\t\t\t<\/div>\n\t\t<div class=\"elementor-element elementor-element-45ffa703 e-con-full e-flex e-con e-child\" data-id=\"45ffa703\" data-element_type=\"container\" data-e-type=\"container\">\n\t\t\t\t<div class=\"elementor-element elementor-element-3b2926ca elementor-widget elementor-widget-heading\" data-id=\"3b2926ca\" data-element_type=\"widget\" data-e-type=\"widget\" data-widget_type=\"heading.default\">\n\t\t\t\t\t<h2 class=\"elementor-heading-title elementor-size-default\">Comenta gratis tu demanda por accidente laboral<\/h2>\t\t\t\t<\/div>\n\t\t\t\t<div class=\"elementor-element elementor-element-b58588c elementor-widget elementor-widget-text-editor\" data-id=\"b58588c\" data-element_type=\"widget\" data-e-type=\"widget\" data-widget_type=\"text-editor.default\">\n\t\t\t\t\t\t\t\t\t<p>Inf\u00f3rmate sobre los tipos de indemnizaci\u00f3n a los que puedes optar y obt\u00e9n respuesta a tus preguntas. Llama hoy mismo.<\/p>\n\t\t\t\t\t\t\t\t<\/div>\n\t\t\t\t<\/div>\n\t\t\t\t<\/div>\n\t\t<div class=\"elementor-element elementor-element-2f87cb0a e-con-full e-flex e-con e-child\" data-id=\"2f87cb0a\" data-element_type=\"container\" data-e-type=\"container\">\n\t\t\t\t<div class=\"elementor-element elementor-element-29a3b651 elementor-tablet-align-center elementor-mobile-align-center elementor-widget elementor-widget-button\" data-id=\"29a3b651\" data-element_type=\"widget\" data-e-type=\"widget\" data-widget_type=\"button.default\">\n\t\t\t\t\t\t\t\t\t\t<a class=\"elementor-button elementor-button-link elementor-size-xl elementor-animation-grow\" href=\"tel:9417777000\">\n\t\t\t\t\t\t<span class=\"elementor-button-content-wrapper\">\n\t\t\t\t\t\t\t\t\t<span class=\"elementor-button-text\">941.777.7000<\/span>\n\t\t\t\t\t<\/span>\n\t\t\t\t\t<\/a>\n\t\t\t\t\t\t\t\t<\/div>\n\t\t\t\t<div class=\"elementor-element elementor-element-355548df elementor-widget-tablet__width-auto elementor-align-center elementor-widget__width-initial elementor-widget elementor-widget-button\" data-id=\"355548df\" data-element_type=\"widget\" data-e-type=\"widget\" data-widget_type=\"button.default\">\n\t\t\t\t\t\t\t\t\t\t<a class=\"elementor-button elementor-button-link elementor-size-sm elementor-animation-grow\" href=\"https:\/\/berlinlawfirm.com\/es\/ponte-en-contacto-con\/\">\n\t\t\t\t\t\t<span class=\"elementor-button-content-wrapper\">\n\t\t\t\t\t\t\t\t\t<span class=\"elementor-button-text\">Consulta gratuita<\/span>\n\t\t\t\t\t<\/span>\n\t\t\t\t\t<\/a>\n\t\t\t\t\t\t\t\t<\/div>\n\t\t\t\t<\/div>\n\t\t\t\t<\/div>\n\t\t\t\t<\/div>\n\t\t<\/p>\t\t\t\t\t\t\t\t<\/div>\n\t\t\t\t\t<\/div>\n\t\t\t\t<\/div>\n\t\t<div class=\"elementor-element elementor-element-e21918b e-flex e-con-boxed e-con e-parent\" data-id=\"e21918b\" data-element_type=\"container\" data-e-type=\"container\">\n\t\t\t\t\t<div class=\"e-con-inner\">\n\t\t\t\t<div class=\"elementor-element elementor-element-a91a96a elementor-widget elementor-widget-html\" data-id=\"a91a96a\" data-element_type=\"widget\" data-e-type=\"widget\" data-widget_type=\"html.default\">\n\t\t\t\t\t<script type=\"application\/ld+json\">{\r\n  \"@context\": \"https:\/\/schema.org\",\r\n  \"@type\": \"FAQPage\",\r\n  \"mainEntity\": [\r\n    {\r\n      \"@type\": \"Question\",\r\n      \"name\": \"Has Workers Compensation Denied your Prescriptions?\",\r\n      \"acceptedAnswer\": {\r\n        \"@type\": \"Answer\",\r\n        \"text\": \"In Florida, with one exception being the untimely provision of a one-time change after a written request, the insurance company has the right to choose your medical providers. However, injured workers have the absolute right to choose their pharmacy and or the means to obtain or receive their prescriptive medications. Florida workers\u2019 compensation insurance companies routinely contract with pharmacies and even medical providers to obtain discounted rates on prescriptive medications. Additionally, it is not uncommon for insurance carriers to audit and restrict what medications they will allow their chosen physicians to prescribe. As such, the injured worker\u2019s right to select their chosen pharmacy is extremely important.\"\r\n      }\r\n    }\r\n  ]\r\n}\r\n<\/script>\t\t\t\t<\/div>\n\t\t\t\t\t<\/div>\n\t\t\t\t<\/div>\n\t\t\t\t<\/div>\n\t\t","protected":false},"excerpt":{"rendered":"<p>En Florida, con una excepci\u00f3n (la provisi\u00f3n extempor\u00e1nea de un cambio \u00fanico tras una solicitud por escrito), la compa\u00f1\u00eda de seguros tiene derecho a elegir a tus proveedores m\u00e9dicos. Sin embargo, los trabajadores lesionados tienen derecho absoluto a elegir su farmacia y\/o los medios para obtener o recibir sus medicamentos prescritos. Las compa\u00f1\u00edas de seguros [&hellip;]<\/p>\n","protected":false},"author":1,"featured_media":0,"parent":16259,"menu_order":0,"comment_status":"closed","ping_status":"closed","template":"elementor_theme","meta":{"_acf_changed":false,"footnotes":""},"class_list":["post-16248","page","type-page","status-publish","hentry"],"acf":[],"yoast_head":"<!-- This site is optimized with the Yoast SEO plugin v27.4 - https:\/\/yoast.com\/product\/yoast-seo-wordpress\/ -->\n<title>\u00bfTe ha denegado tus recetas el seguro de accidentes de trabajo?<\/title>\n<meta name=\"description\" content=\"Nuestros abogados del bufete Berlin Law Firm especializados en indemnizaci\u00f3n por accidente laboral en Florida pueden ayudarte a obtener las recetas recomendadas por tus m\u00e9dicos. Llama ahora\" \/>\n<meta name=\"robots\" content=\"index, follow, max-snippet:-1, max-image-preview:large, max-video-preview:-1\" \/>\n<link rel=\"canonical\" href=\"https:\/\/berlinlawfirm.com\/es\/abogados-de-compensacion-laboral-de-florida\/te-ha-denegado-tus-recetas-el-seguro-de-accidentes-de-trabajo\/\" \/>\n<meta property=\"og:locale\" content=\"es_ES\" \/>\n<meta property=\"og:type\" content=\"article\" \/>\n<meta property=\"og:title\" content=\"\u00bfTe ha denegado tus recetas el seguro de accidentes de trabajo?\" \/>\n<meta property=\"og:description\" content=\"Nuestros abogados del bufete Berlin Law Firm especializados en indemnizaci\u00f3n por accidente laboral en Florida pueden ayudarte a obtener las recetas recomendadas por tus m\u00e9dicos. Llama ahora\" \/>\n<meta property=\"og:url\" content=\"https:\/\/berlinlawfirm.com\/es\/abogados-de-compensacion-laboral-de-florida\/te-ha-denegado-tus-recetas-el-seguro-de-accidentes-de-trabajo\/\" \/>\n<meta property=\"og:site_name\" content=\"Berlin Law Firm\" \/>\n<meta property=\"article:publisher\" content=\"https:\/\/www.facebook.com\/berlinlawfirm\" \/>\n<meta property=\"article:modified_time\" content=\"2026-04-01T15:30:21+00:00\" \/>\n<meta property=\"og:image\" content=\"https:\/\/berlinlawfirm.com\/wp-content\/uploads\/2024\/04\/image-54.png\" \/>\n\t<meta property=\"og:image:width\" content=\"1024\" \/>\n\t<meta property=\"og:image:height\" content=\"416\" \/>\n\t<meta property=\"og:image:type\" content=\"image\/png\" \/>\n<meta name=\"twitter:card\" content=\"summary_large_image\" \/>\n<script type=\"application\/ld+json\" class=\"yoast-schema-graph\">{\"@context\":\"https:\\\/\\\/schema.org\",\"@graph\":[{\"@type\":\"WebPage\",\"@id\":\"https:\\\/\\\/berlinlawfirm.com\\\/es\\\/abogados-de-compensacion-laboral-de-florida\\\/te-ha-denegado-tus-recetas-el-seguro-de-accidentes-de-trabajo\\\/\",\"url\":\"https:\\\/\\\/berlinlawfirm.com\\\/es\\\/abogados-de-compensacion-laboral-de-florida\\\/te-ha-denegado-tus-recetas-el-seguro-de-accidentes-de-trabajo\\\/\",\"name\":\"\u00bfTe ha denegado tus recetas el seguro de accidentes de trabajo?\",\"isPartOf\":{\"@id\":\"https:\\\/\\\/berlinlawfirm.com\\\/es\\\/#website\"},\"primaryImageOfPage\":{\"@id\":\"https:\\\/\\\/berlinlawfirm.com\\\/es\\\/abogados-de-compensacion-laboral-de-florida\\\/te-ha-denegado-tus-recetas-el-seguro-de-accidentes-de-trabajo\\\/#primaryimage\"},\"image\":{\"@id\":\"https:\\\/\\\/berlinlawfirm.com\\\/es\\\/abogados-de-compensacion-laboral-de-florida\\\/te-ha-denegado-tus-recetas-el-seguro-de-accidentes-de-trabajo\\\/#primaryimage\"},\"thumbnailUrl\":\"https:\\\/\\\/berlinlawfirm.com\\\/wp-content\\\/uploads\\\/2024\\\/04\\\/image-54.png\",\"datePublished\":\"2024-04-15T15:26:45+00:00\",\"dateModified\":\"2026-04-01T15:30:21+00:00\",\"description\":\"Nuestros abogados del bufete Berlin Law Firm especializados en indemnizaci\u00f3n por accidente laboral en Florida pueden ayudarte a obtener las recetas recomendadas por tus m\u00e9dicos. Llama ahora\",\"breadcrumb\":{\"@id\":\"https:\\\/\\\/berlinlawfirm.com\\\/es\\\/abogados-de-compensacion-laboral-de-florida\\\/te-ha-denegado-tus-recetas-el-seguro-de-accidentes-de-trabajo\\\/#breadcrumb\"},\"inLanguage\":\"es\",\"potentialAction\":[{\"@type\":\"ReadAction\",\"target\":[\"https:\\\/\\\/berlinlawfirm.com\\\/es\\\/abogados-de-compensacion-laboral-de-florida\\\/te-ha-denegado-tus-recetas-el-seguro-de-accidentes-de-trabajo\\\/\"]}]},{\"@type\":\"ImageObject\",\"inLanguage\":\"es\",\"@id\":\"https:\\\/\\\/berlinlawfirm.com\\\/es\\\/abogados-de-compensacion-laboral-de-florida\\\/te-ha-denegado-tus-recetas-el-seguro-de-accidentes-de-trabajo\\\/#primaryimage\",\"url\":\"https:\\\/\\\/berlinlawfirm.com\\\/wp-content\\\/uploads\\\/2024\\\/04\\\/image-54.png\",\"contentUrl\":\"https:\\\/\\\/berlinlawfirm.com\\\/wp-content\\\/uploads\\\/2024\\\/04\\\/image-54.png\"},{\"@type\":\"BreadcrumbList\",\"@id\":\"https:\\\/\\\/berlinlawfirm.com\\\/es\\\/abogados-de-compensacion-laboral-de-florida\\\/te-ha-denegado-tus-recetas-el-seguro-de-accidentes-de-trabajo\\\/#breadcrumb\",\"itemListElement\":[{\"@type\":\"ListItem\",\"position\":1,\"name\":\"Home\",\"item\":\"https:\\\/\\\/berlinlawfirm.com\\\/es\\\/\"},{\"@type\":\"ListItem\",\"position\":2,\"name\":\"Abogados de Compensaci\u00f3n Laboral de Florida\",\"item\":\"https:\\\/\\\/berlinlawfirm.com\\\/es\\\/abogados-de-compensacion-laboral-de-florida\\\/\"},{\"@type\":\"ListItem\",\"position\":3,\"name\":\"\u00bfTe ha denegado tus recetas el seguro de accidentes de trabajo?\"}]},{\"@type\":\"WebSite\",\"@id\":\"https:\\\/\\\/berlinlawfirm.com\\\/es\\\/#website\",\"url\":\"https:\\\/\\\/berlinlawfirm.com\\\/es\\\/\",\"name\":\"Berlin Law Firm\",\"description\":\"Workers&#039; Compensation Lawyers\",\"publisher\":{\"@id\":\"https:\\\/\\\/berlinlawfirm.com\\\/es\\\/#organization\"},\"potentialAction\":[{\"@type\":\"SearchAction\",\"target\":{\"@type\":\"EntryPoint\",\"urlTemplate\":\"https:\\\/\\\/berlinlawfirm.com\\\/es\\\/?s={search_term_string}\"},\"query-input\":{\"@type\":\"PropertyValueSpecification\",\"valueRequired\":true,\"valueName\":\"search_term_string\"}}],\"inLanguage\":\"es\"},{\"@type\":\"Organization\",\"@id\":\"https:\\\/\\\/berlinlawfirm.com\\\/es\\\/#organization\",\"name\":\"Berlin Law Firm\",\"url\":\"https:\\\/\\\/berlinlawfirm.com\\\/es\\\/\",\"logo\":{\"@type\":\"ImageObject\",\"inLanguage\":\"es\",\"@id\":\"https:\\\/\\\/berlinlawfirm.com\\\/es\\\/#\\\/schema\\\/logo\\\/image\\\/\",\"url\":\"https:\\\/\\\/berlinlawfirm.com\\\/wp-content\\\/uploads\\\/2022\\\/10\\\/berlin-law-icon.png\",\"contentUrl\":\"https:\\\/\\\/berlinlawfirm.com\\\/wp-content\\\/uploads\\\/2022\\\/10\\\/berlin-law-icon.png\",\"width\":136,\"height\":150,\"caption\":\"Berlin Law Firm\"},\"image\":{\"@id\":\"https:\\\/\\\/berlinlawfirm.com\\\/es\\\/#\\\/schema\\\/logo\\\/image\\\/\"},\"sameAs\":[\"https:\\\/\\\/www.facebook.com\\\/berlinlawfirm\",\"https:\\\/\\\/www.instagram.com\\\/berlinlawfirm\\\/\",\"https:\\\/\\\/www.linkedin.com\\\/in\\\/berlin-law-firm-364702128\"]}]}<\/script>\n<!-- \/ Yoast SEO plugin. -->","yoast_head_json":{"title":"\u00bfTe ha denegado tus recetas el seguro de accidentes de trabajo?","description":"Nuestros abogados del bufete Berlin Law Firm especializados en indemnizaci\u00f3n por accidente laboral en Florida pueden ayudarte a obtener las recetas recomendadas por tus m\u00e9dicos. Llama ahora","robots":{"index":"index","follow":"follow","max-snippet":"max-snippet:-1","max-image-preview":"max-image-preview:large","max-video-preview":"max-video-preview:-1"},"canonical":"https:\/\/berlinlawfirm.com\/es\/abogados-de-compensacion-laboral-de-florida\/te-ha-denegado-tus-recetas-el-seguro-de-accidentes-de-trabajo\/","og_locale":"es_ES","og_type":"article","og_title":"\u00bfTe ha denegado tus recetas el seguro de accidentes de trabajo?","og_description":"Nuestros abogados del bufete Berlin Law Firm especializados en indemnizaci\u00f3n por accidente laboral en Florida pueden ayudarte a obtener las recetas recomendadas por tus m\u00e9dicos. Llama ahora","og_url":"https:\/\/berlinlawfirm.com\/es\/abogados-de-compensacion-laboral-de-florida\/te-ha-denegado-tus-recetas-el-seguro-de-accidentes-de-trabajo\/","og_site_name":"Berlin Law Firm","article_publisher":"https:\/\/www.facebook.com\/berlinlawfirm","article_modified_time":"2026-04-01T15:30:21+00:00","og_image":[{"width":1024,"height":416,"url":"https:\/\/berlinlawfirm.com\/wp-content\/uploads\/2024\/04\/image-54.png","type":"image\/png"}],"twitter_card":"summary_large_image","schema":{"@context":"https:\/\/schema.org","@graph":[{"@type":"WebPage","@id":"https:\/\/berlinlawfirm.com\/es\/abogados-de-compensacion-laboral-de-florida\/te-ha-denegado-tus-recetas-el-seguro-de-accidentes-de-trabajo\/","url":"https:\/\/berlinlawfirm.com\/es\/abogados-de-compensacion-laboral-de-florida\/te-ha-denegado-tus-recetas-el-seguro-de-accidentes-de-trabajo\/","name":"\u00bfTe ha denegado tus recetas el seguro de accidentes de trabajo?","isPartOf":{"@id":"https:\/\/berlinlawfirm.com\/es\/#website"},"primaryImageOfPage":{"@id":"https:\/\/berlinlawfirm.com\/es\/abogados-de-compensacion-laboral-de-florida\/te-ha-denegado-tus-recetas-el-seguro-de-accidentes-de-trabajo\/#primaryimage"},"image":{"@id":"https:\/\/berlinlawfirm.com\/es\/abogados-de-compensacion-laboral-de-florida\/te-ha-denegado-tus-recetas-el-seguro-de-accidentes-de-trabajo\/#primaryimage"},"thumbnailUrl":"https:\/\/berlinlawfirm.com\/wp-content\/uploads\/2024\/04\/image-54.png","datePublished":"2024-04-15T15:26:45+00:00","dateModified":"2026-04-01T15:30:21+00:00","description":"Nuestros abogados del bufete Berlin Law Firm especializados en indemnizaci\u00f3n por accidente laboral en Florida pueden ayudarte a obtener las recetas recomendadas por tus m\u00e9dicos. Llama ahora","breadcrumb":{"@id":"https:\/\/berlinlawfirm.com\/es\/abogados-de-compensacion-laboral-de-florida\/te-ha-denegado-tus-recetas-el-seguro-de-accidentes-de-trabajo\/#breadcrumb"},"inLanguage":"es","potentialAction":[{"@type":"ReadAction","target":["https:\/\/berlinlawfirm.com\/es\/abogados-de-compensacion-laboral-de-florida\/te-ha-denegado-tus-recetas-el-seguro-de-accidentes-de-trabajo\/"]}]},{"@type":"ImageObject","inLanguage":"es","@id":"https:\/\/berlinlawfirm.com\/es\/abogados-de-compensacion-laboral-de-florida\/te-ha-denegado-tus-recetas-el-seguro-de-accidentes-de-trabajo\/#primaryimage","url":"https:\/\/berlinlawfirm.com\/wp-content\/uploads\/2024\/04\/image-54.png","contentUrl":"https:\/\/berlinlawfirm.com\/wp-content\/uploads\/2024\/04\/image-54.png"},{"@type":"BreadcrumbList","@id":"https:\/\/berlinlawfirm.com\/es\/abogados-de-compensacion-laboral-de-florida\/te-ha-denegado-tus-recetas-el-seguro-de-accidentes-de-trabajo\/#breadcrumb","itemListElement":[{"@type":"ListItem","position":1,"name":"Home","item":"https:\/\/berlinlawfirm.com\/es\/"},{"@type":"ListItem","position":2,"name":"Abogados de Compensaci\u00f3n Laboral de Florida","item":"https:\/\/berlinlawfirm.com\/es\/abogados-de-compensacion-laboral-de-florida\/"},{"@type":"ListItem","position":3,"name":"\u00bfTe ha denegado tus recetas el seguro de accidentes de trabajo?"}]},{"@type":"WebSite","@id":"https:\/\/berlinlawfirm.com\/es\/#website","url":"https:\/\/berlinlawfirm.com\/es\/","name":"Berlin Law Firm","description":"Workers&#039; Compensation Lawyers","publisher":{"@id":"https:\/\/berlinlawfirm.com\/es\/#organization"},"potentialAction":[{"@type":"SearchAction","target":{"@type":"EntryPoint","urlTemplate":"https:\/\/berlinlawfirm.com\/es\/?s={search_term_string}"},"query-input":{"@type":"PropertyValueSpecification","valueRequired":true,"valueName":"search_term_string"}}],"inLanguage":"es"},{"@type":"Organization","@id":"https:\/\/berlinlawfirm.com\/es\/#organization","name":"Berlin Law Firm","url":"https:\/\/berlinlawfirm.com\/es\/","logo":{"@type":"ImageObject","inLanguage":"es","@id":"https:\/\/berlinlawfirm.com\/es\/#\/schema\/logo\/image\/","url":"https:\/\/berlinlawfirm.com\/wp-content\/uploads\/2022\/10\/berlin-law-icon.png","contentUrl":"https:\/\/berlinlawfirm.com\/wp-content\/uploads\/2022\/10\/berlin-law-icon.png","width":136,"height":150,"caption":"Berlin Law Firm"},"image":{"@id":"https:\/\/berlinlawfirm.com\/es\/#\/schema\/logo\/image\/"},"sameAs":["https:\/\/www.facebook.com\/berlinlawfirm","https:\/\/www.instagram.com\/berlinlawfirm\/","https:\/\/www.linkedin.com\/in\/berlin-law-firm-364702128"]}]}},"_links":{"self":[{"href":"https:\/\/berlinlawfirm.com\/es\/wp-json\/wp\/v2\/pages\/16248","targetHints":{"allow":["GET"]}}],"collection":[{"href":"https:\/\/berlinlawfirm.com\/es\/wp-json\/wp\/v2\/pages"}],"about":[{"href":"https:\/\/berlinlawfirm.com\/es\/wp-json\/wp\/v2\/types\/page"}],"author":[{"embeddable":true,"href":"https:\/\/berlinlawfirm.com\/es\/wp-json\/wp\/v2\/users\/1"}],"replies":[{"embeddable":true,"href":"https:\/\/berlinlawfirm.com\/es\/wp-json\/wp\/v2\/comments?post=16248"}],"version-history":[{"count":4,"href":"https:\/\/berlinlawfirm.com\/es\/wp-json\/wp\/v2\/pages\/16248\/revisions"}],"predecessor-version":[{"id":18907,"href":"https:\/\/berlinlawfirm.com\/es\/wp-json\/wp\/v2\/pages\/16248\/revisions\/18907"}],"up":[{"embeddable":true,"href":"https:\/\/berlinlawfirm.com\/es\/wp-json\/wp\/v2\/pages\/16259"}],"wp:attachment":[{"href":"https:\/\/berlinlawfirm.com\/es\/wp-json\/wp\/v2\/media?parent=16248"}],"curies":[{"name":"wp","href":"https:\/\/api.w.org\/{rel}","templated":true}]}}