{"id":16179,"date":"2024-04-12T21:00:19","date_gmt":"2024-04-12T21:00:19","guid":{"rendered":"https:\/\/berlinlawfirm.com\/leyes-de-indemnizacion-laboral-de-florida\/"},"modified":"2025-12-11T18:32:17","modified_gmt":"2025-12-11T18:32:17","slug":"leyes-de-indemnizacion-laboral-de-florida","status":"publish","type":"page","link":"https:\/\/berlinlawfirm.com\/es\/abogados-de-compensacion-laboral-de-florida\/leyes-de-indemnizacion-laboral-de-florida\/","title":{"rendered":"Leyes de indemnizaci\u00f3n laboral de Florida"},"content":{"rendered":"\n<figure class=\"wp-block-image size-full is-resized\"><img fetchpriority=\"high\" decoding=\"async\" width=\"1024\" height=\"514\" src=\"https:\/\/berlinlawfirm.com\/wp-content\/uploads\/2024\/04\/image-35.png\" alt=\"\" class=\"wp-image-15009\" style=\"width:841px;height:auto\" srcset=\"https:\/\/berlinlawfirm.com\/wp-content\/uploads\/2024\/04\/image-35.png 1024w, https:\/\/berlinlawfirm.com\/wp-content\/uploads\/2024\/04\/image-35-300x151.png 300w, https:\/\/berlinlawfirm.com\/wp-content\/uploads\/2024\/04\/image-35-768x386.png 768w\" sizes=\"(max-width: 1024px) 100vw, 1024px\" \/><\/figure>\n\n\n\n<p>En Florida, la Ley de Indemnizaci\u00f3n por Accidentes de Trabajo que se encuentra en <a href=\"http:\/\/www.leg.state.fl.us\/statutes\/index.cfm?App_mode=Display_Statute&amp;URL=0400-0499\/0440\/0440.html\" target=\"_blank\" rel=\"noreferrer noopener\">las Secciones 440.01-440.60 de los Estatutos de Florida<\/a> asegura \u00abla entrega r\u00e1pida y eficiente de prestaciones por incapacidad y m\u00e9dicas a un trabajador lesionado y para facilitar el regreso del trabajador a un reempleo remunerado a un costo razonable para el empleador.\u00bb Sin embargo, no siempre es as\u00ed. Las compa\u00f1\u00edas de seguros de accidentes de trabajo emplean diversos m\u00e9todos para denegar su reclamaci\u00f3n o reducir al m\u00ednimo las indemnizaciones a las que tiene derecho.&nbsp;<\/p>\n\n\n\n<p>En Berlin Law Firm, tenemos m\u00e1s de 30 a\u00f1os de experiencia en el manejo de reclamaciones de compensaci\u00f3n de trabajadores y las apelaciones de los empleados en Sarasota, Tampa, y en toda la Florida. Nuestro equipo conoce todas las t\u00e1cticas de las aseguradoras y no dejaremos que esos m\u00e9todos funcionen para negarle la indemnizaci\u00f3n a la que tiene derecho y que se merece. Si se ha lesionado a causa de un incidente laboral, podemos ayudarle. Queremos educarle e informarle de todas las opciones que normalmente se le ocultan. Comuniquese hoy mismo con nosotros para una consulta gratuita.&nbsp;<\/p>\n\n\n\n<h2 class=\"wp-block-heading\">\u00bfTengo derecho a una indemnizaci\u00f3n por accidente de trabajo?&nbsp;<\/h2>\n\n\n\n<p>De acuerdo con la legislaci\u00f3n laboral de Florida, la mayor\u00eda de las empresas est\u00e1n obligadas a contratar un seguro de indemnizaci\u00f3n por accidentes de trabajo para sus empleados, ya sean trabajadores a tiempo completo, a tiempo parcial o temporal.&nbsp;<\/p>\n\n\n\n<p><strong>Entre las lesiones comunes que est\u00e1n cubiertas se incluyen las siguientes:<\/strong>&nbsp;<\/p>\n\n\n\n<ul class=\"wp-block-list\">\n<li>Laceraciones\u00a0<\/li>\n<\/ul>\n\n\n\n<ul class=\"wp-block-list\">\n<li>Huesos rotos\u00a0<\/li>\n<\/ul>\n\n\n\n<ul class=\"wp-block-list\">\n<li>Da\u00f1o cerebral\u00a0<\/li>\n<\/ul>\n\n\n\n<ul class=\"wp-block-list\">\n<li>Quemaduras\u00a0<\/li>\n<\/ul>\n\n\n\n<ul class=\"wp-block-list\">\n<li>P\u00e9rdida auditiva\u00a0<\/li>\n<\/ul>\n\n\n\n<ul class=\"wp-block-list\">\n<li>Cataratas\u00a0<\/li>\n<\/ul>\n\n\n\n<ul class=\"wp-block-list\">\n<li>Distensiones y esguinces\u00a0<\/li>\n<\/ul>\n\n\n\n<ul class=\"wp-block-list\">\n<li>Exposici\u00f3n t\u00f3xica\u00a0<\/li>\n<\/ul>\n\n\n\n<p>Por ejemplo, si se lesion\u00f3 por el mal funcionamiento de una m\u00e1quina, tuvo un accidente mientras hac\u00eda repartos, tropez\u00f3 con una alfombra en su oficina, resbal\u00f3 y cay\u00f3 sobre una superficie resbaladiza o realiz\u00f3 cualquier otra tarea relacionada con el trabajo, es probable que est\u00e9 cubierto. Si se lesion\u00f3 mientras se desplazaba al trabajo o com\u00eda con sus compa\u00f1eros, es probable que no tenga derecho a prestaciones.&nbsp;<\/p>\n\n\n\n<h2 class=\"wp-block-heading\">\u00bfQu\u00e9 beneficios puedo esperar?&nbsp;<\/h2>\n\n\n\n<p>Las <strong>leyes de compensaci\u00f3n de los trabajadores de Florida<\/strong> permiten a los trabajadores lesionados obtener las siguientes prestaciones:&nbsp;<\/p>\n\n\n\n<ul class=\"wp-block-list\">\n<li><strong>P\u00e9rdida de salario:<\/strong> Si su lesi\u00f3n laboral le deja temporalmente incapacitado, sus prestaciones por p\u00e9rdida de salario suelen equivaler a dos tercios de su salario medio semanal. Las prestaciones por incapacidad permanente se basan en su salario medio semanal y en el grado de incapacidad que le haya otorgado su m\u00e9dico.\u00a0<\/li>\n<\/ul>\n\n\n\n<ul class=\"wp-block-list\">\n<li><strong>Facturas m\u00e9dicas: <\/strong>La indemnizaci\u00f3n por accidente de trabajo debe cubrir todas las facturas m\u00e9dicas relacionadas con la atenci\u00f3n y el tratamiento de su lesi\u00f3n laboral, incluida la cirug\u00eda, la hospitalizaci\u00f3n, la medicaci\u00f3n y la fisioterapia.\u00a0<\/li>\n<\/ul>\n\n\n\n<ul class=\"wp-block-list\">\n<li><strong>Rehabilitaci\u00f3n profesional:<\/strong> Si su lesi\u00f3n laboral le obliga adaptarse a un nuevo puesto, la indemnizaci\u00f3n por accidente de trabajo debe cubrir el gasto.\u00a0<\/li>\n<\/ul>\n\n\n\n<p>Recuerde que el hecho de que las leyes de compensaci\u00f3n de los trabajadores de Florida le den derecho a ciertas prestaciones no significa que vaya a ser f\u00e1cil obtenerlas. Puede encontrar resistencia por parte de la compa\u00f1\u00eda de seguros o de su empresa, que pueden intentar limitar o denegar las prestaciones a las que tiene derecho. Nuestros <a href=\"https:\/\/berlinlawfirm.com\/es\/lesiones\/\" target=\"_blank\" rel=\"noreferrer noopener\">abogados<\/a> son expertos en <a href=\"https:\/\/berlinlawfirm.com\/es\/lesiones\/\" target=\"_blank\" rel=\"noreferrer noopener\">accidentes de trabajo en Florida<\/a> y saben c\u00f3mo enfrentarse a estas t\u00e1cticas y pueden proporcionar la representaci\u00f3n fuerte que necesita para prevalecer contra ellos.\u00a0<\/p>\n\n\n\n<h2 class=\"wp-block-heading\">Reclamaci\u00f3n de indemnizaci\u00f3n por accidente laboral&nbsp;<\/h2>\n\n\n\n<p>En Florida se aplican plazos estrictos para presentar una reclamaci\u00f3n de indemnizaci\u00f3n por accidente laboral. Debe notificar su lesi\u00f3n a la empresa en un plazo de 30 d\u00edas<strong>.<\/strong> Tras notificar la lesi\u00f3n, la empresa debe remitirte a un m\u00e9dico autorizado. La empresa dispone de siete d\u00edas para notificar la lesi\u00f3n a su seguro de accidentes de trabajo. Tras revisar las circunstancias de su accidente y su tratamiento m\u00e9dico, la compa\u00f1\u00eda de seguros aprobar\u00e1 o denegar\u00e1 su reclamaci\u00f3n.&nbsp;<\/p>\n\n\n\n<p><strong>Puede mejorar sus posibilidades de \u00e9xito:<\/strong>&nbsp;<\/p>\n\n\n\n<ul class=\"wp-block-list\">\n<li>Acuda a un m\u00e9dico autorizado y siga las \u00f3rdenes y los planes de tratamiento de su m\u00e9dico.\u00a0<\/li>\n<\/ul>\n\n\n\n<ul class=\"wp-block-list\">\n<li>Documente su lesi\u00f3n y c\u00f3mo afecta su vida diaria: \u00bfle impide agacharse, inclinarse, sentarse o realizar otras actividades relacionadas con el trabajo?\u00a0<\/li>\n<\/ul>\n\n\n\n<ul class=\"wp-block-list\">\n<li>Tenga cuidado con lo que dice a los representantes de la compa\u00f1\u00eda de seguros: pueden intentar que diga cosas que perjudiquen su caso.\u00a0<\/li>\n<\/ul>\n\n\n\n<p>Una reclamaci\u00f3n denegada no es el final del proceso. El sistema de compensaci\u00f3n de trabajadores de Florida le permite apelar la decisi\u00f3n de la compa\u00f1\u00eda de seguros. Sin embargo, debe contratar a un abogado para que le ayude. En Berlin Law Firm, entendemos las leyes de lesiones de trabajo de la Florida y le podemos dar la mejor oportunidad de conseguir que aprueben su reclamo.&nbsp;e lesiones laborales y podemos darte la mejor oportunidad de que aprueben tu reclamaci\u00f3n.<\/p>\n\n\n\n<h2 class=\"wp-block-heading\">P\u00f3ngase en contacto con Berlin Law Firm para una evaluaci\u00f3n gratuita de su caso&nbsp;<\/h2>\n\n\n\n<p>Si usted tiene preguntas acerca de las leyes de compensaci\u00f3n de trabajadores de la Florida y c\u00f3mo se aplican a su lesi\u00f3n en el trabajo, estamos aqu\u00ed para usted. Nuestro equipo dedicado tiene un profundo conocimiento de estos estatutos para que podamos proporcionar a los trabajadores lesionados con la orientaci\u00f3n legal de confianza que se merecen.&nbsp;<\/p>\n\n\n\n<p>P\u00f3ngase en contacto con nosotros hoy para obtener m\u00e1s informaci\u00f3n sobre c\u00f3mo podemos ayudarle a obtener los beneficios de compensaci\u00f3n de trabajadores que necesita despu\u00e9s de sufrir una lesi\u00f3n grave en el trabajo.&nbsp;<\/p>\n\n\n\t\t<div data-elementor-type=\"container\" data-elementor-id=\"16321\" class=\"elementor elementor-16321 elementor-14631\" data-elementor-post-type=\"elementor_library\">\n\t\t\t\t<div class=\"elementor-element elementor-element-2b8e40a e-con-full e-flex e-con e-child\" data-id=\"2b8e40a\" data-element_type=\"container\" data-e-type=\"container\" data-settings=\"{&quot;background_background&quot;:&quot;classic&quot;}\">\n\t\t<div class=\"elementor-element elementor-element-7534b971 e-con-full e-flex e-con e-child\" data-id=\"7534b971\" data-element_type=\"container\" data-e-type=\"container\">\n\t\t<div class=\"elementor-element elementor-element-6d9b117e e-con-full e-flex e-con e-child\" data-id=\"6d9b117e\" data-element_type=\"container\" data-e-type=\"container\" data-settings=\"{&quot;background_background&quot;:&quot;classic&quot;}\">\n\t\t\t\t<div class=\"elementor-element elementor-element-21fb8c08 elementor-widget elementor-widget-image\" data-id=\"21fb8c08\" data-element_type=\"widget\" data-e-type=\"widget\" data-widget_type=\"image.default\">\n\t\t\t\t\t\t\t\t\t\t\t\t\t\t\t<img decoding=\"async\" width=\"165\" height=\"232\" src=\"https:\/\/berlinlawfirm.com\/wp-content\/uploads\/2024\/03\/berlinlawfirm-vertical-logo.png\" class=\"attachment-large size-large wp-image-15897\" alt=\"Bufete Berl\u00edn\" \/>\t\t\t\t\t\t\t\t\t\t\t\t\t\t\t<\/div>\n\t\t\t\t<\/div>\n\t\t<div class=\"elementor-element elementor-element-45ffa703 e-con-full e-flex e-con e-child\" data-id=\"45ffa703\" data-element_type=\"container\" data-e-type=\"container\">\n\t\t\t\t<div class=\"elementor-element elementor-element-3b2926ca elementor-widget elementor-widget-heading\" data-id=\"3b2926ca\" data-element_type=\"widget\" data-e-type=\"widget\" data-widget_type=\"heading.default\">\n\t\t\t\t\t<h2 class=\"elementor-heading-title elementor-size-default\">Comenta gratis tu demanda por accidente laboral<\/h2>\t\t\t\t<\/div>\n\t\t\t\t<div class=\"elementor-element elementor-element-b58588c elementor-widget elementor-widget-text-editor\" data-id=\"b58588c\" data-element_type=\"widget\" data-e-type=\"widget\" data-widget_type=\"text-editor.default\">\n\t\t\t\t\t\t\t\t\t<p>Inf\u00f3rmate sobre los tipos de indemnizaci\u00f3n a los que puedes optar y obt\u00e9n respuesta a tus preguntas. Llama hoy mismo.<\/p>\n\t\t\t\t\t\t\t\t<\/div>\n\t\t\t\t<\/div>\n\t\t\t\t<\/div>\n\t\t<div class=\"elementor-element elementor-element-2f87cb0a e-con-full e-flex e-con e-child\" data-id=\"2f87cb0a\" data-element_type=\"container\" data-e-type=\"container\">\n\t\t\t\t<div class=\"elementor-element elementor-element-29a3b651 elementor-tablet-align-center elementor-mobile-align-center elementor-widget elementor-widget-button\" data-id=\"29a3b651\" data-element_type=\"widget\" data-e-type=\"widget\" data-widget_type=\"button.default\">\n\t\t\t\t\t\t\t\t\t\t<a class=\"elementor-button elementor-button-link elementor-size-xl elementor-animation-grow\" href=\"tel:9417777000\">\n\t\t\t\t\t\t<span class=\"elementor-button-content-wrapper\">\n\t\t\t\t\t\t\t\t\t<span class=\"elementor-button-text\">941.777.7000<\/span>\n\t\t\t\t\t<\/span>\n\t\t\t\t\t<\/a>\n\t\t\t\t\t\t\t\t<\/div>\n\t\t\t\t<div class=\"elementor-element elementor-element-355548df elementor-widget-tablet__width-auto elementor-align-center elementor-widget__width-initial elementor-widget elementor-widget-button\" data-id=\"355548df\" data-element_type=\"widget\" data-e-type=\"widget\" data-widget_type=\"button.default\">\n\t\t\t\t\t\t\t\t\t\t<a class=\"elementor-button elementor-button-link elementor-size-sm elementor-animation-grow\" href=\"https:\/\/berlinlawfirm.com\/es\/ponte-en-contacto-con\/\">\n\t\t\t\t\t\t<span class=\"elementor-button-content-wrapper\">\n\t\t\t\t\t\t\t\t\t<span class=\"elementor-button-text\">Consulta gratuita<\/span>\n\t\t\t\t\t<\/span>\n\t\t\t\t\t<\/a>\n\t\t\t\t\t\t\t\t<\/div>\n\t\t\t\t<\/div>\n\t\t\t\t<\/div>\n\t\t\t\t<\/div>\n\t\t\n","protected":false},"excerpt":{"rendered":"<p>En Florida, la Ley de Indemnizaci\u00f3n por Accidentes de Trabajo que se encuentra en las Secciones 440.01-440.60 de los Estatutos de Florida asegura \u00abla entrega r\u00e1pida y eficiente de prestaciones por incapacidad y m\u00e9dicas a un trabajador lesionado y para facilitar el regreso del trabajador a un reempleo remunerado a un costo razonable para el [&hellip;]<\/p>\n","protected":false},"author":1,"featured_media":0,"parent":16259,"menu_order":0,"comment_status":"closed","ping_status":"closed","template":"","meta":{"_acf_changed":false,"footnotes":""},"class_list":["post-16179","page","type-page","status-publish","hentry"],"acf":[],"yoast_head":"<!-- This site is optimized with the Yoast SEO plugin v27.2 - https:\/\/yoast.com\/product\/yoast-seo-wordpress\/ -->\n<title>Leyes de Compensaci\u00f3n Laboral de Florida | Bufete Berlin<\/title>\n<meta name=\"description\" content=\"\u00bfTienes preguntas sobre las leyes de compensaci\u00f3n de los trabajadores de Florida y c\u00f3mo se aplican en tu caso? Ponte en contacto con el bufete Berl\u00edn para una consulta gratuita.\" \/>\n<meta name=\"robots\" content=\"index, follow, max-snippet:-1, max-image-preview:large, max-video-preview:-1\" \/>\n<link rel=\"canonical\" href=\"https:\/\/berlinlawfirm.com\/es\/abogados-de-compensacion-laboral-de-florida\/leyes-de-indemnizacion-laboral-de-florida\/\" \/>\n<meta property=\"og:locale\" content=\"es_ES\" \/>\n<meta property=\"og:type\" content=\"article\" \/>\n<meta property=\"og:title\" content=\"Leyes de Compensaci\u00f3n Laboral de Florida | Bufete Berlin\" \/>\n<meta property=\"og:description\" content=\"\u00bfTienes preguntas sobre las leyes de compensaci\u00f3n de los trabajadores de Florida y c\u00f3mo se aplican en tu caso? Ponte en contacto con el bufete Berl\u00edn para una consulta gratuita.\" \/>\n<meta property=\"og:url\" content=\"https:\/\/berlinlawfirm.com\/es\/abogados-de-compensacion-laboral-de-florida\/leyes-de-indemnizacion-laboral-de-florida\/\" \/>\n<meta property=\"og:site_name\" content=\"Berlin Law Firm\" \/>\n<meta property=\"article:publisher\" content=\"https:\/\/www.facebook.com\/berlinlawfirm\" \/>\n<meta property=\"article:modified_time\" content=\"2025-12-11T18:32:17+00:00\" \/>\n<meta property=\"og:image\" content=\"https:\/\/berlinlawfirm.com\/wp-content\/uploads\/2024\/04\/image-35.png\" \/>\n\t<meta property=\"og:image:width\" content=\"1024\" \/>\n\t<meta property=\"og:image:height\" content=\"514\" \/>\n\t<meta property=\"og:image:type\" content=\"image\/png\" \/>\n<meta name=\"twitter:card\" content=\"summary_large_image\" \/>\n<script type=\"application\/ld+json\" class=\"yoast-schema-graph\">{\"@context\":\"https:\/\/schema.org\",\"@graph\":[{\"@type\":\"WebPage\",\"@id\":\"https:\/\/berlinlawfirm.com\/es\/abogados-de-compensacion-laboral-de-florida\/leyes-de-indemnizacion-laboral-de-florida\/\",\"url\":\"https:\/\/berlinlawfirm.com\/es\/abogados-de-compensacion-laboral-de-florida\/leyes-de-indemnizacion-laboral-de-florida\/\",\"name\":\"Leyes de Compensaci\u00f3n Laboral de Florida | Bufete Berlin\",\"isPartOf\":{\"@id\":\"https:\/\/berlinlawfirm.com\/es\/#website\"},\"primaryImageOfPage\":{\"@id\":\"https:\/\/berlinlawfirm.com\/es\/abogados-de-compensacion-laboral-de-florida\/leyes-de-indemnizacion-laboral-de-florida\/#primaryimage\"},\"image\":{\"@id\":\"https:\/\/berlinlawfirm.com\/es\/abogados-de-compensacion-laboral-de-florida\/leyes-de-indemnizacion-laboral-de-florida\/#primaryimage\"},\"thumbnailUrl\":\"https:\/\/berlinlawfirm.com\/wp-content\/uploads\/2024\/04\/image-35.png\",\"datePublished\":\"2024-04-12T21:00:19+00:00\",\"dateModified\":\"2025-12-11T18:32:17+00:00\",\"description\":\"\u00bfTienes preguntas sobre las leyes de compensaci\u00f3n de los trabajadores de Florida y c\u00f3mo se aplican en tu caso? Ponte en contacto con el bufete Berl\u00edn para una consulta gratuita.\",\"breadcrumb\":{\"@id\":\"https:\/\/berlinlawfirm.com\/es\/abogados-de-compensacion-laboral-de-florida\/leyes-de-indemnizacion-laboral-de-florida\/#breadcrumb\"},\"inLanguage\":\"es\",\"potentialAction\":[{\"@type\":\"ReadAction\",\"target\":[\"https:\/\/berlinlawfirm.com\/es\/abogados-de-compensacion-laboral-de-florida\/leyes-de-indemnizacion-laboral-de-florida\/\"]}]},{\"@type\":\"ImageObject\",\"inLanguage\":\"es\",\"@id\":\"https:\/\/berlinlawfirm.com\/es\/abogados-de-compensacion-laboral-de-florida\/leyes-de-indemnizacion-laboral-de-florida\/#primaryimage\",\"url\":\"https:\/\/berlinlawfirm.com\/wp-content\/uploads\/2024\/04\/image-35.png\",\"contentUrl\":\"https:\/\/berlinlawfirm.com\/wp-content\/uploads\/2024\/04\/image-35.png\"},{\"@type\":\"BreadcrumbList\",\"@id\":\"https:\/\/berlinlawfirm.com\/es\/abogados-de-compensacion-laboral-de-florida\/leyes-de-indemnizacion-laboral-de-florida\/#breadcrumb\",\"itemListElement\":[{\"@type\":\"ListItem\",\"position\":1,\"name\":\"Home\",\"item\":\"https:\/\/berlinlawfirm.com\/es\/\"},{\"@type\":\"ListItem\",\"position\":2,\"name\":\"Abogados de Compensaci\u00f3n Laboral de Florida\",\"item\":\"https:\/\/berlinlawfirm.com\/es\/abogados-de-compensacion-laboral-de-florida\/\"},{\"@type\":\"ListItem\",\"position\":3,\"name\":\"Leyes de indemnizaci\u00f3n laboral de Florida\"}]},{\"@type\":\"WebSite\",\"@id\":\"https:\/\/berlinlawfirm.com\/es\/#website\",\"url\":\"https:\/\/berlinlawfirm.com\/es\/\",\"name\":\"Berlin Law Firm\",\"description\":\"Workers&#039; Compensation Lawyers\",\"publisher\":{\"@id\":\"https:\/\/berlinlawfirm.com\/es\/#organization\"},\"potentialAction\":[{\"@type\":\"SearchAction\",\"target\":{\"@type\":\"EntryPoint\",\"urlTemplate\":\"https:\/\/berlinlawfirm.com\/es\/?s={search_term_string}\"},\"query-input\":{\"@type\":\"PropertyValueSpecification\",\"valueRequired\":true,\"valueName\":\"search_term_string\"}}],\"inLanguage\":\"es\"},{\"@type\":\"Organization\",\"@id\":\"https:\/\/berlinlawfirm.com\/es\/#organization\",\"name\":\"Berlin Law Firm\",\"url\":\"https:\/\/berlinlawfirm.com\/es\/\",\"logo\":{\"@type\":\"ImageObject\",\"inLanguage\":\"es\",\"@id\":\"https:\/\/berlinlawfirm.com\/es\/#\/schema\/logo\/image\/\",\"url\":\"https:\/\/berlinlawfirm.com\/wp-content\/uploads\/2022\/10\/berlin-law-icon.png\",\"contentUrl\":\"https:\/\/berlinlawfirm.com\/wp-content\/uploads\/2022\/10\/berlin-law-icon.png\",\"width\":136,\"height\":150,\"caption\":\"Berlin Law Firm\"},\"image\":{\"@id\":\"https:\/\/berlinlawfirm.com\/es\/#\/schema\/logo\/image\/\"},\"sameAs\":[\"https:\/\/www.facebook.com\/berlinlawfirm\",\"https:\/\/www.instagram.com\/berlinlawfirm\/\",\"https:\/\/www.linkedin.com\/in\/berlin-law-firm-364702128\"]}]}<\/script>\n<!-- \/ Yoast SEO plugin. -->","yoast_head_json":{"title":"Leyes de Compensaci\u00f3n Laboral de Florida | Bufete Berlin","description":"\u00bfTienes preguntas sobre las leyes de compensaci\u00f3n de los trabajadores de Florida y c\u00f3mo se aplican en tu caso? Ponte en contacto con el bufete Berl\u00edn para una consulta gratuita.","robots":{"index":"index","follow":"follow","max-snippet":"max-snippet:-1","max-image-preview":"max-image-preview:large","max-video-preview":"max-video-preview:-1"},"canonical":"https:\/\/berlinlawfirm.com\/es\/abogados-de-compensacion-laboral-de-florida\/leyes-de-indemnizacion-laboral-de-florida\/","og_locale":"es_ES","og_type":"article","og_title":"Leyes de Compensaci\u00f3n Laboral de Florida | Bufete Berlin","og_description":"\u00bfTienes preguntas sobre las leyes de compensaci\u00f3n de los trabajadores de Florida y c\u00f3mo se aplican en tu caso? Ponte en contacto con el bufete Berl\u00edn para una consulta gratuita.","og_url":"https:\/\/berlinlawfirm.com\/es\/abogados-de-compensacion-laboral-de-florida\/leyes-de-indemnizacion-laboral-de-florida\/","og_site_name":"Berlin Law Firm","article_publisher":"https:\/\/www.facebook.com\/berlinlawfirm","article_modified_time":"2025-12-11T18:32:17+00:00","og_image":[{"width":1024,"height":514,"url":"https:\/\/berlinlawfirm.com\/wp-content\/uploads\/2024\/04\/image-35.png","type":"image\/png"}],"twitter_card":"summary_large_image","schema":{"@context":"https:\/\/schema.org","@graph":[{"@type":"WebPage","@id":"https:\/\/berlinlawfirm.com\/es\/abogados-de-compensacion-laboral-de-florida\/leyes-de-indemnizacion-laboral-de-florida\/","url":"https:\/\/berlinlawfirm.com\/es\/abogados-de-compensacion-laboral-de-florida\/leyes-de-indemnizacion-laboral-de-florida\/","name":"Leyes de Compensaci\u00f3n Laboral de Florida | Bufete Berlin","isPartOf":{"@id":"https:\/\/berlinlawfirm.com\/es\/#website"},"primaryImageOfPage":{"@id":"https:\/\/berlinlawfirm.com\/es\/abogados-de-compensacion-laboral-de-florida\/leyes-de-indemnizacion-laboral-de-florida\/#primaryimage"},"image":{"@id":"https:\/\/berlinlawfirm.com\/es\/abogados-de-compensacion-laboral-de-florida\/leyes-de-indemnizacion-laboral-de-florida\/#primaryimage"},"thumbnailUrl":"https:\/\/berlinlawfirm.com\/wp-content\/uploads\/2024\/04\/image-35.png","datePublished":"2024-04-12T21:00:19+00:00","dateModified":"2025-12-11T18:32:17+00:00","description":"\u00bfTienes preguntas sobre las leyes de compensaci\u00f3n de los trabajadores de Florida y c\u00f3mo se aplican en tu caso? Ponte en contacto con el bufete Berl\u00edn para una consulta gratuita.","breadcrumb":{"@id":"https:\/\/berlinlawfirm.com\/es\/abogados-de-compensacion-laboral-de-florida\/leyes-de-indemnizacion-laboral-de-florida\/#breadcrumb"},"inLanguage":"es","potentialAction":[{"@type":"ReadAction","target":["https:\/\/berlinlawfirm.com\/es\/abogados-de-compensacion-laboral-de-florida\/leyes-de-indemnizacion-laboral-de-florida\/"]}]},{"@type":"ImageObject","inLanguage":"es","@id":"https:\/\/berlinlawfirm.com\/es\/abogados-de-compensacion-laboral-de-florida\/leyes-de-indemnizacion-laboral-de-florida\/#primaryimage","url":"https:\/\/berlinlawfirm.com\/wp-content\/uploads\/2024\/04\/image-35.png","contentUrl":"https:\/\/berlinlawfirm.com\/wp-content\/uploads\/2024\/04\/image-35.png"},{"@type":"BreadcrumbList","@id":"https:\/\/berlinlawfirm.com\/es\/abogados-de-compensacion-laboral-de-florida\/leyes-de-indemnizacion-laboral-de-florida\/#breadcrumb","itemListElement":[{"@type":"ListItem","position":1,"name":"Home","item":"https:\/\/berlinlawfirm.com\/es\/"},{"@type":"ListItem","position":2,"name":"Abogados de Compensaci\u00f3n Laboral de Florida","item":"https:\/\/berlinlawfirm.com\/es\/abogados-de-compensacion-laboral-de-florida\/"},{"@type":"ListItem","position":3,"name":"Leyes de indemnizaci\u00f3n laboral de Florida"}]},{"@type":"WebSite","@id":"https:\/\/berlinlawfirm.com\/es\/#website","url":"https:\/\/berlinlawfirm.com\/es\/","name":"Berlin Law Firm","description":"Workers&#039; Compensation Lawyers","publisher":{"@id":"https:\/\/berlinlawfirm.com\/es\/#organization"},"potentialAction":[{"@type":"SearchAction","target":{"@type":"EntryPoint","urlTemplate":"https:\/\/berlinlawfirm.com\/es\/?s={search_term_string}"},"query-input":{"@type":"PropertyValueSpecification","valueRequired":true,"valueName":"search_term_string"}}],"inLanguage":"es"},{"@type":"Organization","@id":"https:\/\/berlinlawfirm.com\/es\/#organization","name":"Berlin Law Firm","url":"https:\/\/berlinlawfirm.com\/es\/","logo":{"@type":"ImageObject","inLanguage":"es","@id":"https:\/\/berlinlawfirm.com\/es\/#\/schema\/logo\/image\/","url":"https:\/\/berlinlawfirm.com\/wp-content\/uploads\/2022\/10\/berlin-law-icon.png","contentUrl":"https:\/\/berlinlawfirm.com\/wp-content\/uploads\/2022\/10\/berlin-law-icon.png","width":136,"height":150,"caption":"Berlin Law Firm"},"image":{"@id":"https:\/\/berlinlawfirm.com\/es\/#\/schema\/logo\/image\/"},"sameAs":["https:\/\/www.facebook.com\/berlinlawfirm","https:\/\/www.instagram.com\/berlinlawfirm\/","https:\/\/www.linkedin.com\/in\/berlin-law-firm-364702128"]}]}},"_links":{"self":[{"href":"https:\/\/berlinlawfirm.com\/es\/wp-json\/wp\/v2\/pages\/16179","targetHints":{"allow":["GET"]}}],"collection":[{"href":"https:\/\/berlinlawfirm.com\/es\/wp-json\/wp\/v2\/pages"}],"about":[{"href":"https:\/\/berlinlawfirm.com\/es\/wp-json\/wp\/v2\/types\/page"}],"author":[{"embeddable":true,"href":"https:\/\/berlinlawfirm.com\/es\/wp-json\/wp\/v2\/users\/1"}],"replies":[{"embeddable":true,"href":"https:\/\/berlinlawfirm.com\/es\/wp-json\/wp\/v2\/comments?post=16179"}],"version-history":[{"count":3,"href":"https:\/\/berlinlawfirm.com\/es\/wp-json\/wp\/v2\/pages\/16179\/revisions"}],"predecessor-version":[{"id":18564,"href":"https:\/\/berlinlawfirm.com\/es\/wp-json\/wp\/v2\/pages\/16179\/revisions\/18564"}],"up":[{"embeddable":true,"href":"https:\/\/berlinlawfirm.com\/es\/wp-json\/wp\/v2\/pages\/16259"}],"wp:attachment":[{"href":"https:\/\/berlinlawfirm.com\/es\/wp-json\/wp\/v2\/media?parent=16179"}],"curies":[{"name":"wp","href":"https:\/\/api.w.org\/{rel}","templated":true}]}}