{"id":16137,"date":"2024-04-12T18:49:12","date_gmt":"2024-04-12T18:49:12","guid":{"rendered":"https:\/\/berlinlawfirm.com\/abogados-de-florida-especializados-en-lesiones-laborales\/lesiones-laborales-de-rodilla-hombro-y-articulaciones\/"},"modified":"2025-12-11T16:59:43","modified_gmt":"2025-12-11T16:59:43","slug":"lesiones-laborales-de-rodilla-hombro-y-articulaciones","status":"publish","type":"page","link":"https:\/\/berlinlawfirm.com\/es\/abogados-de-florida-especializados-en-lesiones-laborales\/lesiones-laborales-de-rodilla-hombro-y-articulaciones\/","title":{"rendered":"Lesiones laborales de rodilla, hombro y articulaciones"},"content":{"rendered":"\n<p>Toda lesi\u00f3n, especialmente en un entorno laboral, es motivo de preocupaci\u00f3n. En el bufete de abogados Berlin tratamos todas las lesiones con seriedad y colaboramos estrechamente con nuestros clientes para superar la dura oposici\u00f3n del seguro. Cuando las compa\u00f1\u00edas de seguros quieren aprovecharse de tu situaci\u00f3n, nosotros estamos aqu\u00ed para tratarte con el m\u00e1ximo cuidado y atenci\u00f3n. Nos aseguraremos de que obtengas la indemnizaci\u00f3n por accidente laboral y el tratamiento que necesitas y al que tienes derecho.<\/p>\n\n<p>Las lesiones de rodilla, hombro y articulaciones se encuentran entre las lesiones laborales m\u00e1s comunes. En la mayor\u00eda de los casos, aunque se produzcan en el transcurso de una actividad normal y cotidiana, si esas lesiones se producen en el trabajo, tienes derecho a prestaciones. Adem\u00e1s, si no se tratan, las lesiones de rodilla, hombro y otras articulaciones empeorar\u00e1n con el tiempo y pueden conducir a una vida de dolor cr\u00f3nico y artritis.<\/p>\n\n<p>Las lesiones articulares se producen con frecuencia por levantar objetos pesados, ca\u00eddas o incluso esfuerzos repetidos. Independientemente de c\u00f3mo se haya producido la lesi\u00f3n, se puede reclamar una indemnizaci\u00f3n por cualquier lesi\u00f3n articular relacionada con un lugar de trabajo.<\/p>\n\n<h2 class=\"wp-block-heading\">Buscar asistencia para tu lesi\u00f3n articular es esencial<\/h2>\n\n<p>Sin un tratamiento adecuado, que incluya medicamentos, fisioterapia y reposo, tu lesi\u00f3n puede mantenerte sin trabajar durante largos periodos de tiempo. En el bufete de abogados Berl\u00edn, conocemos el alcance de esas lesiones laborales y la forma m\u00e1s expeditiva de conseguir que vuelvas a ponerte en pie, en pleno funcionamiento y sin dolor. Por encima de eso, nos ocuparemos de todos los asuntos legales para que te indemnicen semanalmente, durante todo el tiempo que est\u00e9s incapacitado para trabajar.<\/p>\n\n<p>Trabajamos estrechamente con cada persona para determinar la mejor forma de actuar. Nos aseguraremos de que se te proporcione todo el tratamiento m\u00e9dico disponible, de que recibas todos y cada uno de los salarios perdidos a los que tengas derecho, y trabajaremos contigo para asegurarnos de que la compa\u00f1\u00eda de seguros te pague una indemnizaci\u00f3n justa y razonable que te compense adecuadamente por el valor total de tu reclamaci\u00f3n. Tenemos m\u00e1s de 22 a\u00f1os de experiencia en indemnizaci\u00f3n por accidentes de trabajo y 17 a\u00f1os de experiencia pr\u00e1ctica real trabajando con compa\u00f1\u00edas de seguros. Hemos llevado miles de casos para la compa\u00f1\u00eda de seguros y sabemos exactamente lo que hacen. En el bufete de abogados Berlin, tu reclamaci\u00f3n se tramitar\u00e1 con el m\u00e1ximo cuidado y diligencia para que te indemnicen de forma justa y con el m\u00ednimo de preocupaciones.<\/p>\n\n<p>Nos ocupamos de diversas lesiones relacionadas con las articulaciones, entre ellas<\/p>\n\n<ul class=\"wp-block-list\">\n<li>Artritis<\/li>\n\n\n\n<li>Rodillas fracturadas<\/li>\n\n\n\n<li>Tendinitis<\/li>\n\n\n\n<li>Pr\u00f3tesis de rodilla<\/li>\n\n\n\n<li>Fracturas de tibia y peron\u00e9<\/li>\n\n\n\n<li>Roturas de menisco<\/li>\n<\/ul>\n\n<p>El bufete Berl\u00edn ofrece un servicio inigualable a nuestros clientes que se enfrentan a la oposici\u00f3n de las compa\u00f1\u00edas de seguros. Trabajamos las veinticuatro horas del d\u00eda para guiarte a trav\u00e9s de tu lesi\u00f3n e indemnizaci\u00f3n, trabajamos incansablemente cuando otros habr\u00edan renunciado hace tiempo. Ll\u00e1manos al <a href=\"tel:9417777000\">\n  <strong>941-777-7000<\/strong>\n<\/a> para hablar de lo que podemos hacer por ti. Tenemos oficinas en <a href=\"https:\/\/berlinlawfirm.com\/es\/oficinas\/abogados-de-compensacion-laboral-de-tampa\/\">Tampa<\/a> y <a href=\"https:\/\/berlinlawfirm.com\/es\/oficinas\/abogados-de-indemnizacion-por-accidente-laboral-en-sarasota\/\">Sarasota<\/a>, dispuestas a ayudarte con tu caso.  <\/p>\n\t\t<div data-elementor-type=\"container\" data-elementor-id=\"16321\" class=\"elementor elementor-16321 elementor-14631\" data-elementor-post-type=\"elementor_library\">\n\t\t\t\t<div class=\"elementor-element elementor-element-2b8e40a e-con-full e-flex e-con e-child\" data-id=\"2b8e40a\" data-element_type=\"container\" data-e-type=\"container\" data-settings=\"{&quot;background_background&quot;:&quot;classic&quot;}\">\n\t\t<div class=\"elementor-element elementor-element-7534b971 e-con-full e-flex e-con e-child\" data-id=\"7534b971\" data-element_type=\"container\" data-e-type=\"container\">\n\t\t<div class=\"elementor-element elementor-element-6d9b117e e-con-full e-flex e-con e-child\" data-id=\"6d9b117e\" data-element_type=\"container\" data-e-type=\"container\" data-settings=\"{&quot;background_background&quot;:&quot;classic&quot;}\">\n\t\t\t\t<div class=\"elementor-element elementor-element-21fb8c08 elementor-widget elementor-widget-image\" data-id=\"21fb8c08\" data-element_type=\"widget\" data-e-type=\"widget\" data-widget_type=\"image.default\">\n\t\t\t\t\t\t\t\t\t\t\t\t\t\t\t<img decoding=\"async\" width=\"165\" height=\"232\" src=\"https:\/\/berlinlawfirm.com\/wp-content\/uploads\/2024\/03\/berlinlawfirm-vertical-logo.png\" class=\"attachment-large size-large wp-image-15897\" alt=\"Bufete Berl\u00edn\" \/>\t\t\t\t\t\t\t\t\t\t\t\t\t\t\t<\/div>\n\t\t\t\t<\/div>\n\t\t<div class=\"elementor-element elementor-element-45ffa703 e-con-full e-flex e-con e-child\" data-id=\"45ffa703\" data-element_type=\"container\" data-e-type=\"container\">\n\t\t\t\t<div class=\"elementor-element elementor-element-3b2926ca elementor-widget elementor-widget-heading\" data-id=\"3b2926ca\" data-element_type=\"widget\" data-e-type=\"widget\" data-widget_type=\"heading.default\">\n\t\t\t\t\t<h2 class=\"elementor-heading-title elementor-size-default\">Comenta gratis tu demanda por accidente laboral<\/h2>\t\t\t\t<\/div>\n\t\t\t\t<div class=\"elementor-element elementor-element-b58588c elementor-widget elementor-widget-text-editor\" data-id=\"b58588c\" data-element_type=\"widget\" data-e-type=\"widget\" data-widget_type=\"text-editor.default\">\n\t\t\t\t\t\t\t\t\t<p>Inf\u00f3rmate sobre los tipos de indemnizaci\u00f3n a los que puedes optar y obt\u00e9n respuesta a tus preguntas. Llama hoy mismo.<\/p>\n\t\t\t\t\t\t\t\t<\/div>\n\t\t\t\t<\/div>\n\t\t\t\t<\/div>\n\t\t<div class=\"elementor-element elementor-element-2f87cb0a e-con-full e-flex e-con e-child\" data-id=\"2f87cb0a\" data-element_type=\"container\" data-e-type=\"container\">\n\t\t\t\t<div class=\"elementor-element elementor-element-29a3b651 elementor-tablet-align-center elementor-mobile-align-center elementor-widget elementor-widget-button\" data-id=\"29a3b651\" data-element_type=\"widget\" data-e-type=\"widget\" data-widget_type=\"button.default\">\n\t\t\t\t\t\t\t\t\t\t<a class=\"elementor-button elementor-button-link elementor-size-xl elementor-animation-grow\" href=\"tel:9417777000\">\n\t\t\t\t\t\t<span class=\"elementor-button-content-wrapper\">\n\t\t\t\t\t\t\t\t\t<span class=\"elementor-button-text\">941.777.7000<\/span>\n\t\t\t\t\t<\/span>\n\t\t\t\t\t<\/a>\n\t\t\t\t\t\t\t\t<\/div>\n\t\t\t\t<div class=\"elementor-element elementor-element-355548df elementor-widget-tablet__width-auto elementor-align-center elementor-widget__width-initial elementor-widget elementor-widget-button\" data-id=\"355548df\" data-element_type=\"widget\" data-e-type=\"widget\" data-widget_type=\"button.default\">\n\t\t\t\t\t\t\t\t\t\t<a class=\"elementor-button elementor-button-link elementor-size-sm elementor-animation-grow\" href=\"https:\/\/berlinlawfirm.com\/es\/ponte-en-contacto-con\/\">\n\t\t\t\t\t\t<span class=\"elementor-button-content-wrapper\">\n\t\t\t\t\t\t\t\t\t<span class=\"elementor-button-text\">Consulta gratuita<\/span>\n\t\t\t\t\t<\/span>\n\t\t\t\t\t<\/a>\n\t\t\t\t\t\t\t\t<\/div>\n\t\t\t\t<\/div>\n\t\t\t\t<\/div>\n\t\t\t\t<\/div>\n\t\t\n","protected":false},"excerpt":{"rendered":"<p>Toda lesi\u00f3n, especialmente en un entorno laboral, es motivo de preocupaci\u00f3n. En el bufete de abogados Berlin tratamos todas las lesiones con seriedad y colaboramos estrechamente con nuestros clientes para superar la dura oposici\u00f3n del seguro. Cuando las compa\u00f1\u00edas de seguros quieren aprovecharse de tu situaci\u00f3n, nosotros estamos aqu\u00ed para tratarte con el m\u00e1ximo cuidado [&hellip;]<\/p>\n","protected":false},"author":1,"featured_media":0,"parent":16123,"menu_order":0,"comment_status":"closed","ping_status":"closed","template":"","meta":{"_acf_changed":false,"footnotes":""},"class_list":["post-16137","page","type-page","status-publish","hentry"],"acf":[],"yoast_head":"<!-- This site is optimized with the Yoast SEO plugin v27.2 - https:\/\/yoast.com\/product\/yoast-seo-wordpress\/ -->\n<title>Lesiones de rodilla, hombro y articulaciones - Hechos sobre la indemnizaci\u00f3n laboral - Bufete Berl\u00edn<\/title>\n<meta name=\"description\" content=\"Si tienes dolor articular debido a un incidente laboral, no debes esperar a recibir tratamiento y busca representaci\u00f3n legal en el bufete de abogados Berlin.\" \/>\n<meta name=\"robots\" content=\"index, follow, max-snippet:-1, max-image-preview:large, max-video-preview:-1\" \/>\n<link rel=\"canonical\" href=\"https:\/\/berlinlawfirm.com\/es\/abogados-de-florida-especializados-en-lesiones-laborales\/lesiones-laborales-de-rodilla-hombro-y-articulaciones\/\" \/>\n<meta property=\"og:locale\" content=\"es_ES\" \/>\n<meta property=\"og:type\" content=\"article\" \/>\n<meta property=\"og:title\" content=\"Lesiones de rodilla, hombro y articulaciones - Hechos sobre la indemnizaci\u00f3n laboral - Bufete Berl\u00edn\" \/>\n<meta property=\"og:description\" content=\"Si tienes dolor articular debido a un incidente laboral, no debes esperar a recibir tratamiento y busca representaci\u00f3n legal en el bufete de abogados Berlin.\" \/>\n<meta property=\"og:url\" content=\"https:\/\/berlinlawfirm.com\/es\/abogados-de-florida-especializados-en-lesiones-laborales\/lesiones-laborales-de-rodilla-hombro-y-articulaciones\/\" \/>\n<meta property=\"og:site_name\" content=\"Berlin Law Firm\" \/>\n<meta property=\"article:publisher\" content=\"https:\/\/www.facebook.com\/berlinlawfirm\" \/>\n<meta property=\"article:modified_time\" content=\"2025-12-11T16:59:43+00:00\" \/>\n<meta property=\"og:image\" content=\"https:\/\/berlinlawfirm.com\/wp-content\/uploads\/2024\/04\/berlin.png\" \/>\n\t<meta property=\"og:image:width\" content=\"960\" \/>\n\t<meta property=\"og:image:height\" content=\"960\" \/>\n\t<meta property=\"og:image:type\" content=\"image\/png\" \/>\n<meta name=\"twitter:card\" content=\"summary_large_image\" \/>\n<script type=\"application\/ld+json\" class=\"yoast-schema-graph\">{\"@context\":\"https:\/\/schema.org\",\"@graph\":[{\"@type\":\"WebPage\",\"@id\":\"https:\/\/berlinlawfirm.com\/es\/abogados-de-florida-especializados-en-lesiones-laborales\/lesiones-laborales-de-rodilla-hombro-y-articulaciones\/\",\"url\":\"https:\/\/berlinlawfirm.com\/es\/abogados-de-florida-especializados-en-lesiones-laborales\/lesiones-laborales-de-rodilla-hombro-y-articulaciones\/\",\"name\":\"Lesiones de rodilla, hombro y articulaciones - Hechos sobre la indemnizaci\u00f3n laboral - Bufete Berl\u00edn\",\"isPartOf\":{\"@id\":\"https:\/\/berlinlawfirm.com\/es\/#website\"},\"datePublished\":\"2024-04-12T18:49:12+00:00\",\"dateModified\":\"2025-12-11T16:59:43+00:00\",\"description\":\"Si tienes dolor articular debido a un incidente laboral, no debes esperar a recibir tratamiento y busca representaci\u00f3n legal en el bufete de abogados Berlin.\",\"breadcrumb\":{\"@id\":\"https:\/\/berlinlawfirm.com\/es\/abogados-de-florida-especializados-en-lesiones-laborales\/lesiones-laborales-de-rodilla-hombro-y-articulaciones\/#breadcrumb\"},\"inLanguage\":\"es\",\"potentialAction\":[{\"@type\":\"ReadAction\",\"target\":[\"https:\/\/berlinlawfirm.com\/es\/abogados-de-florida-especializados-en-lesiones-laborales\/lesiones-laborales-de-rodilla-hombro-y-articulaciones\/\"]}]},{\"@type\":\"BreadcrumbList\",\"@id\":\"https:\/\/berlinlawfirm.com\/es\/abogados-de-florida-especializados-en-lesiones-laborales\/lesiones-laborales-de-rodilla-hombro-y-articulaciones\/#breadcrumb\",\"itemListElement\":[{\"@type\":\"ListItem\",\"position\":1,\"name\":\"Home\",\"item\":\"https:\/\/berlinlawfirm.com\/es\/\"},{\"@type\":\"ListItem\",\"position\":2,\"name\":\"Abogados de Florida especializados en lesiones laborales\",\"item\":\"https:\/\/berlinlawfirm.com\/es\/abogados-de-florida-especializados-en-lesiones-laborales\/\"},{\"@type\":\"ListItem\",\"position\":3,\"name\":\"Lesiones laborales de rodilla, hombro y articulaciones\"}]},{\"@type\":\"WebSite\",\"@id\":\"https:\/\/berlinlawfirm.com\/es\/#website\",\"url\":\"https:\/\/berlinlawfirm.com\/es\/\",\"name\":\"Berlin Law Firm\",\"description\":\"Workers&#039; Compensation Lawyers\",\"publisher\":{\"@id\":\"https:\/\/berlinlawfirm.com\/es\/#organization\"},\"potentialAction\":[{\"@type\":\"SearchAction\",\"target\":{\"@type\":\"EntryPoint\",\"urlTemplate\":\"https:\/\/berlinlawfirm.com\/es\/?s={search_term_string}\"},\"query-input\":{\"@type\":\"PropertyValueSpecification\",\"valueRequired\":true,\"valueName\":\"search_term_string\"}}],\"inLanguage\":\"es\"},{\"@type\":\"Organization\",\"@id\":\"https:\/\/berlinlawfirm.com\/es\/#organization\",\"name\":\"Berlin Law Firm\",\"url\":\"https:\/\/berlinlawfirm.com\/es\/\",\"logo\":{\"@type\":\"ImageObject\",\"inLanguage\":\"es\",\"@id\":\"https:\/\/berlinlawfirm.com\/es\/#\/schema\/logo\/image\/\",\"url\":\"https:\/\/berlinlawfirm.com\/wp-content\/uploads\/2022\/10\/berlin-law-icon.png\",\"contentUrl\":\"https:\/\/berlinlawfirm.com\/wp-content\/uploads\/2022\/10\/berlin-law-icon.png\",\"width\":136,\"height\":150,\"caption\":\"Berlin Law Firm\"},\"image\":{\"@id\":\"https:\/\/berlinlawfirm.com\/es\/#\/schema\/logo\/image\/\"},\"sameAs\":[\"https:\/\/www.facebook.com\/berlinlawfirm\",\"https:\/\/www.instagram.com\/berlinlawfirm\/\",\"https:\/\/www.linkedin.com\/in\/berlin-law-firm-364702128\"]}]}<\/script>\n<!-- \/ Yoast SEO plugin. -->","yoast_head_json":{"title":"Lesiones de rodilla, hombro y articulaciones - Hechos sobre la indemnizaci\u00f3n laboral - Bufete Berl\u00edn","description":"Si tienes dolor articular debido a un incidente laboral, no debes esperar a recibir tratamiento y busca representaci\u00f3n legal en el bufete de abogados Berlin.","robots":{"index":"index","follow":"follow","max-snippet":"max-snippet:-1","max-image-preview":"max-image-preview:large","max-video-preview":"max-video-preview:-1"},"canonical":"https:\/\/berlinlawfirm.com\/es\/abogados-de-florida-especializados-en-lesiones-laborales\/lesiones-laborales-de-rodilla-hombro-y-articulaciones\/","og_locale":"es_ES","og_type":"article","og_title":"Lesiones de rodilla, hombro y articulaciones - Hechos sobre la indemnizaci\u00f3n laboral - Bufete Berl\u00edn","og_description":"Si tienes dolor articular debido a un incidente laboral, no debes esperar a recibir tratamiento y busca representaci\u00f3n legal en el bufete de abogados Berlin.","og_url":"https:\/\/berlinlawfirm.com\/es\/abogados-de-florida-especializados-en-lesiones-laborales\/lesiones-laborales-de-rodilla-hombro-y-articulaciones\/","og_site_name":"Berlin Law Firm","article_publisher":"https:\/\/www.facebook.com\/berlinlawfirm","article_modified_time":"2025-12-11T16:59:43+00:00","og_image":[{"width":960,"height":960,"url":"https:\/\/berlinlawfirm.com\/wp-content\/uploads\/2024\/04\/berlin.png","type":"image\/png"}],"twitter_card":"summary_large_image","schema":{"@context":"https:\/\/schema.org","@graph":[{"@type":"WebPage","@id":"https:\/\/berlinlawfirm.com\/es\/abogados-de-florida-especializados-en-lesiones-laborales\/lesiones-laborales-de-rodilla-hombro-y-articulaciones\/","url":"https:\/\/berlinlawfirm.com\/es\/abogados-de-florida-especializados-en-lesiones-laborales\/lesiones-laborales-de-rodilla-hombro-y-articulaciones\/","name":"Lesiones de rodilla, hombro y articulaciones - Hechos sobre la indemnizaci\u00f3n laboral - Bufete Berl\u00edn","isPartOf":{"@id":"https:\/\/berlinlawfirm.com\/es\/#website"},"datePublished":"2024-04-12T18:49:12+00:00","dateModified":"2025-12-11T16:59:43+00:00","description":"Si tienes dolor articular debido a un incidente laboral, no debes esperar a recibir tratamiento y busca representaci\u00f3n legal en el bufete de abogados Berlin.","breadcrumb":{"@id":"https:\/\/berlinlawfirm.com\/es\/abogados-de-florida-especializados-en-lesiones-laborales\/lesiones-laborales-de-rodilla-hombro-y-articulaciones\/#breadcrumb"},"inLanguage":"es","potentialAction":[{"@type":"ReadAction","target":["https:\/\/berlinlawfirm.com\/es\/abogados-de-florida-especializados-en-lesiones-laborales\/lesiones-laborales-de-rodilla-hombro-y-articulaciones\/"]}]},{"@type":"BreadcrumbList","@id":"https:\/\/berlinlawfirm.com\/es\/abogados-de-florida-especializados-en-lesiones-laborales\/lesiones-laborales-de-rodilla-hombro-y-articulaciones\/#breadcrumb","itemListElement":[{"@type":"ListItem","position":1,"name":"Home","item":"https:\/\/berlinlawfirm.com\/es\/"},{"@type":"ListItem","position":2,"name":"Abogados de Florida especializados en lesiones laborales","item":"https:\/\/berlinlawfirm.com\/es\/abogados-de-florida-especializados-en-lesiones-laborales\/"},{"@type":"ListItem","position":3,"name":"Lesiones laborales de rodilla, hombro y articulaciones"}]},{"@type":"WebSite","@id":"https:\/\/berlinlawfirm.com\/es\/#website","url":"https:\/\/berlinlawfirm.com\/es\/","name":"Berlin Law Firm","description":"Workers&#039; Compensation Lawyers","publisher":{"@id":"https:\/\/berlinlawfirm.com\/es\/#organization"},"potentialAction":[{"@type":"SearchAction","target":{"@type":"EntryPoint","urlTemplate":"https:\/\/berlinlawfirm.com\/es\/?s={search_term_string}"},"query-input":{"@type":"PropertyValueSpecification","valueRequired":true,"valueName":"search_term_string"}}],"inLanguage":"es"},{"@type":"Organization","@id":"https:\/\/berlinlawfirm.com\/es\/#organization","name":"Berlin Law Firm","url":"https:\/\/berlinlawfirm.com\/es\/","logo":{"@type":"ImageObject","inLanguage":"es","@id":"https:\/\/berlinlawfirm.com\/es\/#\/schema\/logo\/image\/","url":"https:\/\/berlinlawfirm.com\/wp-content\/uploads\/2022\/10\/berlin-law-icon.png","contentUrl":"https:\/\/berlinlawfirm.com\/wp-content\/uploads\/2022\/10\/berlin-law-icon.png","width":136,"height":150,"caption":"Berlin Law Firm"},"image":{"@id":"https:\/\/berlinlawfirm.com\/es\/#\/schema\/logo\/image\/"},"sameAs":["https:\/\/www.facebook.com\/berlinlawfirm","https:\/\/www.instagram.com\/berlinlawfirm\/","https:\/\/www.linkedin.com\/in\/berlin-law-firm-364702128"]}]}},"_links":{"self":[{"href":"https:\/\/berlinlawfirm.com\/es\/wp-json\/wp\/v2\/pages\/16137","targetHints":{"allow":["GET"]}}],"collection":[{"href":"https:\/\/berlinlawfirm.com\/es\/wp-json\/wp\/v2\/pages"}],"about":[{"href":"https:\/\/berlinlawfirm.com\/es\/wp-json\/wp\/v2\/types\/page"}],"author":[{"embeddable":true,"href":"https:\/\/berlinlawfirm.com\/es\/wp-json\/wp\/v2\/users\/1"}],"replies":[{"embeddable":true,"href":"https:\/\/berlinlawfirm.com\/es\/wp-json\/wp\/v2\/comments?post=16137"}],"version-history":[{"count":3,"href":"https:\/\/berlinlawfirm.com\/es\/wp-json\/wp\/v2\/pages\/16137\/revisions"}],"predecessor-version":[{"id":18481,"href":"https:\/\/berlinlawfirm.com\/es\/wp-json\/wp\/v2\/pages\/16137\/revisions\/18481"}],"up":[{"embeddable":true,"href":"https:\/\/berlinlawfirm.com\/es\/wp-json\/wp\/v2\/pages\/16123"}],"wp:attachment":[{"href":"https:\/\/berlinlawfirm.com\/es\/wp-json\/wp\/v2\/media?parent=16137"}],"curies":[{"name":"wp","href":"https:\/\/api.w.org\/{rel}","templated":true}]}}