{"id":16113,"date":"2024-03-20T20:44:40","date_gmt":"2024-03-20T20:44:40","guid":{"rendered":"https:\/\/berlinlawfirm.com\/sobre-nosotros\/"},"modified":"2026-01-23T20:52:27","modified_gmt":"2026-01-23T20:52:27","slug":"sobre-nosotros","status":"publish","type":"page","link":"https:\/\/berlinlawfirm.com\/es\/sobre-nosotros\/","title":{"rendered":"Sobre nosotros"},"content":{"rendered":"\t\t<div data-elementor-type=\"wp-page\" data-elementor-id=\"16113\" class=\"elementor elementor-16113 elementor-14354\" data-elementor-post-type=\"page\">\n\t\t\t\t<div class=\"elementor-element elementor-element-9733712 e-con-full e-flex e-con e-parent\" data-id=\"9733712\" data-element_type=\"container\" data-e-type=\"container\">\n\t\t\t\t<div class=\"elementor-element elementor-element-1811467 elementor-widget elementor-widget-template\" data-id=\"1811467\" data-element_type=\"widget\" data-e-type=\"widget\" data-widget_type=\"template.default\">\n\t\t\t\t<div class=\"elementor-widget-container\">\n\t\t\t\t\t\t\t<div class=\"elementor-template\">\n\t\t\t\t\t<div data-elementor-type=\"section\" data-elementor-id=\"16280\" class=\"elementor elementor-16280 elementor-599 elementor-599\" data-elementor-post-type=\"elementor_library\">\n\t\t\t<div class=\"elementor-element elementor-element-e6ba0dc e-con-full e-flex e-con e-parent\" data-id=\"e6ba0dc\" data-element_type=\"container\" data-e-type=\"container\" data-settings=\"{&quot;background_background&quot;:&quot;classic&quot;}\">\n\t\t<div class=\"elementor-element elementor-element-34714ad e-flex e-con-boxed e-con e-child\" data-id=\"34714ad\" data-element_type=\"container\" data-e-type=\"container\">\n\t\t\t\t\t<div class=\"e-con-inner\">\n\t\t\t\t<div class=\"elementor-element elementor-element-e50d4ed elementor-align-left elementor-mobile-align-left elementor-widget elementor-widget-breadcrumbs\" data-id=\"e50d4ed\" data-element_type=\"widget\" data-e-type=\"widget\" data-widget_type=\"breadcrumbs.default\">\n\t\t\t\t\t<p id=\"breadcrumbs\"><span><span><a href=\"https:\/\/berlinlawfirm.com\/es\/\">Home<\/a><\/span><\/span><\/p>\t\t\t\t<\/div>\n\t\t\t\t\t<\/div>\n\t\t\t\t<\/div>\n\t\t\t\t<\/div>\n\t\t\t\t<\/div>\n\t\t\t\t<\/div>\n\t\t\t\t\t\t<\/div>\n\t\t\t\t<\/div>\n\t\t\t\t<\/div>\n\t\t<div class=\"elementor-element elementor-element-4a1908b e-flex e-con-boxed e-con e-parent\" data-id=\"4a1908b\" data-element_type=\"container\" data-e-type=\"container\" data-settings=\"{&quot;background_background&quot;:&quot;classic&quot;}\">\n\t\t\t\t\t<div class=\"e-con-inner\">\n\t\t<div class=\"elementor-element elementor-element-65cbc47 e-flex e-con-boxed e-con e-child\" data-id=\"65cbc47\" data-element_type=\"container\" data-e-type=\"container\">\n\t\t\t\t\t<div class=\"e-con-inner\">\n\t\t\t\t<div class=\"elementor-element elementor-element-bbc493e elementor-widget__width-initial elementor-widget-tablet__width-initial elementor-widget elementor-widget-heading\" data-id=\"bbc493e\" data-element_type=\"widget\" data-e-type=\"widget\" data-widget_type=\"heading.default\">\n\t\t\t\t\t<div class=\"elementor-heading-title elementor-size-default\">Toda persona tiene una historia si alguien se toma el tiempo de escucharla.<\/div>\t\t\t\t<\/div>\n\t\t\t\t\t<\/div>\n\t\t\t\t<\/div>\n\t\t\t\t\t<\/div>\n\t\t\t\t<\/div>\n\t\t<div class=\"elementor-element elementor-element-bcaedfd e-flex e-con-boxed e-con e-parent\" data-id=\"bcaedfd\" data-element_type=\"container\" data-e-type=\"container\" data-settings=\"{&quot;background_background&quot;:&quot;classic&quot;}\">\n\t\t\t\t\t<div class=\"e-con-inner\">\n\t\t<div class=\"elementor-element elementor-element-8654464 e-con-full e-flex e-con e-child\" data-id=\"8654464\" data-element_type=\"container\" data-e-type=\"container\">\n\t\t<div class=\"elementor-element elementor-element-3565ca0 e-con-full e-flex e-con e-child\" data-id=\"3565ca0\" data-element_type=\"container\" data-e-type=\"container\">\n\t\t<div class=\"elementor-element elementor-element-704e892 e-con-full e-flex e-con e-child\" data-id=\"704e892\" data-element_type=\"container\" data-e-type=\"container\" data-settings=\"{&quot;background_background&quot;:&quot;classic&quot;}\">\n\t\t\t\t<\/div>\n\t\t\t\t<div class=\"elementor-element elementor-element-7fa3391 elementor-widget elementor-widget-heading\" data-id=\"7fa3391\" data-element_type=\"widget\" data-e-type=\"widget\" data-widget_type=\"heading.default\">\n\t\t\t\t\t<h5 class=\"elementor-heading-title elementor-size-default\">Stephen Berlin, Abogado<\/h5>\t\t\t\t<\/div>\n\t\t\t\t<div class=\"elementor-element elementor-element-6c470f1 elementor-widget elementor-widget-heading\" data-id=\"6c470f1\" data-element_type=\"widget\" data-e-type=\"widget\" data-widget_type=\"heading.default\">\n\t\t\t\t\t<span class=\"elementor-heading-title elementor-size-default\">Abogado director<\/span>\t\t\t\t<\/div>\n\t\t\t\t<\/div>\n\t\t<div class=\"elementor-element elementor-element-4945e83 e-con-full e-flex e-con e-child\" data-id=\"4945e83\" data-element_type=\"container\" data-e-type=\"container\">\n\t\t\t\t<div class=\"elementor-element elementor-element-5be5b8f elementor-widget elementor-widget-heading\" data-id=\"5be5b8f\" data-element_type=\"widget\" data-e-type=\"widget\" data-widget_type=\"heading.default\">\n\t\t\t\t\t<h2 class=\"elementor-heading-title elementor-size-default\">Bienvenido a<\/h2>\t\t\t\t<\/div>\n\t\t\t\t<div class=\"elementor-element elementor-element-8988227 elementor-widget elementor-widget-heading\" data-id=\"8988227\" data-element_type=\"widget\" data-e-type=\"widget\" data-widget_type=\"heading.default\">\n\t\t\t\t\t<h2 class=\"elementor-heading-title elementor-size-default\">Bufete Berl\u00edn<\/h2>\t\t\t\t<\/div>\n\t\t\t\t<div class=\"elementor-element elementor-element-65ff4f2 elementor-widget elementor-widget-image\" data-id=\"65ff4f2\" data-element_type=\"widget\" data-e-type=\"widget\" data-widget_type=\"image.default\">\n\t\t\t\t\t\t\t\t\t\t\t\t\t\t\t<img decoding=\"async\" width=\"110\" height=\"97\" src=\"https:\/\/berlinlawfirm.com\/wp-content\/uploads\/2024\/03\/left-quotes.svg\" class=\"attachment-large size-large wp-image-15926\" alt=\"\" \/>\t\t\t\t\t\t\t\t\t\t\t\t\t\t\t<\/div>\n\t\t\t\t<div class=\"elementor-element elementor-element-9e1b350 elementor-widget elementor-widget-text-editor\" data-id=\"9e1b350\" data-element_type=\"widget\" data-e-type=\"widget\" data-widget_type=\"text-editor.default\">\n\t\t\t\t\t\t\t\t\t<p>[Empezamos este bufete con la intenci\u00f3n de decir la verdad, tu verdad. Toda persona tiene una historia si alguien se toma el tiempo de escucharla. Hay muchos abogados a los que s\u00f3lo les preocupa el balance final y no se preocupan por las dificultades que te plantea la vida como consecuencia de tu lesi\u00f3n laboral. Nuestro objetivo es ayudar a las personas como se merecen, mediante una representaci\u00f3n justa, un trabajo honesto y una b\u00fasqueda incesante de la mejora de esta comunidad.<\/p>\t\t\t\t\t\t\t\t<\/div>\n\t\t\t\t<\/div>\n\t\t\t\t<\/div>\n\t\t\t\t\t<\/div>\n\t\t\t\t<\/div>\n\t\t<div class=\"elementor-element elementor-element-0977029 e-flex e-con-boxed e-con e-parent\" data-id=\"0977029\" data-element_type=\"container\" data-e-type=\"container\" data-settings=\"{&quot;background_background&quot;:&quot;classic&quot;}\">\n\t\t\t\t\t<div class=\"e-con-inner\">\n\t\t\t\t<div class=\"elementor-element elementor-element-42e3f73 elementor-widget elementor-widget-heading\" data-id=\"42e3f73\" data-element_type=\"widget\" data-e-type=\"widget\" data-widget_type=\"heading.default\">\n\t\t\t\t\t<span class=\"elementor-heading-title elementor-size-default\">Acerca de nuestra empresa<\/span>\t\t\t\t<\/div>\n\t\t\t\t<div class=\"elementor-element elementor-element-b8d6b50 elementor-widget-divider--view-line elementor-widget elementor-widget-divider\" data-id=\"b8d6b50\" data-element_type=\"widget\" data-e-type=\"widget\" data-widget_type=\"divider.default\">\n\t\t\t\t\t\t\t<div class=\"elementor-divider\">\n\t\t\t<span class=\"elementor-divider-separator\">\n\t\t\t\t\t\t<\/span>\n\t\t<\/div>\n\t\t\t\t\t\t<\/div>\n\t\t\t\t<div class=\"elementor-element elementor-element-a636918 elementor-widget elementor-widget-heading\" data-id=\"a636918\" data-element_type=\"widget\" data-e-type=\"widget\" data-widget_type=\"heading.default\">\n\t\t\t\t\t<h2 class=\"elementor-heading-title elementor-size-default\">Acerca de nuestro bufete de abogados de Florida \nCompensaci\u00f3n a los trabajadores<\/h2>\t\t\t\t<\/div>\n\t\t<div class=\"elementor-element elementor-element-da53189 e-flex e-con-boxed e-con e-child\" data-id=\"da53189\" data-element_type=\"container\" data-e-type=\"container\">\n\t\t\t\t\t<div class=\"e-con-inner\">\n\t\t<div class=\"elementor-element elementor-element-357e33e e-con-full e-flex e-con e-child\" data-id=\"357e33e\" data-element_type=\"container\" data-e-type=\"container\" data-settings=\"{&quot;background_background&quot;:&quot;classic&quot;}\">\n\t\t\t\t<\/div>\n\t\t<div class=\"elementor-element elementor-element-8859ae4 e-con-full e-flex e-con e-child\" data-id=\"8859ae4\" data-element_type=\"container\" data-e-type=\"container\">\n\t\t\t\t<div class=\"elementor-element elementor-element-ff21c4f elementor-widget elementor-widget-heading\" data-id=\"ff21c4f\" data-element_type=\"widget\" data-e-type=\"widget\" data-widget_type=\"heading.default\">\n\t\t\t\t\t<h3 class=\"elementor-heading-title elementor-size-default\">Las compa\u00f1\u00edas de seguros emplean varios m\u00e9todos para denegar tu reclamaci\u00f3n o minimizarla<\/h3>\t\t\t\t<\/div>\n\t\t\t\t<div class=\"elementor-element elementor-element-d788522 elementor-widget elementor-widget-text-editor\" data-id=\"d788522\" data-element_type=\"widget\" data-e-type=\"widget\" data-widget_type=\"text-editor.default\">\n\t\t\t\t\t\t\t\t\t<p>Las compa\u00f1\u00edas de seguros de accidentes de trabajo emplean diversos m\u00e9todos para denegar tu reclamaci\u00f3n o minimizar las prestaciones indemnizatorias a las que tienes derecho. Nuestro equipo conoce todas estas t\u00e1cticas y no dejar\u00e1 que sus m\u00e9todos funcionen para negarte la indemnizaci\u00f3n que te corresponde y mereces.<\/p>\t\t\t\t\t\t\t\t<\/div>\n\t\t\t\t<\/div>\n\t\t\t\t\t<\/div>\n\t\t\t\t<\/div>\n\t\t<div class=\"elementor-element elementor-element-06661b2 e-flex e-con-boxed e-con e-child\" data-id=\"06661b2\" data-element_type=\"container\" data-e-type=\"container\">\n\t\t\t\t\t<div class=\"e-con-inner\">\n\t\t<div class=\"elementor-element elementor-element-b5e3872 e-con-full e-flex e-con e-child\" data-id=\"b5e3872\" data-element_type=\"container\" data-e-type=\"container\">\n\t\t\t\t<div class=\"elementor-element elementor-element-7f5247d elementor-widget elementor-widget-heading\" data-id=\"7f5247d\" data-element_type=\"widget\" data-e-type=\"widget\" data-widget_type=\"heading.default\">\n\t\t\t\t\t<h3 class=\"elementor-heading-title elementor-size-default\">Estamos ansiosos por ayudarte a conseguir la atenci\u00f3n y la ayuda que mereces<\/h3>\t\t\t\t<\/div>\n\t\t\t\t<div class=\"elementor-element elementor-element-48f3c50 elementor-widget elementor-widget-text-editor\" data-id=\"48f3c50\" data-element_type=\"widget\" data-e-type=\"widget\" data-widget_type=\"text-editor.default\">\n\t\t\t\t\t\t\t\t\t<p>En nuestro bufete, trabajamos caso por caso. Revisamos personal y meticulosamente cada expediente y mantenemos informado al cliente en cada paso del proceso. El Bufete Berl\u00edn se dise\u00f1\u00f3 con la intenci\u00f3n de escuchar tus preocupaciones y preguntas, y estamos deseosos de ayudarte a obtener la atenci\u00f3n y la ayuda que mereces. Como resultado, nos encontramos entre los abogados de indemnizaci\u00f3n por accidente laboral mejor considerados de Florida.<\/p>\t\t\t\t\t\t\t\t<\/div>\n\t\t\t\t<\/div>\n\t\t<div class=\"elementor-element elementor-element-214cf93 e-con-full e-flex e-con e-child\" data-id=\"214cf93\" data-element_type=\"container\" data-e-type=\"container\" data-settings=\"{&quot;background_background&quot;:&quot;classic&quot;}\">\n\t\t\t\t<\/div>\n\t\t\t\t\t<\/div>\n\t\t\t\t<\/div>\n\t\t\t\t\t<\/div>\n\t\t\t\t<\/div>\n\t\t<div class=\"elementor-element elementor-element-410fe5d e-flex e-con-boxed e-con e-parent\" data-id=\"410fe5d\" data-element_type=\"container\" data-e-type=\"container\">\n\t\t\t\t\t<div class=\"e-con-inner\">\n\t\t\t\t<div class=\"elementor-element elementor-element-0f440dd elementor-widget elementor-widget-heading\" data-id=\"0f440dd\" data-element_type=\"widget\" data-e-type=\"widget\" data-widget_type=\"heading.default\">\n\t\t\t\t\t<span class=\"elementor-heading-title elementor-size-default\">Conoce a todo el equipo<\/span>\t\t\t\t<\/div>\n\t\t\t\t<div class=\"elementor-element elementor-element-9a48008 elementor-widget-divider--view-line elementor-widget elementor-widget-divider\" data-id=\"9a48008\" data-element_type=\"widget\" data-e-type=\"widget\" data-widget_type=\"divider.default\">\n\t\t\t\t\t\t\t<div class=\"elementor-divider\">\n\t\t\t<span class=\"elementor-divider-separator\">\n\t\t\t\t\t\t<\/span>\n\t\t<\/div>\n\t\t\t\t\t\t<\/div>\n\t\t\t\t<div class=\"elementor-element elementor-element-e5fbf3c elementor-widget elementor-widget-heading\" data-id=\"e5fbf3c\" data-element_type=\"widget\" data-e-type=\"widget\" data-widget_type=\"heading.default\">\n\t\t\t\t\t<h2 class=\"elementor-heading-title elementor-size-default\">Conoce a tu familia ampliada<\/h2>\t\t\t\t<\/div>\n\t\t<div class=\"elementor-element elementor-element-b49983c e-flex e-con-boxed e-con e-child\" data-id=\"b49983c\" data-element_type=\"container\" data-e-type=\"container\" data-settings=\"{&quot;background_background&quot;:&quot;classic&quot;}\">\n\t\t\t\t\t<div class=\"e-con-inner\">\n\t\t<div class=\"elementor-element elementor-element-3a857f3 e-flex e-con-boxed e-con e-child\" data-id=\"3a857f3\" data-element_type=\"container\" data-e-type=\"container\" data-settings=\"{&quot;background_background&quot;:&quot;classic&quot;}\">\n\t\t\t\t\t<div class=\"e-con-inner\">\n\t\t\t\t\t<\/div>\n\t\t\t\t<\/div>\n\t\t<div class=\"elementor-element elementor-element-0dfe5dd e-con-full e-flex e-con e-child\" data-id=\"0dfe5dd\" data-element_type=\"container\" data-e-type=\"container\">\n\t\t\t\t<div class=\"elementor-element elementor-element-9e5d6a1 elementor-widget elementor-widget-heading\" data-id=\"9e5d6a1\" data-element_type=\"widget\" data-e-type=\"widget\" data-widget_type=\"heading.default\">\n\t\t\t\t\t<h4 class=\"elementor-heading-title elementor-size-default\">Nuestro objetivo es difundir la verdad, tu verdad. Ponte en contacto con nosotros para hablar de tus opciones.<\/h4>\t\t\t\t<\/div>\n\t\t<div class=\"elementor-element elementor-element-46270f4 e-con-full e-flex e-con e-child\" data-id=\"46270f4\" data-element_type=\"container\" data-e-type=\"container\">\n\t\t\t\t<div class=\"elementor-element elementor-element-45d68ea elementor-widget elementor-widget-button\" data-id=\"45d68ea\" data-element_type=\"widget\" data-e-type=\"widget\" data-widget_type=\"button.default\">\n\t\t\t\t\t\t\t\t\t\t<a class=\"elementor-button elementor-button-link elementor-size-sm elementor-animation-grow\" href=\"https:\/\/berlinlawfirm.com\/our-attorneys\/\">\n\t\t\t\t\t\t<span class=\"elementor-button-content-wrapper\">\n\t\t\t\t\t\t\t\t\t<span class=\"elementor-button-text\">Conoce a nuestros abogados<\/span>\n\t\t\t\t\t<\/span>\n\t\t\t\t\t<\/a>\n\t\t\t\t\t\t\t\t<\/div>\n\t\t\t\t<div class=\"elementor-element elementor-element-843e2b8 elementor-mobile-align-center elementor-widget elementor-widget-button\" data-id=\"843e2b8\" data-element_type=\"widget\" data-e-type=\"widget\" data-widget_type=\"button.default\">\n\t\t\t\t\t\t\t\t\t\t<a class=\"elementor-button elementor-button-link elementor-size-sm elementor-animation-grow\" href=\"https:\/\/berlinlawfirm.com\/our-staff\/\">\n\t\t\t\t\t\t<span class=\"elementor-button-content-wrapper\">\n\t\t\t\t\t\t\t\t\t<span class=\"elementor-button-text\">Conoce a nuestro personal<\/span>\n\t\t\t\t\t<\/span>\n\t\t\t\t\t<\/a>\n\t\t\t\t\t\t\t\t<\/div>\n\t\t\t\t<\/div>\n\t\t\t\t<\/div>\n\t\t\t\t\t<\/div>\n\t\t\t\t<\/div>\n\t\t\t\t\t<\/div>\n\t\t\t\t<\/div>\n\t\t\t\t<\/div>\n\t\t","protected":false},"excerpt":{"rendered":"<p>Toda persona tiene una historia si alguien se toma el tiempo de escucharla. Stephen Berlin, Abogado Abogado director Bienvenido a Bufete Berl\u00edn [Empezamos este bufete con la intenci\u00f3n de decir la verdad, tu verdad. Toda persona tiene una historia si alguien se toma el tiempo de escucharla. Hay muchos abogados a los que s\u00f3lo les [&hellip;]<\/p>\n","protected":false},"author":18,"featured_media":0,"parent":0,"menu_order":0,"comment_status":"closed","ping_status":"closed","template":"","meta":{"_acf_changed":false,"footnotes":""},"class_list":["post-16113","page","type-page","status-publish","hentry"],"acf":[],"yoast_head":"<!-- This site is optimized with the Yoast SEO plugin v27.4 - https:\/\/yoast.com\/product\/yoast-seo-wordpress\/ -->\n<title>Bufete Berl\u00edn | Abogados con experiencia en Indemnizaci\u00f3n Laboral<\/title>\n<meta name=\"description\" content=\"El bufete de abogados Berlin es uno de los m\u00e1s prestigiosos de Florida en materia de indemnizaci\u00f3n por accidente laboral. Deja que te ayudemos con tu reclamaci\u00f3n hoy mismo.\" \/>\n<meta name=\"robots\" content=\"index, follow, max-snippet:-1, max-image-preview:large, max-video-preview:-1\" \/>\n<link rel=\"canonical\" href=\"https:\/\/berlinlawfirm.com\/es\/sobre-nosotros\/\" \/>\n<meta property=\"og:locale\" content=\"es_ES\" \/>\n<meta property=\"og:type\" content=\"article\" \/>\n<meta property=\"og:title\" content=\"Bufete Berl\u00edn | Abogados con experiencia en Indemnizaci\u00f3n Laboral\" \/>\n<meta property=\"og:description\" content=\"El bufete de abogados Berlin es uno de los m\u00e1s prestigiosos de Florida en materia de indemnizaci\u00f3n por accidente laboral. Deja que te ayudemos con tu reclamaci\u00f3n hoy mismo.\" \/>\n<meta property=\"og:url\" content=\"https:\/\/berlinlawfirm.com\/es\/sobre-nosotros\/\" \/>\n<meta property=\"og:site_name\" content=\"Berlin Law Firm\" \/>\n<meta property=\"article:publisher\" content=\"https:\/\/www.facebook.com\/berlinlawfirm\" \/>\n<meta property=\"article:modified_time\" content=\"2026-01-23T20:52:27+00:00\" \/>\n<meta property=\"og:image\" content=\"https:\/\/berlinlawfirm.com\/wp-content\/uploads\/2024\/04\/berlin.png\" \/>\n\t<meta property=\"og:image:width\" content=\"960\" \/>\n\t<meta property=\"og:image:height\" content=\"960\" \/>\n\t<meta property=\"og:image:type\" content=\"image\/png\" \/>\n<meta name=\"twitter:card\" content=\"summary_large_image\" \/>\n<script type=\"application\/ld+json\" class=\"yoast-schema-graph\">{\"@context\":\"https:\\\/\\\/schema.org\",\"@graph\":[{\"@type\":\"WebPage\",\"@id\":\"https:\\\/\\\/berlinlawfirm.com\\\/es\\\/sobre-nosotros\\\/\",\"url\":\"https:\\\/\\\/berlinlawfirm.com\\\/es\\\/sobre-nosotros\\\/\",\"name\":\"Bufete Berl\u00edn | Abogados con experiencia en Indemnizaci\u00f3n Laboral\",\"isPartOf\":{\"@id\":\"https:\\\/\\\/berlinlawfirm.com\\\/es\\\/#website\"},\"primaryImageOfPage\":{\"@id\":\"https:\\\/\\\/berlinlawfirm.com\\\/es\\\/sobre-nosotros\\\/#primaryimage\"},\"image\":{\"@id\":\"https:\\\/\\\/berlinlawfirm.com\\\/es\\\/sobre-nosotros\\\/#primaryimage\"},\"thumbnailUrl\":\"https:\\\/\\\/berlinlawfirm.com\\\/wp-content\\\/uploads\\\/2024\\\/03\\\/left-quotes.svg\",\"datePublished\":\"2024-03-20T20:44:40+00:00\",\"dateModified\":\"2026-01-23T20:52:27+00:00\",\"description\":\"El bufete de abogados Berlin es uno de los m\u00e1s prestigiosos de Florida en materia de indemnizaci\u00f3n por accidente laboral. Deja que te ayudemos con tu reclamaci\u00f3n hoy mismo.\",\"breadcrumb\":{\"@id\":\"https:\\\/\\\/berlinlawfirm.com\\\/es\\\/sobre-nosotros\\\/#breadcrumb\"},\"inLanguage\":\"es\",\"potentialAction\":[{\"@type\":\"ReadAction\",\"target\":[\"https:\\\/\\\/berlinlawfirm.com\\\/es\\\/sobre-nosotros\\\/\"]}]},{\"@type\":\"ImageObject\",\"inLanguage\":\"es\",\"@id\":\"https:\\\/\\\/berlinlawfirm.com\\\/es\\\/sobre-nosotros\\\/#primaryimage\",\"url\":\"https:\\\/\\\/berlinlawfirm.com\\\/wp-content\\\/uploads\\\/2024\\\/03\\\/left-quotes.svg\",\"contentUrl\":\"https:\\\/\\\/berlinlawfirm.com\\\/wp-content\\\/uploads\\\/2024\\\/03\\\/left-quotes.svg\"},{\"@type\":\"BreadcrumbList\",\"@id\":\"https:\\\/\\\/berlinlawfirm.com\\\/es\\\/sobre-nosotros\\\/#breadcrumb\",\"itemListElement\":[{\"@type\":\"ListItem\",\"position\":1,\"name\":\"Home\",\"item\":\"https:\\\/\\\/berlinlawfirm.com\\\/es\\\/\"},{\"@type\":\"ListItem\",\"position\":2,\"name\":\"Sobre nosotros\"}]},{\"@type\":\"WebSite\",\"@id\":\"https:\\\/\\\/berlinlawfirm.com\\\/es\\\/#website\",\"url\":\"https:\\\/\\\/berlinlawfirm.com\\\/es\\\/\",\"name\":\"Berlin Law Firm\",\"description\":\"Workers&#039; Compensation Lawyers\",\"publisher\":{\"@id\":\"https:\\\/\\\/berlinlawfirm.com\\\/es\\\/#organization\"},\"potentialAction\":[{\"@type\":\"SearchAction\",\"target\":{\"@type\":\"EntryPoint\",\"urlTemplate\":\"https:\\\/\\\/berlinlawfirm.com\\\/es\\\/?s={search_term_string}\"},\"query-input\":{\"@type\":\"PropertyValueSpecification\",\"valueRequired\":true,\"valueName\":\"search_term_string\"}}],\"inLanguage\":\"es\"},{\"@type\":\"Organization\",\"@id\":\"https:\\\/\\\/berlinlawfirm.com\\\/es\\\/#organization\",\"name\":\"Berlin Law Firm\",\"url\":\"https:\\\/\\\/berlinlawfirm.com\\\/es\\\/\",\"logo\":{\"@type\":\"ImageObject\",\"inLanguage\":\"es\",\"@id\":\"https:\\\/\\\/berlinlawfirm.com\\\/es\\\/#\\\/schema\\\/logo\\\/image\\\/\",\"url\":\"https:\\\/\\\/berlinlawfirm.com\\\/wp-content\\\/uploads\\\/2022\\\/10\\\/berlin-law-icon.png\",\"contentUrl\":\"https:\\\/\\\/berlinlawfirm.com\\\/wp-content\\\/uploads\\\/2022\\\/10\\\/berlin-law-icon.png\",\"width\":136,\"height\":150,\"caption\":\"Berlin Law Firm\"},\"image\":{\"@id\":\"https:\\\/\\\/berlinlawfirm.com\\\/es\\\/#\\\/schema\\\/logo\\\/image\\\/\"},\"sameAs\":[\"https:\\\/\\\/www.facebook.com\\\/berlinlawfirm\",\"https:\\\/\\\/www.instagram.com\\\/berlinlawfirm\\\/\",\"https:\\\/\\\/www.linkedin.com\\\/in\\\/berlin-law-firm-364702128\"]}]}<\/script>\n<!-- \/ Yoast SEO plugin. -->","yoast_head_json":{"title":"Bufete Berl\u00edn | Abogados con experiencia en Indemnizaci\u00f3n Laboral","description":"El bufete de abogados Berlin es uno de los m\u00e1s prestigiosos de Florida en materia de indemnizaci\u00f3n por accidente laboral. Deja que te ayudemos con tu reclamaci\u00f3n hoy mismo.","robots":{"index":"index","follow":"follow","max-snippet":"max-snippet:-1","max-image-preview":"max-image-preview:large","max-video-preview":"max-video-preview:-1"},"canonical":"https:\/\/berlinlawfirm.com\/es\/sobre-nosotros\/","og_locale":"es_ES","og_type":"article","og_title":"Bufete Berl\u00edn | Abogados con experiencia en Indemnizaci\u00f3n Laboral","og_description":"El bufete de abogados Berlin es uno de los m\u00e1s prestigiosos de Florida en materia de indemnizaci\u00f3n por accidente laboral. Deja que te ayudemos con tu reclamaci\u00f3n hoy mismo.","og_url":"https:\/\/berlinlawfirm.com\/es\/sobre-nosotros\/","og_site_name":"Berlin Law Firm","article_publisher":"https:\/\/www.facebook.com\/berlinlawfirm","article_modified_time":"2026-01-23T20:52:27+00:00","og_image":[{"width":960,"height":960,"url":"https:\/\/berlinlawfirm.com\/wp-content\/uploads\/2024\/04\/berlin.png","type":"image\/png"}],"twitter_card":"summary_large_image","schema":{"@context":"https:\/\/schema.org","@graph":[{"@type":"WebPage","@id":"https:\/\/berlinlawfirm.com\/es\/sobre-nosotros\/","url":"https:\/\/berlinlawfirm.com\/es\/sobre-nosotros\/","name":"Bufete Berl\u00edn | Abogados con experiencia en Indemnizaci\u00f3n Laboral","isPartOf":{"@id":"https:\/\/berlinlawfirm.com\/es\/#website"},"primaryImageOfPage":{"@id":"https:\/\/berlinlawfirm.com\/es\/sobre-nosotros\/#primaryimage"},"image":{"@id":"https:\/\/berlinlawfirm.com\/es\/sobre-nosotros\/#primaryimage"},"thumbnailUrl":"https:\/\/berlinlawfirm.com\/wp-content\/uploads\/2024\/03\/left-quotes.svg","datePublished":"2024-03-20T20:44:40+00:00","dateModified":"2026-01-23T20:52:27+00:00","description":"El bufete de abogados Berlin es uno de los m\u00e1s prestigiosos de Florida en materia de indemnizaci\u00f3n por accidente laboral. Deja que te ayudemos con tu reclamaci\u00f3n hoy mismo.","breadcrumb":{"@id":"https:\/\/berlinlawfirm.com\/es\/sobre-nosotros\/#breadcrumb"},"inLanguage":"es","potentialAction":[{"@type":"ReadAction","target":["https:\/\/berlinlawfirm.com\/es\/sobre-nosotros\/"]}]},{"@type":"ImageObject","inLanguage":"es","@id":"https:\/\/berlinlawfirm.com\/es\/sobre-nosotros\/#primaryimage","url":"https:\/\/berlinlawfirm.com\/wp-content\/uploads\/2024\/03\/left-quotes.svg","contentUrl":"https:\/\/berlinlawfirm.com\/wp-content\/uploads\/2024\/03\/left-quotes.svg"},{"@type":"BreadcrumbList","@id":"https:\/\/berlinlawfirm.com\/es\/sobre-nosotros\/#breadcrumb","itemListElement":[{"@type":"ListItem","position":1,"name":"Home","item":"https:\/\/berlinlawfirm.com\/es\/"},{"@type":"ListItem","position":2,"name":"Sobre nosotros"}]},{"@type":"WebSite","@id":"https:\/\/berlinlawfirm.com\/es\/#website","url":"https:\/\/berlinlawfirm.com\/es\/","name":"Berlin Law Firm","description":"Workers&#039; Compensation Lawyers","publisher":{"@id":"https:\/\/berlinlawfirm.com\/es\/#organization"},"potentialAction":[{"@type":"SearchAction","target":{"@type":"EntryPoint","urlTemplate":"https:\/\/berlinlawfirm.com\/es\/?s={search_term_string}"},"query-input":{"@type":"PropertyValueSpecification","valueRequired":true,"valueName":"search_term_string"}}],"inLanguage":"es"},{"@type":"Organization","@id":"https:\/\/berlinlawfirm.com\/es\/#organization","name":"Berlin Law Firm","url":"https:\/\/berlinlawfirm.com\/es\/","logo":{"@type":"ImageObject","inLanguage":"es","@id":"https:\/\/berlinlawfirm.com\/es\/#\/schema\/logo\/image\/","url":"https:\/\/berlinlawfirm.com\/wp-content\/uploads\/2022\/10\/berlin-law-icon.png","contentUrl":"https:\/\/berlinlawfirm.com\/wp-content\/uploads\/2022\/10\/berlin-law-icon.png","width":136,"height":150,"caption":"Berlin Law Firm"},"image":{"@id":"https:\/\/berlinlawfirm.com\/es\/#\/schema\/logo\/image\/"},"sameAs":["https:\/\/www.facebook.com\/berlinlawfirm","https:\/\/www.instagram.com\/berlinlawfirm\/","https:\/\/www.linkedin.com\/in\/berlin-law-firm-364702128"]}]}},"_links":{"self":[{"href":"https:\/\/berlinlawfirm.com\/es\/wp-json\/wp\/v2\/pages\/16113","targetHints":{"allow":["GET"]}}],"collection":[{"href":"https:\/\/berlinlawfirm.com\/es\/wp-json\/wp\/v2\/pages"}],"about":[{"href":"https:\/\/berlinlawfirm.com\/es\/wp-json\/wp\/v2\/types\/page"}],"author":[{"embeddable":true,"href":"https:\/\/berlinlawfirm.com\/es\/wp-json\/wp\/v2\/users\/18"}],"replies":[{"embeddable":true,"href":"https:\/\/berlinlawfirm.com\/es\/wp-json\/wp\/v2\/comments?post=16113"}],"version-history":[{"count":19,"href":"https:\/\/berlinlawfirm.com\/es\/wp-json\/wp\/v2\/pages\/16113\/revisions"}],"predecessor-version":[{"id":18666,"href":"https:\/\/berlinlawfirm.com\/es\/wp-json\/wp\/v2\/pages\/16113\/revisions\/18666"}],"wp:attachment":[{"href":"https:\/\/berlinlawfirm.com\/es\/wp-json\/wp\/v2\/media?parent=16113"}],"curies":[{"name":"wp","href":"https:\/\/api.w.org\/{rel}","templated":true}]}}